{"id":652,"date":"2026-02-05T15:02:03","date_gmt":"2026-02-05T14:02:03","guid":{"rendered":"https:\/\/centresens.com\/?page_id=652"},"modified":"2026-02-05T18:00:39","modified_gmt":"2026-02-05T17:00:39","slug":"massatge-ter-a-vilafranca-del-penedes","status":"publish","type":"page","link":"https:\/\/centresens.com\/es\/massatge-ter-a-vilafranca-del-penedes\/","title":{"rendered":"Massatge TER a Vilafranca del Pened\u00e8s"},"content":{"rendered":"<div data-elementor-type=\"wp-page\" data-elementor-id=\"652\" class=\"elementor elementor-652\" data-elementor-post-type=\"page\">\n\t\t\t\t\t\t<section class=\"elementor-section elementor-top-section elementor-element elementor-element-56ece39 elementor-section-full_width elementor-section-height-default elementor-section-height-default\" data-id=\"56ece39\" data-element_type=\"section\" data-e-type=\"section\" data-settings=\"{&quot;background_background&quot;:&quot;classic&quot;}\">\n\t\t\t\t\t\t\t<div class=\"elementor-background-overlay\"><\/div>\n\t\t\t\t\t\t\t<div class=\"elementor-container elementor-column-gap-default\">\n\t\t\t\t\t<div class=\"elementor-column elementor-col-100 elementor-top-column elementor-element elementor-element-2bdc1ac\" data-id=\"2bdc1ac\" data-element_type=\"column\" data-e-type=\"column\">\n\t\t\t<div class=\"elementor-widget-wrap elementor-element-populated\">\n\t\t\t\t\t\t<div class=\"elementor-element elementor-element-73fc9b1 elementor-widget-mobile__width-initial elementor-widget elementor-widget-heading\" data-id=\"73fc9b1\" data-element_type=\"widget\" data-e-type=\"widget\" data-widget_type=\"heading.default\">\n\t\t\t\t<div class=\"elementor-widget-container\">\n\t\t\t\t\t<h1 class=\"elementor-heading-title elementor-size-default\">Massatge TER a Vilafranca del Pened\u00e8s: <br>\nViatge Interior i Relaxaci\u00f3 Profunda<\/h1>\t\t\t\t<\/div>\n\t\t\t\t<\/div>\n\t\t\t\t<div class=\"elementor-element elementor-element-6cd67ef elementor-widget elementor-widget-spacer\" data-id=\"6cd67ef\" data-element_type=\"widget\" data-e-type=\"widget\" data-widget_type=\"spacer.default\">\n\t\t\t\t<div class=\"elementor-widget-container\">\n\t\t\t\t\t\t\t<div class=\"elementor-spacer\">\n\t\t\t<div class=\"elementor-spacer-inner\"><\/div>\n\t\t<\/div>\n\t\t\t\t\t\t<\/div>\n\t\t\t\t<\/div>\n\t\t\t\t<div class=\"elementor-element elementor-element-96bc0df elementor-align-center elementor-widget elementor-widget-button\" data-id=\"96bc0df\" data-element_type=\"widget\" data-e-type=\"widget\" data-widget_type=\"button.default\">\n\t\t\t\t<div class=\"elementor-widget-container\">\n\t\t\t\t\t\t\t\t\t<div class=\"elementor-button-wrapper\">\n\t\t\t\t\t<a class=\"elementor-button elementor-button-link elementor-size-sm\" href=\"#reservar\">\n\t\t\t\t\t\t<span class=\"elementor-button-content-wrapper\">\n\t\t\t\t\t\t\t\t\t<span class=\"elementor-button-text\">Vull reservar<\/span>\n\t\t\t\t\t<\/span>\n\t\t\t\t\t<\/a>\n\t\t\t\t<\/div>\n\t\t\t\t\t\t\t\t<\/div>\n\t\t\t\t<\/div>\n\t\t\t\t\t<\/div>\n\t\t<\/div>\n\t\t\t\t\t<\/div>\n\t\t<\/section>\n\t\t\t\t<section class=\"elementor-section elementor-top-section elementor-element elementor-element-5063db5 elementor-reverse-tablet elementor-reverse-mobile elementor-section-boxed elementor-section-height-default elementor-section-height-default\" data-id=\"5063db5\" data-element_type=\"section\" data-e-type=\"section\">\n\t\t\t\t\t\t<div class=\"elementor-container elementor-column-gap-default\">\n\t\t\t\t\t<div class=\"elementor-column elementor-col-100 elementor-top-column elementor-element elementor-element-95a1254\" data-id=\"95a1254\" data-element_type=\"column\" data-e-type=\"column\">\n\t\t\t<div class=\"elementor-widget-wrap elementor-element-populated\">\n\t\t\t\t\t\t<div class=\"elementor-element elementor-element-f3dbeda elementor-widget__width-initial elementor-widget elementor-widget-text-editor\" data-id=\"f3dbeda\" data-element_type=\"widget\" data-e-type=\"widget\" data-widget_type=\"text-editor.default\">\n\t\t\t\t<div class=\"elementor-widget-container\">\n\t\t\t\t\t\t\t\t\t<h2><b>Massatge TER a Vilafranca del Pened\u00e8s:<br \/>Viatge Interior i Relaxaci\u00f3 Profunda<br \/><\/b><\/h2><p>El <strong>massatge TER<\/strong> \u00e9s un viatge introspectiu cap al cor del teu \u00e9sser. A <strong>Centre Sens<\/strong>, aquest massatge integral es concep com una experi\u00e8ncia profunda de desconnexi\u00f3 del soroll extern i de reconnexi\u00f3 amb la saviesa interna del cos. En un espai de calma i seguretat, el massatge TER t\u2019acompanya cap a un estat de relaxaci\u00f3 extrema, on la ment es calma i l\u2019esperit es renova.<\/p><h3><b>Qu\u00e8 \u00e9s el massatge TER?<\/b><\/h3><p data-start=\"3812\" data-end=\"4143\">El <strong>massatge TER<\/strong> \u00e9s una t\u00e8cnica integral de tot el cos, completament personalitzada, que combina el massatge corporal amb la reflexoter\u00e0pia i el massatge cranial i facial, tot realitzat amb olis essencials. Aquesta combinaci\u00f3 permet treballar tant el cos f\u00edsic com el sistema nervi\u00f3s i energ\u00e8tic de manera profunda i harmonitzadora.<\/p><p data-start=\"4145\" data-end=\"4365\">A trav\u00e9s del tacte conscient, el cos entra en un estat de descans profund que afavoreix l\u2019autoregulaci\u00f3, la calma mental i la renovaci\u00f3 interna. El <strong>massatge TER<\/strong> \u00e9s una invitaci\u00f3 a deixar-te anar, sentir i simplement ser.<\/p><h3><b>Beneficis del massatge TER<\/b><\/h3><p data-start=\"4399\" data-end=\"4477\">El <strong>massatge TER<\/strong> ofereix beneficis profunds a nivell f\u00edsic, mental i emocional:<\/p><ol data-start=\"4479\" data-end=\"5024\"><li data-start=\"4479\" data-end=\"4578\"><p data-start=\"4481\" data-end=\"4578\"><strong data-start=\"4481\" data-end=\"4524\">Relaxaci\u00f3 profunda del sistema nervi\u00f3s:<\/strong> Ajuda a reduir l\u2019estr\u00e8s intens i l\u2019esgotament mental.<\/p><\/li><li data-start=\"4579\" data-end=\"4711\"><p data-start=\"4581\" data-end=\"4711\"><strong data-start=\"4581\" data-end=\"4619\">Alliberament de la c\u00e0rrega mental:<\/strong> Especialment indicat per a persones amb exc\u00e9s de pensaments o dificultats per desconnectar.<\/p><\/li><li data-start=\"4712\" data-end=\"4829\"><p data-start=\"4714\" data-end=\"4829\"><strong data-start=\"4714\" data-end=\"4746\">Equilibri f\u00edsic i energ\u00e8tic:<\/strong> La reflexoter\u00e0pia ajuda a estimular punts clau que afavoreixen l\u2019harmonia interna.<\/p><\/li><li data-start=\"4830\" data-end=\"4922\"><p data-start=\"4832\" data-end=\"4922\"><strong data-start=\"4832\" data-end=\"4878\">Millora del descans i la qualitat del son:<\/strong> Afavoreix un estat de relaxaci\u00f3 sostinguda.<\/p><\/li><li data-start=\"4923\" data-end=\"5024\"><p data-start=\"4925\" data-end=\"5024\"><strong data-start=\"4925\" data-end=\"4960\">Renovaci\u00f3 emocional i interior:<\/strong> Genera una sensaci\u00f3 de claredat, lleugeresa i benestar profund.<\/p><\/li><\/ol><p>\u00a0<\/p>\t\t\t\t\t\t\t\t<\/div>\n\t\t\t\t<\/div>\n\t\t\t\t<div class=\"elementor-element elementor-element-b145d52 elementor-widget elementor-widget-spacer\" data-id=\"b145d52\" data-element_type=\"widget\" data-e-type=\"widget\" data-widget_type=\"spacer.default\">\n\t\t\t\t<div class=\"elementor-widget-container\">\n\t\t\t\t\t\t\t<div class=\"elementor-spacer\">\n\t\t\t<div class=\"elementor-spacer-inner\"><\/div>\n\t\t<\/div>\n\t\t\t\t\t\t<\/div>\n\t\t\t\t<\/div>\n\t\t\t\t<div class=\"elementor-element elementor-element-f284388 elementor-widget elementor-widget-image\" data-id=\"f284388\" data-element_type=\"widget\" data-e-type=\"widget\" data-widget_type=\"image.default\">\n\t\t\t\t<div class=\"elementor-widget-container\">\n\t\t\t\t\t\t\t\t\t\t\t\t\t\t\t<img fetchpriority=\"high\" decoding=\"async\" width=\"2560\" height=\"1707\" src=\"https:\/\/centresens.com\/wp-content\/uploads\/2026\/02\/massatge-ter-scaled.jpg\" class=\"attachment-full size-full wp-image-655\" alt=\"\" srcset=\"https:\/\/centresens.com\/wp-content\/uploads\/2026\/02\/massatge-ter-scaled.jpg 2560w, https:\/\/centresens.com\/wp-content\/uploads\/2026\/02\/massatge-ter-300x200.jpg 300w, https:\/\/centresens.com\/wp-content\/uploads\/2026\/02\/massatge-ter-1024x683.jpg 1024w, https:\/\/centresens.com\/wp-content\/uploads\/2026\/02\/massatge-ter-768x512.jpg 768w, https:\/\/centresens.com\/wp-content\/uploads\/2026\/02\/massatge-ter-1536x1024.jpg 1536w, https:\/\/centresens.com\/wp-content\/uploads\/2026\/02\/massatge-ter-2048x1365.jpg 2048w, https:\/\/centresens.com\/wp-content\/uploads\/2026\/02\/massatge-ter-18x12.jpg 18w\" sizes=\"(max-width: 2560px) 100vw, 2560px\" title=\"\">\t\t\t\t\t\t\t\t\t\t\t\t\t\t\t<\/div>\n\t\t\t\t<\/div>\n\t\t\t\t<div class=\"elementor-element elementor-element-62c4d35 elementor-widget elementor-widget-text-editor\" data-id=\"62c4d35\" data-element_type=\"widget\" data-e-type=\"widget\" data-widget_type=\"text-editor.default\">\n\t\t\t\t<div class=\"elementor-widget-container\">\n\t\t\t\t\t\t\t\t\t<h3><b>A qui est\u00e0 dirigit el massatge TER?<\/b><\/h3><p>El <strong>massatge TER<\/strong> \u00e9s ideal per a persones que busquen una experi\u00e8ncia terap\u00e8utica profunda i integradora. \u00c9s especialment recomanable per a aquells que necessiten desconnectar del ritme quotidi\u00e0, calmar la ment i reconnectar amb la seva ess\u00e8ncia.<\/p><h4><b>Quan hauries de provar el massatge TER?<\/b><\/h4><p data-start=\"5402\" data-end=\"5440\">El <strong>massatge TER<\/strong> \u00e9s una opci\u00f3 ideal si:<\/p><ul data-start=\"5442\" data-end=\"5694\"><li data-start=\"5442\" data-end=\"5498\"><p data-start=\"5444\" data-end=\"5498\">Et sents mentalment saturat o emocionalment bloquejat.<\/p><\/li><li data-start=\"5499\" data-end=\"5558\"><p data-start=\"5501\" data-end=\"5558\">Tens dificultats per relaxar-te o descansar profundament.<\/p><\/li><li data-start=\"5559\" data-end=\"5638\"><p data-start=\"5561\" data-end=\"5638\">Vols una experi\u00e8ncia corporal que vagi m\u00e9s enll\u00e0 de la relaxaci\u00f3 superficial.<\/p><\/li><li data-start=\"5639\" data-end=\"5694\"><p data-start=\"5641\" data-end=\"5694\">Necessites un espai de silenci, calma i introspecci\u00f3.<\/p><\/li><\/ul><p data-start=\"5696\" data-end=\"5832\">A <strong>Centre Sens<\/strong>, adaptem cada sessi\u00f3 de <strong>massatge TER<\/strong> a les teves necessitats personals, oferint un espai de respecte, escolta i pres\u00e8ncia.<\/p><h3><b>Reserva la teva sessi\u00f3 de massatge TER<\/b><\/h3><p data-start=\"3050\" data-end=\"3251\">Permet-te un viatge interior que calma el cos, la ment i l\u2019esperit. A <strong>Centre Sens<\/strong>, el <strong>massatge TER<\/strong> \u00e9s una experi\u00e8ncia profunda que et retorna a l\u2019ess\u00e8ncia i t\u2019acompanya cap a un estat de benestar integral.<br \/><br \/><\/p><p><b>Reserva la teva cita aqu\u00ed<\/b><span style=\"font-weight: 400;\"> i comen\u00e7a a cuidar-te d&#8217;una manera m\u00e9s profunda i integradora.<\/span><\/p>\t\t\t\t\t\t\t\t<\/div>\n\t\t\t\t<\/div>\n\t\t\t\t<div class=\"elementor-element elementor-element-b76d2e4 elementor-align-center elementor-widget elementor-widget-button\" data-id=\"b76d2e4\" data-element_type=\"widget\" data-e-type=\"widget\" data-widget_type=\"button.default\">\n\t\t\t\t<div class=\"elementor-widget-container\">\n\t\t\t\t\t\t\t\t\t<div class=\"elementor-button-wrapper\">\n\t\t\t\t\t<a class=\"elementor-button elementor-button-link elementor-size-sm\" href=\"#reservar\">\n\t\t\t\t\t\t<span class=\"elementor-button-content-wrapper\">\n\t\t\t\t\t\t\t\t\t<span class=\"elementor-button-text\">Vull reservar<\/span>\n\t\t\t\t\t<\/span>\n\t\t\t\t\t<\/a>\n\t\t\t\t<\/div>\n\t\t\t\t\t\t\t\t<\/div>\n\t\t\t\t<\/div>\n\t\t\t\t\t<\/div>\n\t\t<\/div>\n\t\t\t\t\t<\/div>\n\t\t<\/section>\n\t\t\t\t<\/div>","protected":false},"excerpt":{"rendered":"<p>Massatge TER a Vilafranca del Pened\u00e8s: Viatge Interior i Relaxaci\u00f3 Profunda Vull reservar Massatge TER a Vilafranca del Pened\u00e8s:Viatge Interior i Relaxaci\u00f3 Profunda El massatge TER \u00e9s un viatge introspectiu cap al cor del teu \u00e9sser. A Centre Sens, aquest massatge integral es concep com una experi\u00e8ncia profunda de desconnexi\u00f3 del soroll extern i de [&hellip;]<\/p>\n","protected":false},"author":2,"featured_media":655,"parent":0,"menu_order":0,"comment_status":"closed","ping_status":"closed","template":"elementor_header_footer","meta":{"footnotes":""},"class_list":["post-652","page","type-page","status-publish","has-post-thumbnail","hentry"],"_links":{"self":[{"href":"https:\/\/centresens.com\/es\/wp-json\/wp\/v2\/pages\/652","targetHints":{"allow":["GET"]}}],"collection":[{"href":"https:\/\/centresens.com\/es\/wp-json\/wp\/v2\/pages"}],"about":[{"href":"https:\/\/centresens.com\/es\/wp-json\/wp\/v2\/types\/page"}],"author":[{"embeddable":true,"href":"https:\/\/centresens.com\/es\/wp-json\/wp\/v2\/users\/2"}],"replies":[{"embeddable":true,"href":"https:\/\/centresens.com\/es\/wp-json\/wp\/v2\/comments?post=652"}],"version-history":[{"count":4,"href":"https:\/\/centresens.com\/es\/wp-json\/wp\/v2\/pages\/652\/revisions"}],"predecessor-version":[{"id":658,"href":"https:\/\/centresens.com\/es\/wp-json\/wp\/v2\/pages\/652\/revisions\/658"}],"wp:featuredmedia":[{"embeddable":true,"href":"https:\/\/centresens.com\/es\/wp-json\/wp\/v2\/media\/655"}],"wp:attachment":[{"href":"https:\/\/centresens.com\/es\/wp-json\/wp\/v2\/media?parent=652"}],"curies":[{"name":"wp","href":"https:\/\/api.w.org\/{rel}","templated":true}]}}