{"id":631,"date":"2026-02-05T14:15:55","date_gmt":"2026-02-05T13:15:55","guid":{"rendered":"https:\/\/centresens.com\/?page_id=631"},"modified":"2026-02-05T14:55:25","modified_gmt":"2026-02-05T13:55:25","slug":"massatge-nur-a-vilafranca-del-penedes","status":"publish","type":"page","link":"https:\/\/centresens.com\/es\/massatge-nur-a-vilafranca-del-penedes\/","title":{"rendered":"Massatge NUR a Vilafranca del Pened\u00e8s"},"content":{"rendered":"<div data-elementor-type=\"wp-page\" data-elementor-id=\"631\" class=\"elementor elementor-631\" data-elementor-post-type=\"page\">\n\t\t\t\t\t\t<section class=\"elementor-section elementor-top-section elementor-element elementor-element-56ece39 elementor-section-full_width elementor-section-height-default elementor-section-height-default\" data-id=\"56ece39\" data-element_type=\"section\" data-e-type=\"section\" data-settings=\"{&quot;background_background&quot;:&quot;classic&quot;}\">\n\t\t\t\t\t\t\t<div class=\"elementor-background-overlay\"><\/div>\n\t\t\t\t\t\t\t<div class=\"elementor-container elementor-column-gap-default\">\n\t\t\t\t\t<div class=\"elementor-column elementor-col-100 elementor-top-column elementor-element elementor-element-2bdc1ac\" data-id=\"2bdc1ac\" data-element_type=\"column\" data-e-type=\"column\">\n\t\t\t<div class=\"elementor-widget-wrap elementor-element-populated\">\n\t\t\t\t\t\t<div class=\"elementor-element elementor-element-73fc9b1 elementor-widget-mobile__width-initial elementor-widget elementor-widget-heading\" data-id=\"73fc9b1\" data-element_type=\"widget\" data-e-type=\"widget\" data-widget_type=\"heading.default\">\n\t\t\t\t<div class=\"elementor-widget-container\">\n\t\t\t\t\t<h1 class=\"elementor-heading-title elementor-size-default\">Massatge NUR a Vilafranca del Pened\u00e8s: <br>\nCura i Benestar Integral<\/h1>\t\t\t\t<\/div>\n\t\t\t\t<\/div>\n\t\t\t\t<div class=\"elementor-element elementor-element-6cd67ef elementor-widget elementor-widget-spacer\" data-id=\"6cd67ef\" data-element_type=\"widget\" data-e-type=\"widget\" data-widget_type=\"spacer.default\">\n\t\t\t\t<div class=\"elementor-widget-container\">\n\t\t\t\t\t\t\t<div class=\"elementor-spacer\">\n\t\t\t<div class=\"elementor-spacer-inner\"><\/div>\n\t\t<\/div>\n\t\t\t\t\t\t<\/div>\n\t\t\t\t<\/div>\n\t\t\t\t<div class=\"elementor-element elementor-element-96bc0df elementor-align-center elementor-widget elementor-widget-button\" data-id=\"96bc0df\" data-element_type=\"widget\" data-e-type=\"widget\" data-widget_type=\"button.default\">\n\t\t\t\t<div class=\"elementor-widget-container\">\n\t\t\t\t\t\t\t\t\t<div class=\"elementor-button-wrapper\">\n\t\t\t\t\t<a class=\"elementor-button elementor-button-link elementor-size-sm\" href=\"#reservar\">\n\t\t\t\t\t\t<span class=\"elementor-button-content-wrapper\">\n\t\t\t\t\t\t\t\t\t<span class=\"elementor-button-text\">Vull reservar<\/span>\n\t\t\t\t\t<\/span>\n\t\t\t\t\t<\/a>\n\t\t\t\t<\/div>\n\t\t\t\t\t\t\t\t<\/div>\n\t\t\t\t<\/div>\n\t\t\t\t\t<\/div>\n\t\t<\/div>\n\t\t\t\t\t<\/div>\n\t\t<\/section>\n\t\t\t\t<section class=\"elementor-section elementor-top-section elementor-element elementor-element-5063db5 elementor-reverse-tablet elementor-reverse-mobile elementor-section-boxed elementor-section-height-default elementor-section-height-default\" data-id=\"5063db5\" data-element_type=\"section\" data-e-type=\"section\">\n\t\t\t\t\t\t<div class=\"elementor-container elementor-column-gap-default\">\n\t\t\t\t\t<div class=\"elementor-column elementor-col-100 elementor-top-column elementor-element elementor-element-95a1254\" data-id=\"95a1254\" data-element_type=\"column\" data-e-type=\"column\">\n\t\t\t<div class=\"elementor-widget-wrap elementor-element-populated\">\n\t\t\t\t\t\t<div class=\"elementor-element elementor-element-f3dbeda elementor-widget__width-initial elementor-widget elementor-widget-text-editor\" data-id=\"f3dbeda\" data-element_type=\"widget\" data-e-type=\"widget\" data-widget_type=\"text-editor.default\">\n\t\t\t\t<div class=\"elementor-widget-container\">\n\t\t\t\t\t\t\t\t\t<h2><b>Massatge NUR a Vilafranca del Pened\u00e8s:<br \/>Cura i Benestar Integral<\/b><\/h2><p><br \/>El <strong>massatge NUR<\/strong> \u00e9s molt m\u00e9s que una t\u00e8cnica corporal: \u00e9s un ritual de cura profunda, pres\u00e8ncia i amor cap al cos i l\u2019\u00e0nima. A <strong>Centre Sens<\/strong>, aquest massatge integral s\u2019ofereix com un espai segur i acollidor on baixar el ritme, respirar i reconnectar amb tu mateix. La seva energia c\u00e0lida, maternal i suau et convida a deixar anar tensions i a entrar en un estat de calma profunda, des del respecte i l\u2019escolta del cos.<\/p><h3><b>Qu\u00e8 \u00e9s el massatge NUR?<\/b><\/h3><p data-start=\"892\" data-end=\"1236\">El <strong>massatge NUR<\/strong> \u00e9s un massatge integral de tot el cos, completament personalitzat, que es realitza amb olis essencials seleccionats amb sensibilitat segons cada persona i cada moment vital. Aquesta t\u00e8cnica parteix del tacte conscient i amor\u00f3s, entenent el cos com una unitat on el pla f\u00edsic, emocional i energ\u00e8tic estan profundament connectats.<\/p><p data-start=\"1238\" data-end=\"1505\">Cada moviment \u00e9s lent, present i intencionat, pensat per alliberar tensions, calmar la ment i retornar-te a un estat natural d\u2019equilibri. El massatge NUR \u00e9s un viatge suau cap al descans, l\u2019harmonia i el benestar m\u00e9s aut\u00e8ntic, on el cos se sent sostingut i respectat.<\/p><p>\u00a0<\/p><h3><b>Beneficis del massatge NUR<\/b><\/h3><p data-start=\"1539\" data-end=\"1625\">El <strong>massatge NUR<\/strong> \u00e9s una experi\u00e8ncia de benestar profund que aporta m\u00faltiples beneficis:<\/p><ol data-start=\"1627\" data-end=\"2200\"><li data-start=\"1627\" data-end=\"1747\"><p data-start=\"1629\" data-end=\"1747\"><strong data-start=\"1629\" data-end=\"1664\">Relaxaci\u00f3 profunda i conscient:<\/strong> Ajuda a reduir l\u2019estr\u00e8s f\u00edsic i emocional, afavorint un estat de calma sostinguda.<\/p><\/li><li data-start=\"1748\" data-end=\"1880\"><p data-start=\"1750\" data-end=\"1880\"><strong data-start=\"1750\" data-end=\"1780\">Connexi\u00f3 amb el propi cos:<\/strong> El tacte suau i present facilita una escolta interna m\u00e9s profunda i una major consci\u00e8ncia corporal.<\/p><\/li><li data-start=\"1881\" data-end=\"2004\"><p data-start=\"1883\" data-end=\"2004\"><strong data-start=\"1883\" data-end=\"1934\">Alliberament de tensions f\u00edsiques i emocionals:<\/strong> Els moviments lents permeten desbloquejar tensions acumulades al cos.<\/p><\/li><li data-start=\"2005\" data-end=\"2099\"><p data-start=\"2007\" data-end=\"2099\"><strong data-start=\"2007\" data-end=\"2031\">Equilibri emocional:<\/strong> L\u2019\u00fas d\u2019olis essencials contribueix a harmonitzar l\u2019estat emocional.<\/p><\/li><li data-start=\"2100\" data-end=\"2200\"><p data-start=\"2102\" data-end=\"2200\"><strong data-start=\"2102\" data-end=\"2135\">Sensaci\u00f3 de cura i contenci\u00f3:<\/strong> Genera una profunda sensaci\u00f3 d\u2019acolliment, seguretat i benestar.<\/p><\/li><\/ol>\t\t\t\t\t\t\t\t<\/div>\n\t\t\t\t<\/div>\n\t\t\t\t<div class=\"elementor-element elementor-element-b145d52 elementor-widget elementor-widget-spacer\" data-id=\"b145d52\" data-element_type=\"widget\" data-e-type=\"widget\" data-widget_type=\"spacer.default\">\n\t\t\t\t<div class=\"elementor-widget-container\">\n\t\t\t\t\t\t\t<div class=\"elementor-spacer\">\n\t\t\t<div class=\"elementor-spacer-inner\"><\/div>\n\t\t<\/div>\n\t\t\t\t\t\t<\/div>\n\t\t\t\t<\/div>\n\t\t\t\t<div class=\"elementor-element elementor-element-f284388 elementor-widget elementor-widget-image\" data-id=\"f284388\" data-element_type=\"widget\" data-e-type=\"widget\" data-widget_type=\"image.default\">\n\t\t\t\t<div class=\"elementor-widget-container\">\n\t\t\t\t\t\t\t\t\t\t\t\t\t\t\t<img fetchpriority=\"high\" decoding=\"async\" width=\"2560\" height=\"1707\" src=\"https:\/\/centresens.com\/wp-content\/uploads\/2026\/02\/deep-pressure-back-massage-relax-balance-scaled.jpg\" class=\"attachment-full size-full wp-image-641\" alt=\"\" srcset=\"https:\/\/centresens.com\/wp-content\/uploads\/2026\/02\/deep-pressure-back-massage-relax-balance-scaled.jpg 2560w, https:\/\/centresens.com\/wp-content\/uploads\/2026\/02\/deep-pressure-back-massage-relax-balance-300x200.jpg 300w, https:\/\/centresens.com\/wp-content\/uploads\/2026\/02\/deep-pressure-back-massage-relax-balance-1024x683.jpg 1024w, https:\/\/centresens.com\/wp-content\/uploads\/2026\/02\/deep-pressure-back-massage-relax-balance-768x512.jpg 768w, https:\/\/centresens.com\/wp-content\/uploads\/2026\/02\/deep-pressure-back-massage-relax-balance-1536x1024.jpg 1536w, https:\/\/centresens.com\/wp-content\/uploads\/2026\/02\/deep-pressure-back-massage-relax-balance-2048x1365.jpg 2048w, https:\/\/centresens.com\/wp-content\/uploads\/2026\/02\/deep-pressure-back-massage-relax-balance-18x12.jpg 18w\" sizes=\"(max-width: 2560px) 100vw, 2560px\" title=\"\">\t\t\t\t\t\t\t\t\t\t\t\t\t\t\t<\/div>\n\t\t\t\t<\/div>\n\t\t\t\t<div class=\"elementor-element elementor-element-62c4d35 elementor-widget elementor-widget-text-editor\" data-id=\"62c4d35\" data-element_type=\"widget\" data-e-type=\"widget\" data-widget_type=\"text-editor.default\">\n\t\t\t\t<div class=\"elementor-widget-container\">\n\t\t\t\t\t\t\t\t\t<h3><b>A qui est\u00e0 dirigit el massatge NUR?<\/b><\/h3><p>El <strong>massatge NUR<\/strong> \u00e9s ideal per a qualsevol persona que busqui una experi\u00e8ncia de cura integral, amorosa i personalitzada. Est\u00e0 especialment indicat per a aquells moments en qu\u00e8 necessites baixar el ritme, sentir-te sostingut i reconnectar amb tu mateix des de la suavitat i la pres\u00e8ncia.<\/p><h4><b>Quan hauries de provar el massatge NUR?<\/b><\/h4><p data-start=\"2619\" data-end=\"2657\">El <strong>massatge NUR<\/strong> \u00e9s una opci\u00f3 ideal si:<\/p><ul data-start=\"2659\" data-end=\"2875\"><li data-start=\"2659\" data-end=\"2703\"><p data-start=\"2661\" data-end=\"2703\">Et sents cansat o emocionalment desbordat.<\/p><\/li><li data-start=\"2704\" data-end=\"2756\"><p data-start=\"2706\" data-end=\"2756\">Necessites un espai de calma, escolta i contenci\u00f3.<\/p><\/li><li data-start=\"2757\" data-end=\"2823\"><p data-start=\"2759\" data-end=\"2823\">Vols reconnectar amb el teu cos d\u2019una manera suau i respectuosa.<\/p><\/li><li data-start=\"2824\" data-end=\"2875\"><p data-start=\"2826\" data-end=\"2875\">Busques un massatge profund que no sigui invasiu.<\/p><\/li><\/ul><p data-start=\"2877\" data-end=\"3004\">A <strong>Centre Sens<\/strong>, adaptem cada sessi\u00f3 de massatge NUR a les teves necessitats personals, creant una experi\u00e8ncia \u00fanica i conscient.<\/p><p>\u00a0<\/p><h3><b>Reserva la teva sessi\u00f3 de massatge NUR<\/b><\/h3><p data-start=\"3050\" data-end=\"3251\">Vols regalar-te un moment de cura profunda i pres\u00e8ncia? A <strong>Centre Sens<\/strong>, el <strong>massatge NUR<\/strong> \u00e9s una invitaci\u00f3 a tornar a tu, a cuidar-te amb amor i a recuperar l\u2019harmonia natural del teu cos i la teva \u00e0nima.<\/p><p><b>Reserva la teva cita aqu\u00ed<\/b><span style=\"font-weight: 400;\"> i comen\u00e7a a cuidar-te d&#8217;una manera m\u00e9s profunda i integradora.<\/span><\/p>\t\t\t\t\t\t\t\t<\/div>\n\t\t\t\t<\/div>\n\t\t\t\t<div class=\"elementor-element elementor-element-b76d2e4 elementor-align-center elementor-widget elementor-widget-button\" data-id=\"b76d2e4\" data-element_type=\"widget\" data-e-type=\"widget\" data-widget_type=\"button.default\">\n\t\t\t\t<div class=\"elementor-widget-container\">\n\t\t\t\t\t\t\t\t\t<div class=\"elementor-button-wrapper\">\n\t\t\t\t\t<a class=\"elementor-button elementor-button-link elementor-size-sm\" href=\"#reservar\">\n\t\t\t\t\t\t<span class=\"elementor-button-content-wrapper\">\n\t\t\t\t\t\t\t\t\t<span class=\"elementor-button-text\">Vull reservar<\/span>\n\t\t\t\t\t<\/span>\n\t\t\t\t\t<\/a>\n\t\t\t\t<\/div>\n\t\t\t\t\t\t\t\t<\/div>\n\t\t\t\t<\/div>\n\t\t\t\t\t<\/div>\n\t\t<\/div>\n\t\t\t\t\t<\/div>\n\t\t<\/section>\n\t\t\t\t<\/div>","protected":false},"excerpt":{"rendered":"<p>Massatge NUR a Vilafranca del Pened\u00e8s: Cura i Benestar Integral Vull reservar Massatge NUR a Vilafranca del Pened\u00e8s:Cura i Benestar Integral El massatge NUR \u00e9s molt m\u00e9s que una t\u00e8cnica corporal: \u00e9s un ritual de cura profunda, pres\u00e8ncia i amor cap al cos i l\u2019\u00e0nima. A Centre Sens, aquest massatge integral s\u2019ofereix com un espai [&hellip;]<\/p>\n","protected":false},"author":2,"featured_media":641,"parent":0,"menu_order":0,"comment_status":"closed","ping_status":"closed","template":"elementor_header_footer","meta":{"footnotes":""},"class_list":["post-631","page","type-page","status-publish","has-post-thumbnail","hentry"],"_links":{"self":[{"href":"https:\/\/centresens.com\/es\/wp-json\/wp\/v2\/pages\/631","targetHints":{"allow":["GET"]}}],"collection":[{"href":"https:\/\/centresens.com\/es\/wp-json\/wp\/v2\/pages"}],"about":[{"href":"https:\/\/centresens.com\/es\/wp-json\/wp\/v2\/types\/page"}],"author":[{"embeddable":true,"href":"https:\/\/centresens.com\/es\/wp-json\/wp\/v2\/users\/2"}],"replies":[{"embeddable":true,"href":"https:\/\/centresens.com\/es\/wp-json\/wp\/v2\/comments?post=631"}],"version-history":[{"count":10,"href":"https:\/\/centresens.com\/es\/wp-json\/wp\/v2\/pages\/631\/revisions"}],"predecessor-version":[{"id":644,"href":"https:\/\/centresens.com\/es\/wp-json\/wp\/v2\/pages\/631\/revisions\/644"}],"wp:featuredmedia":[{"embeddable":true,"href":"https:\/\/centresens.com\/es\/wp-json\/wp\/v2\/media\/641"}],"wp:attachment":[{"href":"https:\/\/centresens.com\/es\/wp-json\/wp\/v2\/media?parent=631"}],"curies":[{"name":"wp","href":"https:\/\/api.w.org\/{rel}","templated":true}]}}