{"id":63,"date":"2024-10-11T14:38:50","date_gmt":"2024-10-11T14:38:50","guid":{"rendered":"https:\/\/centresens.articagency.net\/?page_id=63"},"modified":"2026-03-10T10:04:04","modified_gmt":"2026-03-10T09:04:04","slug":"centre-de-massatges-a-vilafranca-del-penedes","status":"publish","type":"page","link":"https:\/\/centresens.com\/es\/centre-de-massatges-a-vilafranca-del-penedes\/","title":{"rendered":"Centre de Massatges a Vilafranca del Pened\u00e8s"},"content":{"rendered":"<div data-elementor-type=\"wp-page\" data-elementor-id=\"63\" class=\"elementor elementor-63\" data-elementor-post-type=\"page\">\n\t\t\t\t\t\t<section class=\"elementor-section elementor-top-section elementor-element elementor-element-19393a8 elementor-section-boxed elementor-section-height-default elementor-section-height-default\" data-id=\"19393a8\" data-element_type=\"section\" data-e-type=\"section\">\n\t\t\t\t\t\t<div class=\"elementor-container elementor-column-gap-default\">\n\t\t\t\t\t<div class=\"elementor-column elementor-col-100 elementor-top-column elementor-element elementor-element-bcd92fb\" data-id=\"bcd92fb\" data-element_type=\"column\" data-e-type=\"column\">\n\t\t\t<div class=\"elementor-widget-wrap elementor-element-populated\">\n\t\t\t\t\t\t<div class=\"elementor-element elementor-element-70ae59e3 elementor-widget elementor-widget-heading\" data-id=\"70ae59e3\" data-element_type=\"widget\" data-e-type=\"widget\" data-widget_type=\"heading.default\">\n\t\t\t\t<div class=\"elementor-widget-container\">\n\t\t\t\t\t<h1 class=\"elementor-heading-title elementor-size-default\">CENTRE DE MASSATGES A VILAFRANCA DEL PENED\u00c8S<\/h1>\t\t\t\t<\/div>\n\t\t\t\t<\/div>\n\t\t\t\t\t<\/div>\n\t\t<\/div>\n\t\t\t\t\t<\/div>\n\t\t<\/section>\n\t\t\t\t<section class=\"elementor-section elementor-top-section elementor-element elementor-element-675d16b2 elementor-section-boxed elementor-section-height-default elementor-section-height-default\" data-id=\"675d16b2\" data-element_type=\"section\" data-e-type=\"section\" data-settings=\"{&quot;background_background&quot;:&quot;classic&quot;}\">\n\t\t\t\t\t\t<div class=\"elementor-container elementor-column-gap-default\">\n\t\t\t\t\t<div class=\"elementor-column elementor-col-100 elementor-top-column elementor-element elementor-element-13f7acbd\" data-id=\"13f7acbd\" data-element_type=\"column\" data-e-type=\"column\">\n\t\t\t<div class=\"elementor-widget-wrap elementor-element-populated\">\n\t\t\t\t\t\t<div class=\"elementor-element elementor-element-4aaf5f6a elementor-widget elementor-widget-text-editor\" data-id=\"4aaf5f6a\" data-element_type=\"widget\" data-e-type=\"widget\" data-widget_type=\"text-editor.default\">\n\t\t\t\t<div class=\"elementor-widget-container\">\n\t\t\t\t\t\t\t\t\t<p class=\"font-family-alt xs-text-large text-extra-large text-left\"><strong>&#8220;Les persones que venen al nostre Centre Sens cerquen la relaxaci\u00f3, el guariment, la bellesa del seu cos i la serenitat del seu esperit.&#8221;<\/strong><\/p><p>Al\u00a0<strong>Centre Sens<\/strong>\u00a0(amb m\u00e9s de vint anys d&#8217;experi\u00e8ncia) oferim una \u00e0mplia oferta de tractaments de salut natural. Vine a gaudir d&#8217;una experi\u00e8ncia vital per recuperar el reequilibri i la relaxaci\u00f3.<br \/>Fem servir t\u00e8cniques, ter\u00e0pies, tractaments terap\u00e8utics, de bellesa i est\u00e8tica amb productes de primera qualitat.<\/p><p>Ajudem a recuperar l&#8217;harmonia entre el plaer dels sentits i la tranquil\u00b7litat de l&#8217;esperit: a retrobar les forces de la natura i reconquerir el benestar f\u00edsic i mental.<\/p><p>El nostre terapeuta Jordi Oller t&#8217;ajudar\u00e0 a despertar els teus sentits, a connectar amb la natura amb els seus tractaments i massatges inspirats en els or\u00edgens de la vida: terra, algues, sals marines, olis, cacau, textures, m\u00fasiques, olors&#8230; Gaudeix de la seva \u00e0mplia formaci\u00f3 i del seguiment personalitzat de tots els pacients:<\/p><p><strong>Cursos:<\/strong><br \/>1998 Quiromassatgista (metode M.D.F. amb el doctor Ferr\u00e0ndiz Santiveri)<br \/>1999 Quiromassatgista esportiu (INEF) (pr\u00e0ctiques al Club Nataci\u00f3 Mediterrani)<br \/>1999-2001 Acupuntura (Centre Heilpraktiker Institut de Barcelona)<br \/>2001-2002 Naturopatia (Centre Helipraktiker Institut de Barcelona)<br \/>2001 Reflexologia podal i manual (Centre Ali-bei)<\/p><p><strong>Seminaris:<\/strong><br \/>1999 Seminari d\u00b4Ito-Termie (Centre de Ter\u00e0pies Japoneses Hideo Asai)<br \/>1999 Seminari de massatge tradicional tailand\u00e8s (Centre Kinatena)<br \/>1999 Seminari de massatge Californi\u00e0 (Centre Kinatena)<br \/>2000 Seminari de Taping-embenat funcional (Centre Arnau)<br \/>2001 Seminari d\u00b4osteopatia espatlla i bra\u00e7 (entre Heilpraktiker Institut de Barcelona)<br \/>2002 Seminari d\u00b4anal\u00edtica aplicada a la Naturopatia (B&amp;B Medical Acupunture)<br \/>Diferents seminaris de Flors de Bach (Centre de Salut l\u00b4Arrel)<\/p><p><strong>Gaudeix de:<\/strong><br \/>Les sensacions del benestar,<br \/>Les sensacions de les olors,<br \/>Les sensacions de relax,<br \/>Descobreix noves sensacions al Centre Sens<br \/>Oblida&#8217;t del dolor !!!<\/p><p><strong>Tamb\u00e9 t&#8217;oferim:<\/strong><br \/>Xecs regal en qualsevol ter\u00e0pia<br \/>Venda de cremes terap\u00e8utiques<br \/>\u00c0mplia zona d\u2019aparcament<br \/>Bonus i descomptes en tractaments<br \/>Despla\u00e7aments a domicili<\/p>\t\t\t\t\t\t\t\t<\/div>\n\t\t\t\t<\/div>\n\t\t\t\t\t<\/div>\n\t\t<\/div>\n\t\t\t\t\t<\/div>\n\t\t<\/section>\n\t\t\t\t<\/div>","protected":false},"excerpt":{"rendered":"<p>CENTRE DE MASSATGES A VILAFRANCA DEL PENED\u00c8S &#8220;Les persones que venen al nostre Centre Sens cerquen la relaxaci\u00f3, el guariment, la bellesa del seu cos i la serenitat del seu esperit.&#8221; Al\u00a0Centre Sens\u00a0(amb m\u00e9s de vint anys d&#8217;experi\u00e8ncia) oferim una \u00e0mplia oferta de tractaments de salut natural. Vine a gaudir d&#8217;una experi\u00e8ncia vital per recuperar [&hellip;]<\/p>","protected":false},"author":2,"featured_media":0,"parent":0,"menu_order":0,"comment_status":"closed","ping_status":"closed","template":"elementor_header_footer","meta":{"footnotes":""},"class_list":["post-63","page","type-page","status-publish","hentry"],"_links":{"self":[{"href":"https:\/\/centresens.com\/es\/wp-json\/wp\/v2\/pages\/63","targetHints":{"allow":["GET"]}}],"collection":[{"href":"https:\/\/centresens.com\/es\/wp-json\/wp\/v2\/pages"}],"about":[{"href":"https:\/\/centresens.com\/es\/wp-json\/wp\/v2\/types\/page"}],"author":[{"embeddable":true,"href":"https:\/\/centresens.com\/es\/wp-json\/wp\/v2\/users\/2"}],"replies":[{"embeddable":true,"href":"https:\/\/centresens.com\/es\/wp-json\/wp\/v2\/comments?post=63"}],"version-history":[{"count":8,"href":"https:\/\/centresens.com\/es\/wp-json\/wp\/v2\/pages\/63\/revisions"}],"predecessor-version":[{"id":683,"href":"https:\/\/centresens.com\/es\/wp-json\/wp\/v2\/pages\/63\/revisions\/683"}],"wp:attachment":[{"href":"https:\/\/centresens.com\/es\/wp-json\/wp\/v2\/media?parent=63"}],"curies":[{"name":"wp","href":"https:\/\/api.w.org\/{rel}","templated":true}]}}