{"id":478,"date":"2024-11-11T12:03:03","date_gmt":"2024-11-11T12:03:03","guid":{"rendered":"https:\/\/centresens.articagency.net\/?page_id=478"},"modified":"2024-11-11T15:03:44","modified_gmt":"2024-11-11T15:03:44","slug":"quiropraxia-a-vilafranca-del-penedes-benestar-a-traves-de-la-columna-vertebral","status":"publish","type":"page","link":"https:\/\/centresens.com\/es\/quiropraxia-a-vilafranca-del-penedes-benestar-a-traves-de-la-columna-vertebral\/","title":{"rendered":"Quiropr\u00e0xia a Vilafranca del Pened\u00e8s: Benestar a trav\u00e9s de la columna vertebral"},"content":{"rendered":"<div data-elementor-type=\"wp-page\" data-elementor-id=\"478\" class=\"elementor elementor-478\" data-elementor-post-type=\"page\">\n\t\t\t\t\t\t<section class=\"elementor-section elementor-top-section elementor-element elementor-element-56ece39 elementor-section-full_width elementor-section-height-default elementor-section-height-default\" data-id=\"56ece39\" data-element_type=\"section\" data-e-type=\"section\">\n\t\t\t\t\t\t\t<div class=\"elementor-background-overlay\"><\/div>\n\t\t\t\t\t\t\t<div class=\"elementor-container elementor-column-gap-default\">\n\t\t\t\t\t<div class=\"elementor-column elementor-col-100 elementor-top-column elementor-element elementor-element-2bdc1ac\" data-id=\"2bdc1ac\" data-element_type=\"column\" data-e-type=\"column\">\n\t\t\t<div class=\"elementor-widget-wrap elementor-element-populated\">\n\t\t\t\t\t\t<div class=\"elementor-element elementor-element-08df0d7 elementor-widget-mobile__width-initial elementor-widget elementor-widget-heading\" data-id=\"08df0d7\" data-element_type=\"widget\" data-e-type=\"widget\" data-widget_type=\"heading.default\">\n\t\t\t\t<div class=\"elementor-widget-container\">\n\t\t\t\t\t<h1 class=\"elementor-heading-title elementor-size-default\">Quiropr\u00e0xia a Vilafranca del Pened\u00e8s: \n <br>\nBenestar a trav\u00e9s de la columna vertebral\n<\/h1>\t\t\t\t<\/div>\n\t\t\t\t<\/div>\n\t\t\t\t<div class=\"elementor-element elementor-element-6cd67ef elementor-widget elementor-widget-spacer\" data-id=\"6cd67ef\" data-element_type=\"widget\" data-e-type=\"widget\" data-widget_type=\"spacer.default\">\n\t\t\t\t<div class=\"elementor-widget-container\">\n\t\t\t\t\t\t\t<div class=\"elementor-spacer\">\n\t\t\t<div class=\"elementor-spacer-inner\"><\/div>\n\t\t<\/div>\n\t\t\t\t\t\t<\/div>\n\t\t\t\t<\/div>\n\t\t\t\t<div class=\"elementor-element elementor-element-96bc0df elementor-align-center elementor-widget elementor-widget-button\" data-id=\"96bc0df\" data-element_type=\"widget\" data-e-type=\"widget\" data-widget_type=\"button.default\">\n\t\t\t\t<div class=\"elementor-widget-container\">\n\t\t\t\t\t\t\t\t\t<div class=\"elementor-button-wrapper\">\n\t\t\t\t\t<a class=\"elementor-button elementor-button-link elementor-size-sm\" href=\"#reservar\">\n\t\t\t\t\t\t<span class=\"elementor-button-content-wrapper\">\n\t\t\t\t\t\t\t\t\t<span class=\"elementor-button-text\">Vull reservar<\/span>\n\t\t\t\t\t<\/span>\n\t\t\t\t\t<\/a>\n\t\t\t\t<\/div>\n\t\t\t\t\t\t\t\t<\/div>\n\t\t\t\t<\/div>\n\t\t\t\t\t<\/div>\n\t\t<\/div>\n\t\t\t\t\t<\/div>\n\t\t<\/section>\n\t\t\t\t<section class=\"elementor-section elementor-top-section elementor-element elementor-element-5063db5 elementor-reverse-tablet elementor-reverse-mobile elementor-section-boxed elementor-section-height-default elementor-section-height-default\" data-id=\"5063db5\" data-element_type=\"section\" data-e-type=\"section\">\n\t\t\t\t\t\t<div class=\"elementor-container elementor-column-gap-default\">\n\t\t\t\t\t<div class=\"elementor-column elementor-col-100 elementor-top-column elementor-element elementor-element-95a1254\" data-id=\"95a1254\" data-element_type=\"column\" data-e-type=\"column\">\n\t\t\t<div class=\"elementor-widget-wrap elementor-element-populated\">\n\t\t\t\t\t\t<div class=\"elementor-element elementor-element-f3dbeda elementor-widget__width-initial elementor-widget elementor-widget-text-editor\" data-id=\"f3dbeda\" data-element_type=\"widget\" data-e-type=\"widget\" data-widget_type=\"text-editor.default\">\n\t\t\t\t<div class=\"elementor-widget-container\">\n\t\t\t\t\t\t\t\t\t<h2><b>Quiropr\u00e0xia a Vilafranca del Pened\u00e8s: Benestar a trav\u00e9s de la columna vertebral<\/b><\/h2><p><span style=\"font-weight: 400;\">A <\/span><b>Centre Sens<\/b><span style=\"font-weight: 400;\">, oferim el tractament de <\/span><b>quiropr\u00e0xia<\/b><span style=\"font-weight: 400;\">, una ter\u00e0pia manual que es centra en la correcci\u00f3 dels trastorns mec\u00e0nics del sistema musculoesquel\u00e8tic, amb especial atenci\u00f3 a la columna vertebral. Aquests trastorns no nom\u00e9s afecten l&#8217;estructura f\u00edsica, sin\u00f3 que poden tenir un impacte directe en la salut general a trav\u00e9s del sistema nervi\u00f3s. La quiropr\u00e0xia treballa per desbloquejar i corregir aquestes alteracions, millorant aix\u00ed el benestar global de la persona.<\/span><\/p><h3><b>Qu\u00e8 \u00e9s la quiropr\u00e0xia?<\/b><\/h3><p><span style=\"font-weight: 400;\">La <\/span><b>quiropr\u00e0xia<\/b><span style=\"font-weight: 400;\"> \u00e9s una ter\u00e0pia no invasiva que es basa en el diagn\u00f2stic i tractament dels problemes mec\u00e0nics del cos, especialment aquells que es manifesten a trav\u00e9s de la columna vertebral. Quan hi ha una alteraci\u00f3 en l\u2019alineaci\u00f3 de la columna o en les articulacions, aquesta pot comprimir o irritar els nervis, afectant el funcionament del sistema nervi\u00f3s i, per tant, el benestar general.<\/span><\/p><p><span style=\"font-weight: 400;\">La principal t\u00e8cnica de la quiropr\u00e0xia consisteix en la manipulaci\u00f3 manual de la columna vertebral, les articulacions i els teixits tous, amb l&#8217;objectiu de corregir desalineacions, reduir el dolor i millorar la mobilitat.<\/span><\/p><h3><b>Beneficis de la quiropr\u00e0xia<\/b><\/h3><p><span style=\"font-weight: 400;\">Els <\/span><b>beneficis de la quiropr\u00e0xia<\/b><span style=\"font-weight: 400;\"> s\u00f3n amplis i es fan notar tant a nivell f\u00edsic com en la millora general del benestar. A <\/span><b>Centre Sens<\/b><span style=\"font-weight: 400;\">, aquest tractament est\u00e0 especialment indicat per a:<\/span><\/p><ol><li style=\"font-weight: 400;\" aria-level=\"1\"><b>Correcci\u00f3 de la postura<\/b><span style=\"font-weight: 400;\">: La quiropr\u00e0xia ajuda a realinear la columna vertebral, millorant la postura i evitant les tensions que poden causar dolors musculars i articulars.<\/span><\/li><li style=\"font-weight: 400;\" aria-level=\"1\"><b>Alleujament del dolor<\/b><span style=\"font-weight: 400;\">: \u00c9s molt efica\u00e7 per tractar el mal d\u2019esquena, el dolor cervical, les lumb\u00e0lgies i altres dolors relacionats amb el sistema musculoesquel\u00e8tic.<\/span><\/li><li style=\"font-weight: 400;\" aria-level=\"1\"><b>Millora de la mobilitat<\/b><span style=\"font-weight: 400;\">: El tractament quiropr\u00e0ctic restableix la flexibilitat i la mobilitat de les articulacions, especialment de la columna vertebral, permetent que el cos funcioni de manera \u00f2ptima.<\/span><\/li><li style=\"font-weight: 400;\" aria-level=\"1\"><b>Impacte positiu en el sistema nervi\u00f3s<\/b><span style=\"font-weight: 400;\">: En corregir els problemes de la columna, la quiropr\u00e0xia allibera pressi\u00f3 sobre els nervis, millorant la seva funci\u00f3 i afavorint un millor estat de salut general.<\/span><\/li><li style=\"font-weight: 400;\" aria-level=\"1\"><b>Prevenci\u00f3 de lesions futures<\/b><span>: La quiropr\u00e0xia no nom\u00e9s tracta el dolor existent, sin\u00f3 que tamb\u00e9 ajuda a prevenir futures lesions mitjan\u00e7ant la millora de l&#8217;alineaci\u00f3 del cos i la funci\u00f3 muscular.<\/span><\/li><\/ol>\t\t\t\t\t\t\t\t<\/div>\n\t\t\t\t<\/div>\n\t\t\t\t<div class=\"elementor-element elementor-element-b145d52 elementor-widget elementor-widget-spacer\" data-id=\"b145d52\" data-element_type=\"widget\" data-e-type=\"widget\" data-widget_type=\"spacer.default\">\n\t\t\t\t<div class=\"elementor-widget-container\">\n\t\t\t\t\t\t\t<div class=\"elementor-spacer\">\n\t\t\t<div class=\"elementor-spacer-inner\"><\/div>\n\t\t<\/div>\n\t\t\t\t\t\t<\/div>\n\t\t\t\t<\/div>\n\t\t\t\t<div class=\"elementor-element elementor-element-f284388 elementor-widget elementor-widget-image\" data-id=\"f284388\" data-element_type=\"widget\" data-e-type=\"widget\" data-widget_type=\"image.default\">\n\t\t\t\t<div class=\"elementor-widget-container\">\n\t\t\t\t\t\t\t\t\t\t\t\t\t\t\t<img fetchpriority=\"high\" decoding=\"async\" width=\"1500\" height=\"800\" src=\"https:\/\/centresens.com\/wp-content\/uploads\/2024\/11\/Quiropraxia-a-Vilafranca-del-Penedes.png\" class=\"attachment-full size-full wp-image-481\" alt=\"Quiropr\u00e0xia a Vilafranca del Pened\u00e8s: Benestar a trav\u00e9s de la columna vertebral\" srcset=\"https:\/\/centresens.com\/wp-content\/uploads\/2024\/11\/Quiropraxia-a-Vilafranca-del-Penedes.png 1500w, https:\/\/centresens.com\/wp-content\/uploads\/2024\/11\/Quiropraxia-a-Vilafranca-del-Penedes-300x160.png 300w, https:\/\/centresens.com\/wp-content\/uploads\/2024\/11\/Quiropraxia-a-Vilafranca-del-Penedes-1024x546.png 1024w, https:\/\/centresens.com\/wp-content\/uploads\/2024\/11\/Quiropraxia-a-Vilafranca-del-Penedes-768x410.png 768w\" sizes=\"(max-width: 1500px) 100vw, 1500px\" title=\"\">\t\t\t\t\t\t\t\t\t\t\t\t\t\t\t<\/div>\n\t\t\t\t<\/div>\n\t\t\t\t<div class=\"elementor-element elementor-element-62c4d35 elementor-widget elementor-widget-text-editor\" data-id=\"62c4d35\" data-element_type=\"widget\" data-e-type=\"widget\" data-widget_type=\"text-editor.default\">\n\t\t\t\t<div class=\"elementor-widget-container\">\n\t\t\t\t\t\t\t\t\t<h3><b>Com funciona una sessi\u00f3 de quiropr\u00e0xia?<\/b><\/h3><p><span style=\"font-weight: 400;\">Cada sessi\u00f3 de <\/span><b>quiropr\u00e0xia<\/b><span style=\"font-weight: 400;\"> a <\/span><b>Centre Sens<\/b><span style=\"font-weight: 400;\"> comen\u00e7a amb una avaluaci\u00f3 exhaustiva de l&#8217;estat del pacient. Els nostres professionals examinen la columna vertebral i les articulacions per detectar possibles desalineacions o bloquejos que podrien estar causant dolor o altres problemes de salut.<\/span><\/p><p><span style=\"font-weight: 400;\">Durant la sessi\u00f3, es fan manipulacions manuals suaus per\u00f2 precises a la columna i a les altres parts afectades del cos. Aquestes t\u00e8cniques ajuden a alliberar tensions, corregir desalineacions i restaurar la mobilitat. A m\u00e9s, el tractament pot incloure exercicis de flexibilitat i consells posturals per mantenir els beneficis a llarg termini.<\/span><\/p><h3><b>A qui va dirigida la quiropr\u00e0xia?<\/b><\/h3><p><span style=\"font-weight: 400;\">La <\/span><b>quiropr\u00e0xia<\/b><span style=\"font-weight: 400;\"> est\u00e0 dirigida a qualsevol persona que pateixi de problemes de dolor muscular, articular o d&#8217;esquena, aix\u00ed com aquells que busquen millorar la seva salut de manera natural. Aquest tractament \u00e9s especialment benefici\u00f3s per a:<\/span><\/p><ul><li style=\"font-weight: 400;\" aria-level=\"1\"><span style=\"font-weight: 400;\">Persones amb dolor d&#8217;esquena o coll<\/span><\/li><li style=\"font-weight: 400;\" aria-level=\"1\"><span style=\"font-weight: 400;\">Aquells que han patit lesions esportives o accidents<\/span><\/li><li style=\"font-weight: 400;\" aria-level=\"1\"><span style=\"font-weight: 400;\">Persones amb mals de cap tensionals o migranyes relacionades amb la columna<\/span><\/li><li style=\"font-weight: 400;\" aria-level=\"1\"><span style=\"font-weight: 400;\">Aquells que volen corregir la seva postura o millorar la seva mobilitat<\/span><\/li><\/ul><p><span style=\"font-weight: 400;\">La quiropr\u00e0xia tamb\u00e9 \u00e9s una opci\u00f3 excel\u00b7lent per a persones que volen prevenir problemes futurs, ja que treballa per mantenir el cos alineat i en bon estat de salut.<\/span><\/p><h3><b>Reserva la teva sessi\u00f3 de quiropr\u00e0xia<\/b><\/h3><p><span style=\"font-weight: 400;\">Si vols millorar el teu benestar i alleujar dolors musculars o articulars, et convidem a descobrir els beneficis de la <\/span><b>quiropr\u00e0xia<\/b><span style=\"font-weight: 400;\"> a <\/span><b>Centre Sens<\/b><span style=\"font-weight: 400;\">. Aquest tractament t\u2019ajudar\u00e0 a restaurar l\u2019equilibri del teu cos, corregint els desequilibris que afecten la teva salut general.<\/span><\/p><p><b>Reserva la teva cita aqu\u00ed<\/b><span style=\"font-weight: 400;\"> i recupera el control del teu benestar amb el suport dels nostres professionals.<\/span><\/p>\t\t\t\t\t\t\t\t<\/div>\n\t\t\t\t<\/div>\n\t\t\t\t<div class=\"elementor-element elementor-element-b76d2e4 elementor-align-center elementor-widget elementor-widget-button\" data-id=\"b76d2e4\" data-element_type=\"widget\" data-e-type=\"widget\" data-widget_type=\"button.default\">\n\t\t\t\t<div class=\"elementor-widget-container\">\n\t\t\t\t\t\t\t\t\t<div class=\"elementor-button-wrapper\">\n\t\t\t\t\t<a class=\"elementor-button elementor-button-link elementor-size-sm\" href=\"#reservar\">\n\t\t\t\t\t\t<span class=\"elementor-button-content-wrapper\">\n\t\t\t\t\t\t\t\t\t<span class=\"elementor-button-text\">Vull reservar<\/span>\n\t\t\t\t\t<\/span>\n\t\t\t\t\t<\/a>\n\t\t\t\t<\/div>\n\t\t\t\t\t\t\t\t<\/div>\n\t\t\t\t<\/div>\n\t\t\t\t\t<\/div>\n\t\t<\/div>\n\t\t\t\t\t<\/div>\n\t\t<\/section>\n\t\t\t\t<\/div>","protected":false},"excerpt":{"rendered":"<p>Quiropr\u00e0xia a Vilafranca del Pened\u00e8s: Benestar a trav\u00e9s de la columna vertebral Vull reservar Quiropr\u00e0xia a Vilafranca del Pened\u00e8s: Benestar a trav\u00e9s de la columna vertebral A Centre Sens, oferim el tractament de quiropr\u00e0xia, una ter\u00e0pia manual que es centra en la correcci\u00f3 dels trastorns mec\u00e0nics del sistema musculoesquel\u00e8tic, amb especial atenci\u00f3 a la columna [&hellip;]<\/p>","protected":false},"author":2,"featured_media":481,"parent":0,"menu_order":0,"comment_status":"closed","ping_status":"closed","template":"elementor_header_footer","meta":{"footnotes":""},"class_list":["post-478","page","type-page","status-publish","has-post-thumbnail","hentry"],"_links":{"self":[{"href":"https:\/\/centresens.com\/es\/wp-json\/wp\/v2\/pages\/478","targetHints":{"allow":["GET"]}}],"collection":[{"href":"https:\/\/centresens.com\/es\/wp-json\/wp\/v2\/pages"}],"about":[{"href":"https:\/\/centresens.com\/es\/wp-json\/wp\/v2\/types\/page"}],"author":[{"embeddable":true,"href":"https:\/\/centresens.com\/es\/wp-json\/wp\/v2\/users\/2"}],"replies":[{"embeddable":true,"href":"https:\/\/centresens.com\/es\/wp-json\/wp\/v2\/comments?post=478"}],"version-history":[{"count":3,"href":"https:\/\/centresens.com\/es\/wp-json\/wp\/v2\/pages\/478\/revisions"}],"predecessor-version":[{"id":506,"href":"https:\/\/centresens.com\/es\/wp-json\/wp\/v2\/pages\/478\/revisions\/506"}],"wp:featuredmedia":[{"embeddable":true,"href":"https:\/\/centresens.com\/es\/wp-json\/wp\/v2\/media\/481"}],"wp:attachment":[{"href":"https:\/\/centresens.com\/es\/wp-json\/wp\/v2\/media?parent=478"}],"curies":[{"name":"wp","href":"https:\/\/api.w.org\/{rel}","templated":true}]}}