{"id":477,"date":"2024-11-11T12:02:57","date_gmt":"2024-11-11T12:02:57","guid":{"rendered":"https:\/\/centresens.articagency.net\/?page_id=477"},"modified":"2024-11-11T15:02:07","modified_gmt":"2024-11-11T15:02:07","slug":"quiromassatge-a-vilafranca-del-penedes-relaxacio-i-benestar-total","status":"publish","type":"page","link":"https:\/\/centresens.com\/es\/quiromassatge-a-vilafranca-del-penedes-relaxacio-i-benestar-total\/","title":{"rendered":"Quiromassatge a Vilafranca del Pened\u00e8s: Relaxaci\u00f3 i Benestar Total"},"content":{"rendered":"<div data-elementor-type=\"wp-page\" data-elementor-id=\"477\" class=\"elementor elementor-477\" data-elementor-post-type=\"page\">\n\t\t\t\t\t\t<section class=\"elementor-section elementor-top-section elementor-element elementor-element-56ece39 elementor-section-full_width elementor-section-height-default elementor-section-height-default\" data-id=\"56ece39\" data-element_type=\"section\" data-e-type=\"section\">\n\t\t\t\t\t\t\t<div class=\"elementor-background-overlay\"><\/div>\n\t\t\t\t\t\t\t<div class=\"elementor-container elementor-column-gap-default\">\n\t\t\t\t\t<div class=\"elementor-column elementor-col-100 elementor-top-column elementor-element elementor-element-2bdc1ac\" data-id=\"2bdc1ac\" data-element_type=\"column\" data-e-type=\"column\">\n\t\t\t<div class=\"elementor-widget-wrap elementor-element-populated\">\n\t\t\t\t\t\t<div class=\"elementor-element elementor-element-0662064 elementor-widget-mobile__width-initial elementor-widget elementor-widget-heading\" data-id=\"0662064\" data-element_type=\"widget\" data-e-type=\"widget\" data-widget_type=\"heading.default\">\n\t\t\t\t<div class=\"elementor-widget-container\">\n\t\t\t\t\t<h1 class=\"elementor-heading-title elementor-size-default\">Quiromassatge a Vilafranca del Pened\u00e8s: \n<br>\nRelaxaci\u00f3 i Benestar Total\n<\/h1>\t\t\t\t<\/div>\n\t\t\t\t<\/div>\n\t\t\t\t<div class=\"elementor-element elementor-element-6cd67ef elementor-widget elementor-widget-spacer\" data-id=\"6cd67ef\" data-element_type=\"widget\" data-e-type=\"widget\" data-widget_type=\"spacer.default\">\n\t\t\t\t<div class=\"elementor-widget-container\">\n\t\t\t\t\t\t\t<div class=\"elementor-spacer\">\n\t\t\t<div class=\"elementor-spacer-inner\"><\/div>\n\t\t<\/div>\n\t\t\t\t\t\t<\/div>\n\t\t\t\t<\/div>\n\t\t\t\t<div class=\"elementor-element elementor-element-96bc0df elementor-align-center elementor-widget elementor-widget-button\" data-id=\"96bc0df\" data-element_type=\"widget\" data-e-type=\"widget\" data-widget_type=\"button.default\">\n\t\t\t\t<div class=\"elementor-widget-container\">\n\t\t\t\t\t\t\t\t\t<div class=\"elementor-button-wrapper\">\n\t\t\t\t\t<a class=\"elementor-button elementor-button-link elementor-size-sm\" href=\"#reservar\">\n\t\t\t\t\t\t<span class=\"elementor-button-content-wrapper\">\n\t\t\t\t\t\t\t\t\t<span class=\"elementor-button-text\">Vull reservar<\/span>\n\t\t\t\t\t<\/span>\n\t\t\t\t\t<\/a>\n\t\t\t\t<\/div>\n\t\t\t\t\t\t\t\t<\/div>\n\t\t\t\t<\/div>\n\t\t\t\t\t<\/div>\n\t\t<\/div>\n\t\t\t\t\t<\/div>\n\t\t<\/section>\n\t\t\t\t<section class=\"elementor-section elementor-top-section elementor-element elementor-element-5063db5 elementor-reverse-tablet elementor-reverse-mobile elementor-section-boxed elementor-section-height-default elementor-section-height-default\" data-id=\"5063db5\" data-element_type=\"section\" data-e-type=\"section\">\n\t\t\t\t\t\t<div class=\"elementor-container elementor-column-gap-default\">\n\t\t\t\t\t<div class=\"elementor-column elementor-col-100 elementor-top-column elementor-element elementor-element-95a1254\" data-id=\"95a1254\" data-element_type=\"column\" data-e-type=\"column\">\n\t\t\t<div class=\"elementor-widget-wrap elementor-element-populated\">\n\t\t\t\t\t\t<div class=\"elementor-element elementor-element-f3dbeda elementor-widget__width-initial elementor-widget elementor-widget-text-editor\" data-id=\"f3dbeda\" data-element_type=\"widget\" data-e-type=\"widget\" data-widget_type=\"text-editor.default\">\n\t\t\t\t<div class=\"elementor-widget-container\">\n\t\t\t\t\t\t\t\t\t<h2><b>Quiromassatge a Vilafranca del Pened\u00e8s: Relaxaci\u00f3 i Benestar Total<\/b><\/h2><p><span style=\"font-weight: 400;\">El <\/span><b>quiromassatge<\/b><span style=\"font-weight: 400;\"> \u00e9s una t\u00e8cnica de massatge que utilitza les mans per aplicar manipulacions, pressions i vibracions amb l&#8217;ajuda d&#8217;olis, com l&#8217;oli d&#8217;ametlles dolces, per aconseguir una relaxaci\u00f3 profunda i un alleujament efectiu del dolor. A <\/span><b>Centre Sens<\/b><span style=\"font-weight: 400;\">, oferim aquesta ter\u00e0pia manual per ajudar-te a combatre l\u2019esgotament f\u00edsic i mental, alleujar tensions i promoure el benestar integral del teu cos i la teva ment.<\/span><\/p><h3><b>Qu\u00e8 \u00e9s el quiromassatge?<\/b><\/h3><p><span style=\"font-weight: 400;\">La paraula <\/span><b>&#8220;quiros&#8221;<\/b><span style=\"font-weight: 400;\"> prov\u00e9 del grec i significa &#8220;mans&#8221;, fet que reflecteix la base d\u2019aquesta ter\u00e0pia: el massatge manual. El <\/span><b>quiromassatge<\/b><span style=\"font-weight: 400;\"> implica una s\u00e8rie de manipulacions aplicades sobre els teixits tous del cos, que inclouen t\u00e8cniques de pressi\u00f3, fricci\u00f3, percussi\u00f3 i vibraci\u00f3. L&#8217;objectiu \u00e9s estimular la circulaci\u00f3 sangu\u00ednia, relaxar els m\u00fasculs i afavorir la regeneraci\u00f3 dels teixits.<\/span><\/p><p><span style=\"font-weight: 400;\">A <\/span><b>Centre Sens<\/b><span style=\"font-weight: 400;\">, utilitzem olis naturals, com l&#8217;oli d&#8217;ametlles dolces, que a m\u00e9s d&#8217;hidratar la pell, milloren l&#8217;experi\u00e8ncia sensorial i potencien els beneficis del massatge.<\/span><\/p><h3><b>Beneficis del quiromassatge<\/b><\/h3><p><span style=\"font-weight: 400;\">El <\/span><b>quiromassatge<\/b><span style=\"font-weight: 400;\"> \u00e9s una t\u00e8cnica terap\u00e8utica que ofereix una \u00e0mplia gamma de beneficis, tant f\u00edsics com mentals. A <\/span><b>Centre Sens<\/b><span style=\"font-weight: 400;\">, aquesta ter\u00e0pia est\u00e0 indicada especialment per a:<\/span><\/p><ol><li style=\"font-weight: 400;\" aria-level=\"1\"><b>Alleujar l&#8217;esgotament f\u00edsic i mental<\/b><span style=\"font-weight: 400;\">: Si et sents estressat o esgotat, el quiromassatge \u00e9s una soluci\u00f3 ideal per relaxar el cos i la ment.<\/span><\/li><li style=\"font-weight: 400;\" aria-level=\"1\"><b>Reduir tensions i angoixa<\/b><span style=\"font-weight: 400;\">: Aquest tipus de massatge \u00e9s molt efectiu per alleujar estats de tensi\u00f3 i ansietat, ajudant a calmar el sistema nervi\u00f3s.<\/span><\/li><li style=\"font-weight: 400;\" aria-level=\"1\"><b>Alleujament de dolors musculars<\/b><span style=\"font-weight: 400;\">: El quiromassatge treballa profundament els m\u00fasculs, ajudant a alleujar dolors i contractures, millorant la flexibilitat i la mobilitat.<\/span><\/li><li style=\"font-weight: 400;\" aria-level=\"1\"><b>Millora de la circulaci\u00f3 sangu\u00ednia<\/b><span style=\"font-weight: 400;\">: Gr\u00e0cies a les manipulacions aplicades, s&#8217;estimula el flux sanguini i limf\u00e0tic, afavorint l&#8217;oxigenaci\u00f3 dels teixits i eliminant toxines.<\/span><\/li><li style=\"font-weight: 400;\" aria-level=\"1\"><b>Tractament per al mal de cap<\/b><span style=\"font-weight: 400;\">: Aquesta t\u00e8cnica tamb\u00e9 pot ajudar a alleujar el mal de cap tensional, especialment causat per l&#8217;estr\u00e8s o les contractures cervicals.<\/span><\/li><li style=\"font-weight: 400;\" aria-level=\"1\"><b>Millora de l&#8217;estat emocional<\/b><span style=\"font-weight: 400;\">: A m\u00e9s dels beneficis f\u00edsics, el quiromassatge actua a nivell emocional, ajudant a alleujar nervis i inseguretats ps\u00edquiques.<\/span><\/li><\/ol>\t\t\t\t\t\t\t\t<\/div>\n\t\t\t\t<\/div>\n\t\t\t\t<div class=\"elementor-element elementor-element-b145d52 elementor-widget elementor-widget-spacer\" data-id=\"b145d52\" data-element_type=\"widget\" data-e-type=\"widget\" data-widget_type=\"spacer.default\">\n\t\t\t\t<div class=\"elementor-widget-container\">\n\t\t\t\t\t\t\t<div class=\"elementor-spacer\">\n\t\t\t<div class=\"elementor-spacer-inner\"><\/div>\n\t\t<\/div>\n\t\t\t\t\t\t<\/div>\n\t\t\t\t<\/div>\n\t\t\t\t<div class=\"elementor-element elementor-element-f284388 elementor-widget elementor-widget-image\" data-id=\"f284388\" data-element_type=\"widget\" data-e-type=\"widget\" data-widget_type=\"image.default\">\n\t\t\t\t<div class=\"elementor-widget-container\">\n\t\t\t\t\t\t\t\t\t\t\t\t\t\t\t<img fetchpriority=\"high\" decoding=\"async\" width=\"1500\" height=\"800\" src=\"https:\/\/centresens.com\/wp-content\/uploads\/2024\/11\/Quiromassatge-a-Vilafranca-del-Penedes.png\" class=\"attachment-full size-full wp-image-482\" alt=\"Quiromassatge a Vilafranca del Pened\u00e8s: Relaxaci\u00f3 i Benestar Total\" srcset=\"https:\/\/centresens.com\/wp-content\/uploads\/2024\/11\/Quiromassatge-a-Vilafranca-del-Penedes.png 1500w, https:\/\/centresens.com\/wp-content\/uploads\/2024\/11\/Quiromassatge-a-Vilafranca-del-Penedes-300x160.png 300w, https:\/\/centresens.com\/wp-content\/uploads\/2024\/11\/Quiromassatge-a-Vilafranca-del-Penedes-1024x546.png 1024w, https:\/\/centresens.com\/wp-content\/uploads\/2024\/11\/Quiromassatge-a-Vilafranca-del-Penedes-768x410.png 768w\" sizes=\"(max-width: 1500px) 100vw, 1500px\" title=\"\">\t\t\t\t\t\t\t\t\t\t\t\t\t\t\t<\/div>\n\t\t\t\t<\/div>\n\t\t\t\t<div class=\"elementor-element elementor-element-62c4d35 elementor-widget elementor-widget-text-editor\" data-id=\"62c4d35\" data-element_type=\"widget\" data-e-type=\"widget\" data-widget_type=\"text-editor.default\">\n\t\t\t\t<div class=\"elementor-widget-container\">\n\t\t\t\t\t\t\t\t\t<h3><b>A qui va dirigit el quiromassatge?<\/b><\/h3><p><span style=\"font-weight: 400;\">El <\/span><b>quiromassatge<\/b><span style=\"font-weight: 400;\"> \u00e9s adequat per a tothom. No importa l\u2019edat o la condici\u00f3 f\u00edsica, aquesta ter\u00e0pia \u00e9s tan beneficiosa per a persones que pateixen tensions musculars com per a aquells que simplement busquen una manera efectiva de relaxar-se i cuidar-se. Tant si necessites alleujar dolors musculars com si vols trobar una t\u00e8cnica per desconnectar i millorar el teu estat mental, el quiromassatge \u00e9s una opci\u00f3 que no et decebr\u00e0.<\/span><\/p><h4><b>Per qu\u00e8 no abandonar\u00e0 mai el quiromassatge qui el prova?<\/b><\/h4><p><span style=\"font-weight: 400;\">A <\/span><b>Centre Sens<\/b><span style=\"font-weight: 400;\">, estem conven\u00e7uts que qui descobreix els beneficis del quiromassatge no el deixa mai. Aquesta t\u00e8cnica t\u00e9 la capacitat \u00fanica d&#8217;alleujar r\u00e0pidament el dolor i les tensions, per\u00f2 tamb\u00e9 d\u2019oferir una experi\u00e8ncia de relaxaci\u00f3 profunda i plaer sensorial. \u00c9s una manera efectiva i natural de cuidar tant el cos com la ment, i per aix\u00f2 es converteix en una part imprescindible de la rutina de benestar de molts dels nostres clients.<\/span><\/p><h3><b>Com s\u00f3n les nostres sessions de quiromassatge?<\/b><\/h3><p><span style=\"font-weight: 400;\">A <\/span><b>Centre Sens<\/b><span style=\"font-weight: 400;\">, cada sessi\u00f3 de <\/span><b>quiromassatge<\/b><span style=\"font-weight: 400;\"> es personalitza segons les necessitats de cada client. Abans de comen\u00e7ar, fem una valoraci\u00f3 completa per identificar les \u00e0rees amb m\u00e9s tensi\u00f3 o dolor, i aix\u00ed adaptar les t\u00e8cniques del massatge per obtenir els millors resultats.<\/span><\/p><p><span style=\"font-weight: 400;\">Cada sessi\u00f3 dura aproximadament 60 minuts, temps durant el qual et submergir\u00e0s en un ambient tranquil i relaxant, amb la seguretat que est\u00e0s en mans de professionals qualificats que cuiden cada detall per oferir-te una experi\u00e8ncia \u00fanica.<\/span><\/p><h3><b>Reserva la teva sessi\u00f3 de quiromassatge<\/b><\/h3><p><span style=\"font-weight: 400;\">Si vols experimentar els beneficis del <\/span><b>quiromassatge<\/b><span style=\"font-weight: 400;\"> i millorar el teu benestar f\u00edsic i emocional, a <\/span><b>Centre Sens<\/b><span style=\"font-weight: 400;\"> t\u2019oferim sessions totalment adaptades a les teves necessitats. No esperis m\u00e9s per cuidar-te i gaudir d\u2019un moment de relaxaci\u00f3 i benestar.<\/span><\/p><p><b>Reserva la teva cita aqu\u00ed<\/b><span style=\"font-weight: 400;\"> i deixa&#8217;t portar pel poder curatiu de les mans amb el quiromassatge.<\/span><\/p>\t\t\t\t\t\t\t\t<\/div>\n\t\t\t\t<\/div>\n\t\t\t\t<div class=\"elementor-element elementor-element-b76d2e4 elementor-align-center elementor-widget elementor-widget-button\" data-id=\"b76d2e4\" data-element_type=\"widget\" data-e-type=\"widget\" data-widget_type=\"button.default\">\n\t\t\t\t<div class=\"elementor-widget-container\">\n\t\t\t\t\t\t\t\t\t<div class=\"elementor-button-wrapper\">\n\t\t\t\t\t<a class=\"elementor-button elementor-button-link elementor-size-sm\" href=\"#reservar\">\n\t\t\t\t\t\t<span class=\"elementor-button-content-wrapper\">\n\t\t\t\t\t\t\t\t\t<span class=\"elementor-button-text\">Vull reservar<\/span>\n\t\t\t\t\t<\/span>\n\t\t\t\t\t<\/a>\n\t\t\t\t<\/div>\n\t\t\t\t\t\t\t\t<\/div>\n\t\t\t\t<\/div>\n\t\t\t\t\t<\/div>\n\t\t<\/div>\n\t\t\t\t\t<\/div>\n\t\t<\/section>\n\t\t\t\t<\/div>","protected":false},"excerpt":{"rendered":"<p>Quiromassatge a Vilafranca del Pened\u00e8s: Relaxaci\u00f3 i Benestar Total Vull reservar Quiromassatge a Vilafranca del Pened\u00e8s: Relaxaci\u00f3 i Benestar Total El quiromassatge \u00e9s una t\u00e8cnica de massatge que utilitza les mans per aplicar manipulacions, pressions i vibracions amb l&#8217;ajuda d&#8217;olis, com l&#8217;oli d&#8217;ametlles dolces, per aconseguir una relaxaci\u00f3 profunda i un alleujament efectiu del dolor. [&hellip;]<\/p>\n","protected":false},"author":2,"featured_media":482,"parent":0,"menu_order":0,"comment_status":"closed","ping_status":"closed","template":"elementor_header_footer","meta":{"footnotes":""},"class_list":["post-477","page","type-page","status-publish","has-post-thumbnail","hentry"],"_links":{"self":[{"href":"https:\/\/centresens.com\/es\/wp-json\/wp\/v2\/pages\/477","targetHints":{"allow":["GET"]}}],"collection":[{"href":"https:\/\/centresens.com\/es\/wp-json\/wp\/v2\/pages"}],"about":[{"href":"https:\/\/centresens.com\/es\/wp-json\/wp\/v2\/types\/page"}],"author":[{"embeddable":true,"href":"https:\/\/centresens.com\/es\/wp-json\/wp\/v2\/users\/2"}],"replies":[{"embeddable":true,"href":"https:\/\/centresens.com\/es\/wp-json\/wp\/v2\/comments?post=477"}],"version-history":[{"count":3,"href":"https:\/\/centresens.com\/es\/wp-json\/wp\/v2\/pages\/477\/revisions"}],"predecessor-version":[{"id":503,"href":"https:\/\/centresens.com\/es\/wp-json\/wp\/v2\/pages\/477\/revisions\/503"}],"wp:featuredmedia":[{"embeddable":true,"href":"https:\/\/centresens.com\/es\/wp-json\/wp\/v2\/media\/482"}],"wp:attachment":[{"href":"https:\/\/centresens.com\/es\/wp-json\/wp\/v2\/media?parent=477"}],"curies":[{"name":"wp","href":"https:\/\/api.w.org\/{rel}","templated":true}]}}