{"id":476,"date":"2024-11-11T14:45:20","date_gmt":"2024-11-11T14:45:20","guid":{"rendered":"https:\/\/centresens.articagency.net\/?page_id=476"},"modified":"2024-11-11T15:00:02","modified_gmt":"2024-11-11T15:00:02","slug":"massatge-tailandes-a-vilafranca-del-penedes-equilibri-i-relaxacio-profunda","status":"publish","type":"page","link":"https:\/\/centresens.com\/es\/massatge-tailandes-a-vilafranca-del-penedes-equilibri-i-relaxacio-profunda\/","title":{"rendered":"Massatge tailand\u00e8s a Vilafranca del Pened\u00e8s: Equilibri i Relaxaci\u00f3 Profunda"},"content":{"rendered":"<div data-elementor-type=\"wp-page\" data-elementor-id=\"476\" class=\"elementor elementor-476\" data-elementor-post-type=\"page\">\n\t\t\t\t\t\t<section class=\"elementor-section elementor-top-section elementor-element elementor-element-56ece39 elementor-section-full_width elementor-section-height-default elementor-section-height-default\" data-id=\"56ece39\" data-element_type=\"section\" data-e-type=\"section\">\n\t\t\t\t\t\t\t<div class=\"elementor-background-overlay\"><\/div>\n\t\t\t\t\t\t\t<div class=\"elementor-container elementor-column-gap-default\">\n\t\t\t\t\t<div class=\"elementor-column elementor-col-100 elementor-top-column elementor-element elementor-element-2bdc1ac\" data-id=\"2bdc1ac\" data-element_type=\"column\" data-e-type=\"column\">\n\t\t\t<div class=\"elementor-widget-wrap elementor-element-populated\">\n\t\t\t\t\t\t<div class=\"elementor-element elementor-element-e5fa9b6 elementor-widget-mobile__width-initial elementor-widget elementor-widget-heading\" data-id=\"e5fa9b6\" data-element_type=\"widget\" data-e-type=\"widget\" data-widget_type=\"heading.default\">\n\t\t\t\t<div class=\"elementor-widget-container\">\n\t\t\t\t\t<h1 class=\"elementor-heading-title elementor-size-default\">Massatge tailand\u00e8s a Vilafranca del Pened\u00e8s: \n <br>\nEquilibri i Relaxaci\u00f3 Profunda\n\n<\/h1>\t\t\t\t<\/div>\n\t\t\t\t<\/div>\n\t\t\t\t<div class=\"elementor-element elementor-element-6cd67ef elementor-widget elementor-widget-spacer\" data-id=\"6cd67ef\" data-element_type=\"widget\" data-e-type=\"widget\" data-widget_type=\"spacer.default\">\n\t\t\t\t<div class=\"elementor-widget-container\">\n\t\t\t\t\t\t\t<div class=\"elementor-spacer\">\n\t\t\t<div class=\"elementor-spacer-inner\"><\/div>\n\t\t<\/div>\n\t\t\t\t\t\t<\/div>\n\t\t\t\t<\/div>\n\t\t\t\t<div class=\"elementor-element elementor-element-96bc0df elementor-align-center elementor-widget elementor-widget-button\" data-id=\"96bc0df\" data-element_type=\"widget\" data-e-type=\"widget\" data-widget_type=\"button.default\">\n\t\t\t\t<div class=\"elementor-widget-container\">\n\t\t\t\t\t\t\t\t\t<div class=\"elementor-button-wrapper\">\n\t\t\t\t\t<a class=\"elementor-button elementor-button-link elementor-size-sm\" href=\"#reservar\">\n\t\t\t\t\t\t<span class=\"elementor-button-content-wrapper\">\n\t\t\t\t\t\t\t\t\t<span class=\"elementor-button-text\">Vull reservar<\/span>\n\t\t\t\t\t<\/span>\n\t\t\t\t\t<\/a>\n\t\t\t\t<\/div>\n\t\t\t\t\t\t\t\t<\/div>\n\t\t\t\t<\/div>\n\t\t\t\t\t<\/div>\n\t\t<\/div>\n\t\t\t\t\t<\/div>\n\t\t<\/section>\n\t\t\t\t<section class=\"elementor-section elementor-top-section elementor-element elementor-element-5063db5 elementor-reverse-tablet elementor-reverse-mobile elementor-section-boxed elementor-section-height-default elementor-section-height-default\" data-id=\"5063db5\" data-element_type=\"section\" data-e-type=\"section\">\n\t\t\t\t\t\t<div class=\"elementor-container elementor-column-gap-default\">\n\t\t\t\t\t<div class=\"elementor-column elementor-col-100 elementor-top-column elementor-element elementor-element-95a1254\" data-id=\"95a1254\" data-element_type=\"column\" data-e-type=\"column\">\n\t\t\t<div class=\"elementor-widget-wrap elementor-element-populated\">\n\t\t\t\t\t\t<div class=\"elementor-element elementor-element-f3dbeda elementor-widget__width-initial elementor-widget elementor-widget-text-editor\" data-id=\"f3dbeda\" data-element_type=\"widget\" data-e-type=\"widget\" data-widget_type=\"text-editor.default\">\n\t\t\t\t<div class=\"elementor-widget-container\">\n\t\t\t\t\t\t\t\t\t<h2><b>Massatge tailand\u00e8s a Vilafranca del Pened\u00e8s: Equilibri i Relaxaci\u00f3 Profunda<\/b><\/h2><p><span style=\"font-weight: 400;\">El <\/span><b>massatge tailand\u00e8s<\/b><span style=\"font-weight: 400;\"> \u00e9s una t\u00e8cnica mil\u00b7len\u00e0ria que combina pressions r\u00edtmiques i estiraments profunds per restaurar l&#8217;harmonia entre el cos i la ment. A <\/span><b>Centre Sens<\/b><span style=\"font-weight: 400;\">, oferim aquest massatge \u00fanic, que es realitza amb les mans, colzes, genolls i peus, utilitzant moviments fluids i postures inspirades en el ioga per aconseguir una relaxaci\u00f3 profunda i un increment de la flexibilitat.<\/span><\/p><h3><b>Qu\u00e8 \u00e9s el massatge tailand\u00e8s?<\/b><\/h3><p><span style=\"font-weight: 400;\">El <\/span><b>massatge tailand\u00e8s<\/b><span style=\"font-weight: 400;\"> \u00e9s una ter\u00e0pia que es basa en la pressi\u00f3 i l\u2019estirament del cos per estimular el flux d\u2019energia vital. Aquesta t\u00e8cnica es caracteritza per l\u2019\u00fas de diverses parts del cos (mans, colzes, genolls i peus) per aplicar pressions sobre punts espec\u00edfics, alhora que s\u2019utilitzen estiraments lents i profunds per millorar la mobilitat.<\/span><\/p><p><span style=\"font-weight: 400;\">A difer\u00e8ncia d&#8217;altres tipus de massatges, el massatge tailand\u00e8s no es limita a treballar nom\u00e9s la musculatura. Tamb\u00e9 inclou postures similars al ioga i digitopressions, que contribueixen a una experi\u00e8ncia integral de benestar. \u00c9s ideal per a aquells que busquen un equilibri f\u00edsic i emocional, i volen prevenir tensions o lesions musculars.<\/span><\/p><h3><b>Beneficis del massatge tailand\u00e8s<\/b><\/h3><p><span style=\"font-weight: 400;\">El <\/span><b>massatge tailand\u00e8s<\/b><span style=\"font-weight: 400;\"> t\u00e9 m\u00faltiples beneficis per al cos i la ment, fent d&#8217;aquest tractament una opci\u00f3 ideal per a persones de totes les edats. A <\/span><b>Centre Sens<\/b><span style=\"font-weight: 400;\">, el massatge tailand\u00e8s est\u00e0 especialment indicat per a:<\/span><\/p><ol><li style=\"font-weight: 400;\" aria-level=\"1\"><b>Millora de la flexibilitat<\/b><span style=\"font-weight: 400;\">: Els estiraments lents i profunds del massatge ajuden a augmentar la capacitat de moviment, millorant la flexibilitat muscular i articular.<\/span><\/li><li style=\"font-weight: 400;\" aria-level=\"1\"><b>Reducci\u00f3 de l&#8217;estr\u00e8s<\/b><span style=\"font-weight: 400;\">: Gr\u00e0cies a les pressions r\u00edtmiques i les t\u00e8cniques de relaxaci\u00f3, el massatge tailand\u00e8s ajuda a alliberar la tensi\u00f3 acumulada, disminuint els nivells d\u2019estr\u00e8s i ansietat.<\/span><\/li><li style=\"font-weight: 400;\" aria-level=\"1\"><b>Prevenci\u00f3 de tensions i lesions<\/b><span style=\"font-weight: 400;\">: Aquesta t\u00e8cnica \u00e9s molt efectiva per prevenir tensions musculars i lesions tendinoses, afavorint un bon estat de salut f\u00edsica a llarg termini.<\/span><\/li><li style=\"font-weight: 400;\" aria-level=\"1\"><b>Connexi\u00f3 entre cos i ment<\/b><span style=\"font-weight: 400;\">: Mitjan\u00e7ant els moviments harmonitzats i les postures similars al ioga, el massatge tailand\u00e8s facilita una connexi\u00f3 m\u00e9s profunda entre el cos i la ment, promovent l&#8217;equilibri interior.<\/span><\/li><li style=\"font-weight: 400;\" aria-level=\"1\"><b>Millora de la concentraci\u00f3 i mem\u00f2ria<\/b><span style=\"font-weight: 400;\">: En reduir l\u2019estr\u00e8s i fomentar la relaxaci\u00f3 mental, aquesta t\u00e8cnica tamb\u00e9 millora la capacitat d\u2019atenci\u00f3 i la mem\u00f2ria.<\/span><\/li><li style=\"font-weight: 400;\" aria-level=\"1\"><b>Pau i equilibri interiors<\/b><span>: El massatge tailand\u00e8s proporciona una sensaci\u00f3 de serenor i equilibri que no nom\u00e9s beneficia el cos, sin\u00f3 tamb\u00e9 l\u2019estat emocional i espiritual.<\/span><\/li><\/ol>\t\t\t\t\t\t\t\t<\/div>\n\t\t\t\t<\/div>\n\t\t\t\t<div class=\"elementor-element elementor-element-b145d52 elementor-widget elementor-widget-spacer\" data-id=\"b145d52\" data-element_type=\"widget\" data-e-type=\"widget\" data-widget_type=\"spacer.default\">\n\t\t\t\t<div class=\"elementor-widget-container\">\n\t\t\t\t\t\t\t<div class=\"elementor-spacer\">\n\t\t\t<div class=\"elementor-spacer-inner\"><\/div>\n\t\t<\/div>\n\t\t\t\t\t\t<\/div>\n\t\t\t\t<\/div>\n\t\t\t\t<div class=\"elementor-element elementor-element-f284388 elementor-widget elementor-widget-image\" data-id=\"f284388\" data-element_type=\"widget\" data-e-type=\"widget\" data-widget_type=\"image.default\">\n\t\t\t\t<div class=\"elementor-widget-container\">\n\t\t\t\t\t\t\t\t\t\t\t\t\t\t\t<img fetchpriority=\"high\" decoding=\"async\" width=\"1500\" height=\"800\" src=\"https:\/\/centresens.com\/wp-content\/uploads\/2024\/11\/Massatge-tailandes-a-Vilafranca-del-Penedes.png\" class=\"attachment-full size-full wp-image-483\" alt=\"Massatge tailand\u00e8s a Vilafranca del Pened\u00e8s: Equilibri i Relaxaci\u00f3 Profunda\" srcset=\"https:\/\/centresens.com\/wp-content\/uploads\/2024\/11\/Massatge-tailandes-a-Vilafranca-del-Penedes.png 1500w, https:\/\/centresens.com\/wp-content\/uploads\/2024\/11\/Massatge-tailandes-a-Vilafranca-del-Penedes-300x160.png 300w, https:\/\/centresens.com\/wp-content\/uploads\/2024\/11\/Massatge-tailandes-a-Vilafranca-del-Penedes-1024x546.png 1024w, https:\/\/centresens.com\/wp-content\/uploads\/2024\/11\/Massatge-tailandes-a-Vilafranca-del-Penedes-768x410.png 768w\" sizes=\"(max-width: 1500px) 100vw, 1500px\" title=\"\">\t\t\t\t\t\t\t\t\t\t\t\t\t\t\t<\/div>\n\t\t\t\t<\/div>\n\t\t\t\t<div class=\"elementor-element elementor-element-62c4d35 elementor-widget elementor-widget-text-editor\" data-id=\"62c4d35\" data-element_type=\"widget\" data-e-type=\"widget\" data-widget_type=\"text-editor.default\">\n\t\t\t\t<div class=\"elementor-widget-container\">\n\t\t\t\t\t\t\t\t\t<h3><b>Com es desenvolupa una sessi\u00f3 de massatge tailand\u00e8s?<\/b><\/h3><p><span style=\"font-weight: 400;\">Cada sessi\u00f3 de <\/span><b>massatge tailand\u00e8s<\/b><span style=\"font-weight: 400;\"> a <\/span><b>Centre Sens<\/b><span style=\"font-weight: 400;\"> est\u00e0 dissenyada per adaptar-se a les necessitats individuals de cada persona. Els nostres professionals utilitzen t\u00e8cniques espec\u00edfiques de pressi\u00f3 i estirament per alliberar tensions i millorar la flexibilitat del cos.<\/span><\/p><p><span style=\"font-weight: 400;\">Durant la sessi\u00f3, que t\u00e9 una durada d&#8217;aproximadament 60 minuts, et submergir\u00e0s en una experi\u00e8ncia \u00fanica que combina la relaxaci\u00f3 f\u00edsica amb una connexi\u00f3 m\u00e9s profunda amb la teva ment. Els estiraments lents i els moviments fluids ajuden a desbloquejar l\u2019energia acumulada, proporcionant una sensaci\u00f3 de benestar general.<\/span><\/p><h3><b>A qui va dirigit el massatge tailand\u00e8s?<\/b><\/h3><p><span style=\"font-weight: 400;\">El <\/span><b>massatge tailand\u00e8s<\/b><span style=\"font-weight: 400;\"> \u00e9s perfecte per a qualsevol persona que busqui millorar el seu benestar f\u00edsic i mental. \u00c9s especialment benefici\u00f3s per a aquells que pateixen d&#8217;estr\u00e8s, tensi\u00f3 muscular o falta de flexibilitat. Tant si ets esportista com si simplement busques una t\u00e8cnica de relaxaci\u00f3 efica\u00e7, el massatge tailand\u00e8s \u00e9s una excel\u00b7lent opci\u00f3.<\/span><\/p><p><span style=\"font-weight: 400;\">Aquest massatge tamb\u00e9 \u00e9s ideal per a aquells que volen prevenir lesions i mantenir un cos saludable i flexible. Gr\u00e0cies a les seves t\u00e8cniques d\u2019estirament, tamb\u00e9 pot ser una opci\u00f3 recomanada per a persones que necessiten millorar la seva mobilitat articular.<\/span><\/p><h3><b>Reserva la teva sessi\u00f3 de massatge tailand\u00e8s<\/b><\/h3><p><span style=\"font-weight: 400;\">Si vols experimentar els beneficis del <\/span><b>massatge tailand\u00e8s<\/b><span style=\"font-weight: 400;\"> i gaudir d&#8217;una relaxaci\u00f3 profunda mentre millores la teva flexibilitat i equilibri intern, a <\/span><b>Centre Sens<\/b><span style=\"font-weight: 400;\"> t&#8217;oferim sessions personalitzades adaptades a les teves necessitats.<\/span><\/p><p><b>Reserva la teva cita aqu\u00ed<\/b><span style=\"font-weight: 400;\"> i gaudeix d&#8217;un moment de benestar integral amb el massatge tailand\u00e8s.<\/span><\/p>\t\t\t\t\t\t\t\t<\/div>\n\t\t\t\t<\/div>\n\t\t\t\t<div class=\"elementor-element elementor-element-b76d2e4 elementor-align-center elementor-widget elementor-widget-button\" data-id=\"b76d2e4\" data-element_type=\"widget\" data-e-type=\"widget\" data-widget_type=\"button.default\">\n\t\t\t\t<div class=\"elementor-widget-container\">\n\t\t\t\t\t\t\t\t\t<div class=\"elementor-button-wrapper\">\n\t\t\t\t\t<a class=\"elementor-button elementor-button-link elementor-size-sm\" href=\"#reservar\">\n\t\t\t\t\t\t<span class=\"elementor-button-content-wrapper\">\n\t\t\t\t\t\t\t\t\t<span class=\"elementor-button-text\">Vull reservar<\/span>\n\t\t\t\t\t<\/span>\n\t\t\t\t\t<\/a>\n\t\t\t\t<\/div>\n\t\t\t\t\t\t\t\t<\/div>\n\t\t\t\t<\/div>\n\t\t\t\t\t<\/div>\n\t\t<\/div>\n\t\t\t\t\t<\/div>\n\t\t<\/section>\n\t\t\t\t<\/div>","protected":false},"excerpt":{"rendered":"<p>Massatge tailand\u00e8s a Vilafranca del Pened\u00e8s: Equilibri i Relaxaci\u00f3 Profunda Vull reservar Massatge tailand\u00e8s a Vilafranca del Pened\u00e8s: Equilibri i Relaxaci\u00f3 Profunda El massatge tailand\u00e8s \u00e9s una t\u00e8cnica mil\u00b7len\u00e0ria que combina pressions r\u00edtmiques i estiraments profunds per restaurar l&#8217;harmonia entre el cos i la ment. A Centre Sens, oferim aquest massatge \u00fanic, que es realitza [&hellip;]<\/p>","protected":false},"author":2,"featured_media":483,"parent":0,"menu_order":0,"comment_status":"closed","ping_status":"closed","template":"elementor_header_footer","meta":{"footnotes":""},"class_list":["post-476","page","type-page","status-publish","has-post-thumbnail","hentry"],"_links":{"self":[{"href":"https:\/\/centresens.com\/es\/wp-json\/wp\/v2\/pages\/476","targetHints":{"allow":["GET"]}}],"collection":[{"href":"https:\/\/centresens.com\/es\/wp-json\/wp\/v2\/pages"}],"about":[{"href":"https:\/\/centresens.com\/es\/wp-json\/wp\/v2\/types\/page"}],"author":[{"embeddable":true,"href":"https:\/\/centresens.com\/es\/wp-json\/wp\/v2\/users\/2"}],"replies":[{"embeddable":true,"href":"https:\/\/centresens.com\/es\/wp-json\/wp\/v2\/comments?post=476"}],"version-history":[{"count":3,"href":"https:\/\/centresens.com\/es\/wp-json\/wp\/v2\/pages\/476\/revisions"}],"predecessor-version":[{"id":500,"href":"https:\/\/centresens.com\/es\/wp-json\/wp\/v2\/pages\/476\/revisions\/500"}],"wp:featuredmedia":[{"embeddable":true,"href":"https:\/\/centresens.com\/es\/wp-json\/wp\/v2\/media\/483"}],"wp:attachment":[{"href":"https:\/\/centresens.com\/es\/wp-json\/wp\/v2\/media?parent=476"}],"curies":[{"name":"wp","href":"https:\/\/api.w.org\/{rel}","templated":true}]}}