{"id":475,"date":"2024-11-11T12:02:44","date_gmt":"2024-11-11T12:02:44","guid":{"rendered":"https:\/\/centresens.articagency.net\/?page_id=475"},"modified":"2024-11-11T14:42:31","modified_gmt":"2024-11-11T14:42:31","slug":"massatge-california-a-vilafranca-del-penedes","status":"publish","type":"page","link":"https:\/\/centresens.com\/es\/massatge-california-a-vilafranca-del-penedes\/","title":{"rendered":"Massatge Californi\u00e0 a Vilafranca del Pened\u00e8s"},"content":{"rendered":"<div data-elementor-type=\"wp-page\" data-elementor-id=\"475\" class=\"elementor elementor-475\" data-elementor-post-type=\"page\">\n\t\t\t\t\t\t<section class=\"elementor-section elementor-top-section elementor-element elementor-element-56ece39 elementor-section-full_width elementor-section-height-default elementor-section-height-default\" data-id=\"56ece39\" data-element_type=\"section\" data-e-type=\"section\">\n\t\t\t\t\t\t\t<div class=\"elementor-background-overlay\"><\/div>\n\t\t\t\t\t\t\t<div class=\"elementor-container elementor-column-gap-default\">\n\t\t\t\t\t<div class=\"elementor-column elementor-col-100 elementor-top-column elementor-element elementor-element-2bdc1ac\" data-id=\"2bdc1ac\" data-element_type=\"column\" data-e-type=\"column\">\n\t\t\t<div class=\"elementor-widget-wrap elementor-element-populated\">\n\t\t\t\t\t\t<div class=\"elementor-element elementor-element-73fc9b1 elementor-widget-mobile__width-initial elementor-widget elementor-widget-heading\" data-id=\"73fc9b1\" data-element_type=\"widget\" data-e-type=\"widget\" data-widget_type=\"heading.default\">\n\t\t\t\t<div class=\"elementor-widget-container\">\n\t\t\t\t\t<h1 class=\"elementor-heading-title elementor-size-default\">Massatge Californi\u00e0 a Vilafranca del Pened\u00e8s:  <br>\nHarmonia i Benestar<\/h1>\t\t\t\t<\/div>\n\t\t\t\t<\/div>\n\t\t\t\t<div class=\"elementor-element elementor-element-6cd67ef elementor-widget elementor-widget-spacer\" data-id=\"6cd67ef\" data-element_type=\"widget\" data-e-type=\"widget\" data-widget_type=\"spacer.default\">\n\t\t\t\t<div class=\"elementor-widget-container\">\n\t\t\t\t\t\t\t<div class=\"elementor-spacer\">\n\t\t\t<div class=\"elementor-spacer-inner\"><\/div>\n\t\t<\/div>\n\t\t\t\t\t\t<\/div>\n\t\t\t\t<\/div>\n\t\t\t\t<div class=\"elementor-element elementor-element-96bc0df elementor-align-center elementor-widget elementor-widget-button\" data-id=\"96bc0df\" data-element_type=\"widget\" data-e-type=\"widget\" data-widget_type=\"button.default\">\n\t\t\t\t<div class=\"elementor-widget-container\">\n\t\t\t\t\t\t\t\t\t<div class=\"elementor-button-wrapper\">\n\t\t\t\t\t<a class=\"elementor-button elementor-button-link elementor-size-sm\" href=\"#reservar\">\n\t\t\t\t\t\t<span class=\"elementor-button-content-wrapper\">\n\t\t\t\t\t\t\t\t\t<span class=\"elementor-button-text\">Vull reservar<\/span>\n\t\t\t\t\t<\/span>\n\t\t\t\t\t<\/a>\n\t\t\t\t<\/div>\n\t\t\t\t\t\t\t\t<\/div>\n\t\t\t\t<\/div>\n\t\t\t\t\t<\/div>\n\t\t<\/div>\n\t\t\t\t\t<\/div>\n\t\t<\/section>\n\t\t\t\t<section class=\"elementor-section elementor-top-section elementor-element elementor-element-5063db5 elementor-reverse-tablet elementor-reverse-mobile elementor-section-boxed elementor-section-height-default elementor-section-height-default\" data-id=\"5063db5\" data-element_type=\"section\" data-e-type=\"section\">\n\t\t\t\t\t\t<div class=\"elementor-container elementor-column-gap-default\">\n\t\t\t\t\t<div class=\"elementor-column elementor-col-100 elementor-top-column elementor-element elementor-element-95a1254\" data-id=\"95a1254\" data-element_type=\"column\" data-e-type=\"column\">\n\t\t\t<div class=\"elementor-widget-wrap elementor-element-populated\">\n\t\t\t\t\t\t<div class=\"elementor-element elementor-element-f3dbeda elementor-widget__width-initial elementor-widget elementor-widget-text-editor\" data-id=\"f3dbeda\" data-element_type=\"widget\" data-e-type=\"widget\" data-widget_type=\"text-editor.default\">\n\t\t\t\t<div class=\"elementor-widget-container\">\n\t\t\t\t\t\t\t\t\t<h2><b>Massatge Californi\u00e0 a Vilafranca del Pened\u00e8s: Harmonia i Benestar<\/b><\/h2><p><span style=\"font-weight: 400;\">El <\/span><b>massatge californi\u00e0<\/b><span style=\"font-weight: 400;\"> \u00e9s una de les t\u00e8cniques m\u00e9s relaxants i integradores que pots experimentar. A <\/span><b>Centre Sens<\/b><span style=\"font-weight: 400;\">, aquest massatge sensorial s&#8217;ofereix com una eina per aconseguir un benestar complet, no nom\u00e9s a nivell f\u00edsic, sin\u00f3 tamb\u00e9 mental i emocional. Amb moviments llargs, suaus i profundament harmonitzats, el massatge californi\u00e0 et convida a desconnectar del ritme diari i a retrobar-te amb el teu propi cos.<\/span><\/p><h3><b>Qu\u00e8 \u00e9s el massatge californi\u00e0?<\/b><\/h3><p><span style=\"font-weight: 400;\">El <\/span><b>massatge californi\u00e0<\/b><span style=\"font-weight: 400;\"> s&#8217;inspira en la tradici\u00f3 del massatge cl\u00e0ssic, combinant-lo amb els principis energ\u00e8tics de la medicina oriental. Aquest tractament ent\u00e9n el cos hum\u00e0 com una totalitat: f\u00edsic, mental i emocional. El seu objectiu \u00e9s reequilibrar l\u2019energia vital del cos mitjan\u00e7ant un ritme lent i moviments amplis que es fan sobre la pell amb oli per afavorir el flux energ\u00e8tic.<\/span><\/p><p><span style=\"font-weight: 400;\">Aquesta t\u00e8cnica permet augmentar la capacitat psicosensorial del cos, creant una connexi\u00f3 profunda entre cos i ment. Aix\u00f2 ajuda a reduir l&#8217;estr\u00e8s acumulat i a generar una sensaci\u00f3 d\u2019harmonia interior.<\/span><\/p><h3><b>Beneficis del massatge californi\u00e0<\/b><\/h3><p><span style=\"font-weight: 400;\">El <\/span><b>massatge californi\u00e0<\/b><span style=\"font-weight: 400;\"> \u00e9s molt m\u00e9s que una t\u00e8cnica de relaxaci\u00f3. A <\/span><b>Centre Sens<\/b><span style=\"font-weight: 400;\">, aquesta t\u00e8cnica terap\u00e8utica ofereix m\u00faltiples beneficis per al benestar integral:<\/span><\/p><ol><li style=\"font-weight: 400;\" aria-level=\"1\"><b>Augment de la consci\u00e8ncia corporal<\/b><span style=\"font-weight: 400;\">: Mitjan\u00e7ant el contacte suau i fluid, aquest massatge t&#8217;ajuda a ser m\u00e9s conscient del teu cos i a millorar la teva percepci\u00f3 sensorial.<\/span><\/li><li style=\"font-weight: 400;\" aria-level=\"1\"><b>Reequilibri f\u00edsic, mental i emocional<\/b><span style=\"font-weight: 400;\">: \u00c9s una eina ideal per harmonitzar l&#8217;energia del cos, especialment indicada per a aquells que volen trobar un equilibri entre cos i ment.<\/span><\/li><li style=\"font-weight: 400;\" aria-level=\"1\"><b>Activaci\u00f3 del sistema circulatori i limf\u00e0tic<\/b><span style=\"font-weight: 400;\">: Els moviments fluids del massatge estimulen la circulaci\u00f3 sangu\u00ednia i limf\u00e0tica, afavorint una millor eliminaci\u00f3 de toxines.<\/span><\/li><li style=\"font-weight: 400;\" aria-level=\"1\"><b>Millora de la tonificaci\u00f3 muscular<\/b><span style=\"font-weight: 400;\">: A m\u00e9s d&#8217;actuar sobre els m\u00fasculs, el massatge californi\u00e0 ajuda a relaxar tensions acumulades i a millorar la flexibilitat muscular.<\/span><\/li><li style=\"font-weight: 400;\" aria-level=\"1\"><b>Efecte positiu sobre el sistema nervi\u00f3s<\/b><span style=\"font-weight: 400;\">: Gr\u00e0cies a la seva capacitat de relaxar profundament, aquest massatge t\u00e9 un impacte positiu en el sistema nervi\u00f3s, ajudant a reduir l\u2019ansietat i a millorar el son.<\/span><\/li><\/ol>\t\t\t\t\t\t\t\t<\/div>\n\t\t\t\t<\/div>\n\t\t\t\t<div class=\"elementor-element elementor-element-b145d52 elementor-widget elementor-widget-spacer\" data-id=\"b145d52\" data-element_type=\"widget\" data-e-type=\"widget\" data-widget_type=\"spacer.default\">\n\t\t\t\t<div class=\"elementor-widget-container\">\n\t\t\t\t\t\t\t<div class=\"elementor-spacer\">\n\t\t\t<div class=\"elementor-spacer-inner\"><\/div>\n\t\t<\/div>\n\t\t\t\t\t\t<\/div>\n\t\t\t\t<\/div>\n\t\t\t\t<div class=\"elementor-element elementor-element-f284388 elementor-widget elementor-widget-image\" data-id=\"f284388\" data-element_type=\"widget\" data-e-type=\"widget\" data-widget_type=\"image.default\">\n\t\t\t\t<div class=\"elementor-widget-container\">\n\t\t\t\t\t\t\t\t\t\t\t\t\t\t\t<img fetchpriority=\"high\" decoding=\"async\" width=\"1500\" height=\"800\" src=\"https:\/\/centresens.com\/wp-content\/uploads\/2024\/11\/Massatge-California-a-Vilafranca-del-Penedes.png\" class=\"attachment-full size-full wp-image-484\" alt=\"Massatge Californi\u00e0 a Vilafranca del Pened\u00e8s\" srcset=\"https:\/\/centresens.com\/wp-content\/uploads\/2024\/11\/Massatge-California-a-Vilafranca-del-Penedes.png 1500w, https:\/\/centresens.com\/wp-content\/uploads\/2024\/11\/Massatge-California-a-Vilafranca-del-Penedes-300x160.png 300w, https:\/\/centresens.com\/wp-content\/uploads\/2024\/11\/Massatge-California-a-Vilafranca-del-Penedes-1024x546.png 1024w, https:\/\/centresens.com\/wp-content\/uploads\/2024\/11\/Massatge-California-a-Vilafranca-del-Penedes-768x410.png 768w\" sizes=\"(max-width: 1500px) 100vw, 1500px\" title=\"\">\t\t\t\t\t\t\t\t\t\t\t\t\t\t\t<\/div>\n\t\t\t\t<\/div>\n\t\t\t\t<div class=\"elementor-element elementor-element-62c4d35 elementor-widget elementor-widget-text-editor\" data-id=\"62c4d35\" data-element_type=\"widget\" data-e-type=\"widget\" data-widget_type=\"text-editor.default\">\n\t\t\t\t<div class=\"elementor-widget-container\">\n\t\t\t\t\t\t\t\t\t<h3><b>A qui est\u00e0 dirigit el massatge californi\u00e0?<\/b><\/h3><p><span style=\"font-weight: 400;\">El <\/span><b>massatge californi\u00e0<\/b><span style=\"font-weight: 400;\"> \u00e9s ideal per a qualsevol persona que busqui una ter\u00e0pia hol\u00edstica per millorar la seva salut f\u00edsica, emocional i mental. \u00c9s especialment recomanable per a aquells que pateixen d&#8217;estr\u00e8s, tensi\u00f3 muscular o bloquejos energ\u00e8tics. Aquest tractament tamb\u00e9 \u00e9s perfecte per a persones que volen aprofundir en la seva connexi\u00f3 interna i millorar la seva consci\u00e8ncia corporal.<\/span><\/p><h4><b>Quan hauries de provar el massatge californi\u00e0?<\/b><\/h4><p><span style=\"font-weight: 400;\">El massatge californi\u00e0 \u00e9s una opci\u00f3 ideal si:<\/span><\/p><ul><li style=\"font-weight: 400;\" aria-level=\"1\"><span style=\"font-weight: 400;\">Et sents estressat o emocionalment esgotat.<\/span><\/li><li style=\"font-weight: 400;\" aria-level=\"1\"><span style=\"font-weight: 400;\">Necessites recuperar l&#8217;equilibri entre cos i ment.<\/span><\/li><li style=\"font-weight: 400;\" aria-level=\"1\"><span style=\"font-weight: 400;\">Vols millorar la teva capacitat de sentir i percebre sensacions corporals.<\/span><\/li><li style=\"font-weight: 400;\" aria-level=\"1\"><span style=\"font-weight: 400;\">Necessites alleujar la tensi\u00f3 muscular i millorar la circulaci\u00f3.<\/span><\/li><\/ul><p><span style=\"font-weight: 400;\">A <\/span><b>Centre Sens<\/b><span style=\"font-weight: 400;\">, adaptem cada sessi\u00f3 de <\/span><b>massatge californi\u00e0<\/b><span style=\"font-weight: 400;\"> a les teves necessitats personals. Els nostres professionals es prenen el temps necessari per comprendre els teus objectius i crear una experi\u00e8ncia totalment personalitzada.<\/span><\/p><h3><b>Reserva la teva sessi\u00f3 de massatge californi\u00e0<\/b><\/h3><p><span style=\"font-weight: 400;\">Vols experimentar una sensaci\u00f3 de benestar profund que harmonitzi el teu cos i ment? A <\/span><b>Centre Sens<\/b><span style=\"font-weight: 400;\">, t\u2019oferim l&#8217;oportunitat de gaudir del <\/span><b>massatge californi\u00e0<\/b><span style=\"font-weight: 400;\">, una ter\u00e0pia sensorial que no nom\u00e9s relaxa, sin\u00f3 que et connecta amb la teva ess\u00e8ncia. \u00c9s una experi\u00e8ncia que activa els teus sentits, millora la teva salut i afavoreix un estat de pau interior.<\/span><\/p><p><b>Reserva la teva cita aqu\u00ed<\/b><span style=\"font-weight: 400;\"> i comen\u00e7a a cuidar-te d&#8217;una manera m\u00e9s profunda i integradora.<\/span><\/p>\t\t\t\t\t\t\t\t<\/div>\n\t\t\t\t<\/div>\n\t\t\t\t<div class=\"elementor-element elementor-element-b76d2e4 elementor-align-center elementor-widget elementor-widget-button\" data-id=\"b76d2e4\" data-element_type=\"widget\" data-e-type=\"widget\" data-widget_type=\"button.default\">\n\t\t\t\t<div class=\"elementor-widget-container\">\n\t\t\t\t\t\t\t\t\t<div class=\"elementor-button-wrapper\">\n\t\t\t\t\t<a class=\"elementor-button elementor-button-link elementor-size-sm\" href=\"#reservar\">\n\t\t\t\t\t\t<span class=\"elementor-button-content-wrapper\">\n\t\t\t\t\t\t\t\t\t<span class=\"elementor-button-text\">Vull reservar<\/span>\n\t\t\t\t\t<\/span>\n\t\t\t\t\t<\/a>\n\t\t\t\t<\/div>\n\t\t\t\t\t\t\t\t<\/div>\n\t\t\t\t<\/div>\n\t\t\t\t\t<\/div>\n\t\t<\/div>\n\t\t\t\t\t<\/div>\n\t\t<\/section>\n\t\t\t\t<\/div>","protected":false},"excerpt":{"rendered":"<p>Massatge Californi\u00e0 a Vilafranca del Pened\u00e8s: Harmonia i Benestar Vull reservar Massatge Californi\u00e0 a Vilafranca del Pened\u00e8s: Harmonia i Benestar El massatge californi\u00e0 \u00e9s una de les t\u00e8cniques m\u00e9s relaxants i integradores que pots experimentar. A Centre Sens, aquest massatge sensorial s&#8217;ofereix com una eina per aconseguir un benestar complet, no nom\u00e9s a nivell f\u00edsic, [&hellip;]<\/p>","protected":false},"author":2,"featured_media":484,"parent":0,"menu_order":0,"comment_status":"closed","ping_status":"closed","template":"elementor_header_footer","meta":{"footnotes":""},"class_list":["post-475","page","type-page","status-publish","has-post-thumbnail","hentry"],"_links":{"self":[{"href":"https:\/\/centresens.com\/es\/wp-json\/wp\/v2\/pages\/475","targetHints":{"allow":["GET"]}}],"collection":[{"href":"https:\/\/centresens.com\/es\/wp-json\/wp\/v2\/pages"}],"about":[{"href":"https:\/\/centresens.com\/es\/wp-json\/wp\/v2\/types\/page"}],"author":[{"embeddable":true,"href":"https:\/\/centresens.com\/es\/wp-json\/wp\/v2\/users\/2"}],"replies":[{"embeddable":true,"href":"https:\/\/centresens.com\/es\/wp-json\/wp\/v2\/comments?post=475"}],"version-history":[{"count":5,"href":"https:\/\/centresens.com\/es\/wp-json\/wp\/v2\/pages\/475\/revisions"}],"predecessor-version":[{"id":497,"href":"https:\/\/centresens.com\/es\/wp-json\/wp\/v2\/pages\/475\/revisions\/497"}],"wp:featuredmedia":[{"embeddable":true,"href":"https:\/\/centresens.com\/es\/wp-json\/wp\/v2\/media\/484"}],"wp:attachment":[{"href":"https:\/\/centresens.com\/es\/wp-json\/wp\/v2\/media?parent=475"}],"curies":[{"name":"wp","href":"https:\/\/api.w.org\/{rel}","templated":true}]}}