{"id":474,"date":"2024-11-11T12:02:16","date_gmt":"2024-11-11T12:02:16","guid":{"rendered":"https:\/\/centresens.articagency.net\/?page_id=474"},"modified":"2024-11-11T14:40:01","modified_gmt":"2024-11-11T14:40:01","slug":"iridiologia-a-vilafranca-del-penedes","status":"publish","type":"page","link":"https:\/\/centresens.com\/es\/iridiologia-a-vilafranca-del-penedes\/","title":{"rendered":"Iridiologia a Vilafranca del Pened\u00e8s"},"content":{"rendered":"<div data-elementor-type=\"wp-page\" data-elementor-id=\"474\" class=\"elementor elementor-474\" data-elementor-post-type=\"page\">\n\t\t\t\t\t\t<section class=\"elementor-section elementor-top-section elementor-element elementor-element-56ece39 elementor-section-full_width elementor-section-height-default elementor-section-height-default\" data-id=\"56ece39\" data-element_type=\"section\" data-e-type=\"section\">\n\t\t\t\t\t\t\t<div class=\"elementor-background-overlay\"><\/div>\n\t\t\t\t\t\t\t<div class=\"elementor-container elementor-column-gap-default\">\n\t\t\t\t\t<div class=\"elementor-column elementor-col-100 elementor-top-column elementor-element elementor-element-2bdc1ac\" data-id=\"2bdc1ac\" data-element_type=\"column\" data-e-type=\"column\">\n\t\t\t<div class=\"elementor-widget-wrap elementor-element-populated\">\n\t\t\t\t\t\t<div class=\"elementor-element elementor-element-7ad854d elementor-widget-mobile__width-initial elementor-widget elementor-widget-heading\" data-id=\"7ad854d\" data-element_type=\"widget\" data-e-type=\"widget\" data-widget_type=\"heading.default\">\n\t\t\t\t<div class=\"elementor-widget-container\">\n\t\t\t\t\t<h1 class=\"elementor-heading-title elementor-size-default\">Iridiologia a Vilafranca del Pened\u00e8s: <br>\nLa teva salut a trav\u00e9s dels ulls\n<\/h1>\t\t\t\t<\/div>\n\t\t\t\t<\/div>\n\t\t\t\t<div class=\"elementor-element elementor-element-6cd67ef elementor-widget elementor-widget-spacer\" data-id=\"6cd67ef\" data-element_type=\"widget\" data-e-type=\"widget\" data-widget_type=\"spacer.default\">\n\t\t\t\t<div class=\"elementor-widget-container\">\n\t\t\t\t\t\t\t<div class=\"elementor-spacer\">\n\t\t\t<div class=\"elementor-spacer-inner\"><\/div>\n\t\t<\/div>\n\t\t\t\t\t\t<\/div>\n\t\t\t\t<\/div>\n\t\t\t\t<div class=\"elementor-element elementor-element-96bc0df elementor-align-center elementor-widget elementor-widget-button\" data-id=\"96bc0df\" data-element_type=\"widget\" data-e-type=\"widget\" data-widget_type=\"button.default\">\n\t\t\t\t<div class=\"elementor-widget-container\">\n\t\t\t\t\t\t\t\t\t<div class=\"elementor-button-wrapper\">\n\t\t\t\t\t<a class=\"elementor-button elementor-button-link elementor-size-sm\" href=\"#reservar\">\n\t\t\t\t\t\t<span class=\"elementor-button-content-wrapper\">\n\t\t\t\t\t\t\t\t\t<span class=\"elementor-button-text\">Vull reservar<\/span>\n\t\t\t\t\t<\/span>\n\t\t\t\t\t<\/a>\n\t\t\t\t<\/div>\n\t\t\t\t\t\t\t\t<\/div>\n\t\t\t\t<\/div>\n\t\t\t\t\t<\/div>\n\t\t<\/div>\n\t\t\t\t\t<\/div>\n\t\t<\/section>\n\t\t\t\t<section class=\"elementor-section elementor-top-section elementor-element elementor-element-5063db5 elementor-reverse-tablet elementor-reverse-mobile elementor-section-boxed elementor-section-height-default elementor-section-height-default\" data-id=\"5063db5\" data-element_type=\"section\" data-e-type=\"section\">\n\t\t\t\t\t\t<div class=\"elementor-container elementor-column-gap-default\">\n\t\t\t\t\t<div class=\"elementor-column elementor-col-100 elementor-top-column elementor-element elementor-element-95a1254\" data-id=\"95a1254\" data-element_type=\"column\" data-e-type=\"column\">\n\t\t\t<div class=\"elementor-widget-wrap elementor-element-populated\">\n\t\t\t\t\t\t<div class=\"elementor-element elementor-element-f3dbeda elementor-widget__width-initial elementor-widget elementor-widget-text-editor\" data-id=\"f3dbeda\" data-element_type=\"widget\" data-e-type=\"widget\" data-widget_type=\"text-editor.default\">\n\t\t\t\t<div class=\"elementor-widget-container\">\n\t\t\t\t\t\t\t\t\t<h2><b>Iridiologia a Vilafranca del Pened\u00e8s: La teva salut a trav\u00e9s dels ulls<\/b><\/h2>\n<p><span style=\"font-weight: 400;\">A <\/span><b>Centre Sens<\/b><span style=\"font-weight: 400;\">, oferim la t\u00e8cnica de la <\/span><b>iridiologia<\/b><span style=\"font-weight: 400;\">, una pr\u00e0ctica que permet obtenir informaci\u00f3 detallada sobre la salut del cos i la ment simplement observant l&#8217;iris dels teus ulls. Aquesta t\u00e8cnica mil\u00b7len\u00e0ria es basa en l&#8217;estudi de patrons, colors i textures de l&#8217;iris, que es considera una finestra de l\u2019estat de salut general. Si vols con\u00e8ixer m\u00e9s sobre el teu cos i descobrir possibles desequilibris abans que es manifestin, la iridiologia \u00e9s una eina excel\u00b7lent.<\/span><\/p>\n<h3><b>Qu\u00e8 \u00e9s la iridiologia?<\/b><\/h3>\n<p><span style=\"font-weight: 400;\">La <\/span><b>iridiologia<\/b><span style=\"font-weight: 400;\"> \u00e9s una t\u00e8cnica de diagn\u00f2stic no invasiva que es basa en l&#8217;observaci\u00f3 de l&#8217;iris, la part acolorida dels ulls, per determinar la salut sist\u00e8mica del cos. Els professionals de la iridiologia utilitzen un mapa de l&#8217;iris, que divideix l\u2019ull en zones corresponents a diferents parts del cos. Aix\u00ed, poden detectar indicis de problemes de salut o desequilibris en funci\u00f3 de les alteracions que es troben en aquestes zones.<\/span><\/p>\n<p><span style=\"font-weight: 400;\">L\u2019iris actua com un mirall de l\u2019estat f\u00edsic i emocional de la persona, mostrant tensions acumulades, inflamacions i altres alteracions que podrien no haver-se manifestat encara a nivell f\u00edsic.<\/span><\/p>\n<h3><b>Beneficis de la iridiologia<\/b><\/h3>\n<p><span style=\"font-weight: 400;\">La <\/span><b>iridiologia<\/b><span style=\"font-weight: 400;\"> ofereix una s\u00e8rie de beneficis importants per a aquelles persones que busquen comprendre millor la seva salut i prevenir problemes abans que es converteixin en patologies greus. A <\/span><b>Centre Sens<\/b><span style=\"font-weight: 400;\">, aquesta t\u00e8cnica pot ajudar-te a:<\/span><\/p>\n<ol>\n<li style=\"font-weight: 400;\" aria-level=\"1\"><b>Detectar desequilibris del cos<\/b><span style=\"font-weight: 400;\">: L\u2019iridiologia pot revelar problemes de salut abans que apareguin s\u00edmptomes evidents, oferint una oportunitat per actuar de manera preventiva.<\/span><\/li>\n<li style=\"font-weight: 400;\" aria-level=\"1\"><b>Millorar la comprensi\u00f3 del teu estat de salut general<\/b><span style=\"font-weight: 400;\">: L\u2019an\u00e0lisi de l\u2019iris proporciona una visi\u00f3 global de la salut del teu cos, des de les funcions org\u00e0niques fins a l\u2019estat emocional.<\/span><\/li>\n<li style=\"font-weight: 400;\" aria-level=\"1\"><b>Personalitzaci\u00f3 del tractament<\/b><span style=\"font-weight: 400;\">: Gr\u00e0cies a la informaci\u00f3 obtinguda a trav\u00e9s de la iridiologia, es poden ajustar tractaments espec\u00edfics per abordar els desequilibris detectats i fomentar la curaci\u00f3 natural del cos.<\/span><\/li>\n<li style=\"font-weight: 400;\" aria-level=\"1\"><b>Millorar la connexi\u00f3 entre cos i ment<\/b><span style=\"font-weight: 400;\">: Aquesta t\u00e8cnica no nom\u00e9s detecta problemes f\u00edsics, sin\u00f3 que tamb\u00e9 pot identificar desequilibris emocionals, ajudant a restaurar l\u2019equilibri emocional.<\/span><\/li>\n<li style=\"font-weight: 400;\" aria-level=\"1\"><b>Seguiment de l\u2019evoluci\u00f3 del tractament<\/b><span>: Mitjan\u00e7ant la iridiologia, es poden avaluar els canvis en la salut al llarg del temps, permetent un seguiment m\u00e9s prec\u00eds dels tractaments i ajustos segons l\u2019evoluci\u00f3 del pacient.<\/span><\/li>\n<\/ol>\t\t\t\t\t\t\t\t<\/div>\n\t\t\t\t<\/div>\n\t\t\t\t<div class=\"elementor-element elementor-element-b145d52 elementor-widget elementor-widget-spacer\" data-id=\"b145d52\" data-element_type=\"widget\" data-e-type=\"widget\" data-widget_type=\"spacer.default\">\n\t\t\t\t<div class=\"elementor-widget-container\">\n\t\t\t\t\t\t\t<div class=\"elementor-spacer\">\n\t\t\t<div class=\"elementor-spacer-inner\"><\/div>\n\t\t<\/div>\n\t\t\t\t\t\t<\/div>\n\t\t\t\t<\/div>\n\t\t\t\t<div class=\"elementor-element elementor-element-f284388 elementor-widget elementor-widget-image\" data-id=\"f284388\" data-element_type=\"widget\" data-e-type=\"widget\" data-widget_type=\"image.default\">\n\t\t\t\t<div class=\"elementor-widget-container\">\n\t\t\t\t\t\t\t\t\t\t\t\t\t\t\t<img fetchpriority=\"high\" decoding=\"async\" width=\"1500\" height=\"800\" src=\"https:\/\/centresens.com\/wp-content\/uploads\/2024\/11\/Iridiologia-a-Vilafranca-del-Penedes.png\" class=\"attachment-full size-full wp-image-485\" alt=\"Iridiologia a Vilafranca del Pened\u00e8s\" srcset=\"https:\/\/centresens.com\/wp-content\/uploads\/2024\/11\/Iridiologia-a-Vilafranca-del-Penedes.png 1500w, https:\/\/centresens.com\/wp-content\/uploads\/2024\/11\/Iridiologia-a-Vilafranca-del-Penedes-300x160.png 300w, https:\/\/centresens.com\/wp-content\/uploads\/2024\/11\/Iridiologia-a-Vilafranca-del-Penedes-1024x546.png 1024w, https:\/\/centresens.com\/wp-content\/uploads\/2024\/11\/Iridiologia-a-Vilafranca-del-Penedes-768x410.png 768w\" sizes=\"(max-width: 1500px) 100vw, 1500px\" title=\"\">\t\t\t\t\t\t\t\t\t\t\t\t\t\t\t<\/div>\n\t\t\t\t<\/div>\n\t\t\t\t<div class=\"elementor-element elementor-element-62c4d35 elementor-widget elementor-widget-text-editor\" data-id=\"62c4d35\" data-element_type=\"widget\" data-e-type=\"widget\" data-widget_type=\"text-editor.default\">\n\t\t\t\t<div class=\"elementor-widget-container\">\n\t\t\t\t\t\t\t\t\t<h3><b>Com funciona una sessi\u00f3 d\u2019iridiologia?<\/b><\/h3><p><span style=\"font-weight: 400;\">Durant una sessi\u00f3 de <\/span><b>iridiologia a Centre Sens<\/b><span style=\"font-weight: 400;\">, el professional examina l&#8217;iris dels teus ulls amb l&#8217;ajuda d&#8217;una llum i una lupa especial. Aquesta observaci\u00f3 permet identificar els diferents patrons, colors i textures que revelen informaci\u00f3 sobre l\u2019estat de salut de les diferents parts del cos.<\/span><\/p><p><span style=\"font-weight: 400;\">L\u2019iris es divideix en zones corresponents als \u00f2rgans i sistemes del cos hum\u00e0, i les anomalies en aquestes zones poden indicar la pres\u00e8ncia de tensions, inflamacions o altres desequilibris. A partir d\u2019aquesta informaci\u00f3, es pot crear un mapa personalitzat de la teva salut i recomanar accions preventives o tractaments espec\u00edfics per millorar el teu benestar.<\/span><\/p><h3><b>A qui va dirigida la iridiologia?<\/b><\/h3><p><span style=\"font-weight: 400;\">La <\/span><b>iridiologia<\/b><span style=\"font-weight: 400;\"> \u00e9s una t\u00e8cnica indicada per a qualsevol persona que vulgui tenir una visi\u00f3 m\u00e9s \u00e0mplia i detallada del seu estat de salut. \u00c9s especialment \u00fatil per a aquells que busquen prevenir malalties i desequilibris abans que es manifestin, o per a persones que vulguin aprofundir en la connexi\u00f3 entre el seu cos f\u00edsic i emocional.<\/span><\/p><p><span style=\"font-weight: 400;\">Tamb\u00e9 \u00e9s una opci\u00f3 ideal per a aquelles persones que busquen m\u00e8todes de diagn\u00f2stic complementaris i naturals, sense necessitat de procediments invasius. La iridiologia permet detectar problemes latents que podrien passar desapercebuts en altres proves convencionals.<\/span><\/p><h3><b>Reserva la teva sessi\u00f3 d\u2019iridiologia<\/b><\/h3><p><span style=\"font-weight: 400;\">Si vols con\u00e8ixer millor el teu cos i prevenir possibles desequilibris, et convidem a descobrir els beneficis de la <\/span><b>iridiologia<\/b><span style=\"font-weight: 400;\"> a <\/span><b>Centre Sens<\/b><span style=\"font-weight: 400;\">. Aquesta t\u00e8cnica t\u2019ajudar\u00e0 a tenir una visi\u00f3 m\u00e9s completa del teu estat de salut i a prendre decisions preventives per mantenir l&#8217;equilibri f\u00edsic i emocional.<\/span><\/p><p><b>Reserva la teva cita aqu\u00ed<\/b><span style=\"font-weight: 400;\"> i aprofita la informaci\u00f3 que els teus ulls poden revelar sobre la teva salut.<\/span><\/p><p><span style=\"color: var( --e-global-color-text ); font-family: var( --e-global-typography-text-font-family ), Sans-serif; font-weight: var( --e-global-typography-text-font-weight ); letter-spacing: 0.02em;\">\u00a0<\/span><\/p>\t\t\t\t\t\t\t\t<\/div>\n\t\t\t\t<\/div>\n\t\t\t\t<div class=\"elementor-element elementor-element-b76d2e4 elementor-align-center elementor-widget elementor-widget-button\" data-id=\"b76d2e4\" data-element_type=\"widget\" data-e-type=\"widget\" data-widget_type=\"button.default\">\n\t\t\t\t<div class=\"elementor-widget-container\">\n\t\t\t\t\t\t\t\t\t<div class=\"elementor-button-wrapper\">\n\t\t\t\t\t<a class=\"elementor-button elementor-button-link elementor-size-sm\" href=\"#reservar\">\n\t\t\t\t\t\t<span class=\"elementor-button-content-wrapper\">\n\t\t\t\t\t\t\t\t\t<span class=\"elementor-button-text\">Vull reservar<\/span>\n\t\t\t\t\t<\/span>\n\t\t\t\t\t<\/a>\n\t\t\t\t<\/div>\n\t\t\t\t\t\t\t\t<\/div>\n\t\t\t\t<\/div>\n\t\t\t\t\t<\/div>\n\t\t<\/div>\n\t\t\t\t\t<\/div>\n\t\t<\/section>\n\t\t\t\t<\/div>","protected":false},"excerpt":{"rendered":"<p>Iridiologia a Vilafranca del Pened\u00e8s: La teva salut a trav\u00e9s dels ulls Vull reservar Iridiologia a Vilafranca del Pened\u00e8s: La teva salut a trav\u00e9s dels ulls A Centre Sens, oferim la t\u00e8cnica de la iridiologia, una pr\u00e0ctica que permet obtenir informaci\u00f3 detallada sobre la salut del cos i la ment simplement observant l&#8217;iris dels teus [&hellip;]<\/p>","protected":false},"author":2,"featured_media":485,"parent":0,"menu_order":0,"comment_status":"closed","ping_status":"closed","template":"elementor_header_footer","meta":{"footnotes":""},"class_list":["post-474","page","type-page","status-publish","has-post-thumbnail","hentry"],"_links":{"self":[{"href":"https:\/\/centresens.com\/es\/wp-json\/wp\/v2\/pages\/474","targetHints":{"allow":["GET"]}}],"collection":[{"href":"https:\/\/centresens.com\/es\/wp-json\/wp\/v2\/pages"}],"about":[{"href":"https:\/\/centresens.com\/es\/wp-json\/wp\/v2\/types\/page"}],"author":[{"embeddable":true,"href":"https:\/\/centresens.com\/es\/wp-json\/wp\/v2\/users\/2"}],"replies":[{"embeddable":true,"href":"https:\/\/centresens.com\/es\/wp-json\/wp\/v2\/comments?post=474"}],"version-history":[{"count":5,"href":"https:\/\/centresens.com\/es\/wp-json\/wp\/v2\/pages\/474\/revisions"}],"predecessor-version":[{"id":491,"href":"https:\/\/centresens.com\/es\/wp-json\/wp\/v2\/pages\/474\/revisions\/491"}],"wp:featuredmedia":[{"embeddable":true,"href":"https:\/\/centresens.com\/es\/wp-json\/wp\/v2\/media\/485"}],"wp:attachment":[{"href":"https:\/\/centresens.com\/es\/wp-json\/wp\/v2\/media?parent=474"}],"curies":[{"name":"wp","href":"https:\/\/api.w.org\/{rel}","templated":true}]}}