{"id":425,"date":"2024-11-11T10:03:46","date_gmt":"2024-11-11T10:03:46","guid":{"rendered":"https:\/\/centresens.articagency.net\/?page_id=425"},"modified":"2024-11-11T10:15:24","modified_gmt":"2024-11-11T10:15:24","slug":"massatges-esportius-a-vilafranca-del-penedes","status":"publish","type":"page","link":"https:\/\/centresens.com\/es\/massatges-esportius-a-vilafranca-del-penedes\/","title":{"rendered":"Massatges esportius a Vilafranca del Pened\u00e8s"},"content":{"rendered":"<div data-elementor-type=\"wp-page\" data-elementor-id=\"425\" class=\"elementor elementor-425\" data-elementor-post-type=\"page\">\n\t\t\t\t\t\t<section class=\"elementor-section elementor-top-section elementor-element elementor-element-56ece39 elementor-section-full_width elementor-section-height-default elementor-section-height-default\" data-id=\"56ece39\" data-element_type=\"section\" data-e-type=\"section\">\n\t\t\t\t\t\t\t<div class=\"elementor-background-overlay\"><\/div>\n\t\t\t\t\t\t\t<div class=\"elementor-container elementor-column-gap-default\">\n\t\t\t\t\t<div class=\"elementor-column elementor-col-100 elementor-top-column elementor-element elementor-element-2bdc1ac\" data-id=\"2bdc1ac\" data-element_type=\"column\" data-e-type=\"column\">\n\t\t\t<div class=\"elementor-widget-wrap elementor-element-populated\">\n\t\t\t\t\t\t<div class=\"elementor-element elementor-element-7ad854d elementor-widget-mobile__width-initial elementor-widget elementor-widget-heading\" data-id=\"7ad854d\" data-element_type=\"widget\" data-e-type=\"widget\" data-widget_type=\"heading.default\">\n\t\t\t\t<div class=\"elementor-widget-container\">\n\t\t\t\t\t<h1 class=\"elementor-heading-title elementor-size-default\">Massatges esportius a Vilafranca del Pened\u00e8s<\/h1>\t\t\t\t<\/div>\n\t\t\t\t<\/div>\n\t\t\t\t<div class=\"elementor-element elementor-element-6cd67ef elementor-widget elementor-widget-spacer\" data-id=\"6cd67ef\" data-element_type=\"widget\" data-e-type=\"widget\" data-widget_type=\"spacer.default\">\n\t\t\t\t<div class=\"elementor-widget-container\">\n\t\t\t\t\t\t\t<div class=\"elementor-spacer\">\n\t\t\t<div class=\"elementor-spacer-inner\"><\/div>\n\t\t<\/div>\n\t\t\t\t\t\t<\/div>\n\t\t\t\t<\/div>\n\t\t\t\t<div class=\"elementor-element elementor-element-96bc0df elementor-align-center elementor-widget elementor-widget-button\" data-id=\"96bc0df\" data-element_type=\"widget\" data-e-type=\"widget\" data-widget_type=\"button.default\">\n\t\t\t\t<div class=\"elementor-widget-container\">\n\t\t\t\t\t\t\t\t\t<div class=\"elementor-button-wrapper\">\n\t\t\t\t\t<a class=\"elementor-button elementor-button-link elementor-size-sm\" href=\"#reservar\">\n\t\t\t\t\t\t<span class=\"elementor-button-content-wrapper\">\n\t\t\t\t\t\t\t\t\t<span class=\"elementor-button-text\">Vull reservar<\/span>\n\t\t\t\t\t<\/span>\n\t\t\t\t\t<\/a>\n\t\t\t\t<\/div>\n\t\t\t\t\t\t\t\t<\/div>\n\t\t\t\t<\/div>\n\t\t\t\t\t<\/div>\n\t\t<\/div>\n\t\t\t\t\t<\/div>\n\t\t<\/section>\n\t\t\t\t<section class=\"elementor-section elementor-top-section elementor-element elementor-element-5063db5 elementor-reverse-tablet elementor-reverse-mobile elementor-section-boxed elementor-section-height-default elementor-section-height-default\" data-id=\"5063db5\" data-element_type=\"section\" data-e-type=\"section\">\n\t\t\t\t\t\t<div class=\"elementor-container elementor-column-gap-default\">\n\t\t\t\t\t<div class=\"elementor-column elementor-col-100 elementor-top-column elementor-element elementor-element-95a1254\" data-id=\"95a1254\" data-element_type=\"column\" data-e-type=\"column\">\n\t\t\t<div class=\"elementor-widget-wrap elementor-element-populated\">\n\t\t\t\t\t\t<div class=\"elementor-element elementor-element-f3dbeda elementor-widget__width-initial elementor-widget elementor-widget-text-editor\" data-id=\"f3dbeda\" data-element_type=\"widget\" data-e-type=\"widget\" data-widget_type=\"text-editor.default\">\n\t\t\t\t<div class=\"elementor-widget-container\">\n\t\t\t\t\t\t\t\t\t<h2><b>Massatges esportius a Vilafranca del Pened\u00e8s<\/b><\/h2><p><span style=\"font-weight: 400;\">A <\/span><b>Centre Sens<\/b><span style=\"font-weight: 400;\">, oferim <\/span><b>massatges esportius a Vilafranca del Pened\u00e8s<\/b><span style=\"font-weight: 400;\">, especialment dissenyats per a esportistes o persones que realitzen activitat f\u00edsica de manera regular. Els nostres massatges ajuden a prevenir lesions, millorar el rendiment i accelerar la recuperaci\u00f3 muscular despr\u00e9s de l\u2019exercici.<\/span><\/p><h3><b>Qu\u00e8 \u00e9s un massatge esportiu?<\/b><\/h3><p><span style=\"font-weight: 400;\">El <\/span><b>massatge esportiu<\/b><span style=\"font-weight: 400;\"> \u00e9s una t\u00e8cnica terap\u00e8utica dirigida a tractar les necessitats espec\u00edfiques dels esportistes. A difer\u00e8ncia d&#8217;altres tipus de massatges, aquest se centra en les \u00e0rees musculars m\u00e9s afectades per l&#8217;activitat f\u00edsica, ajudant a alleujar la tensi\u00f3, millorar la flexibilitat i prevenir lesions.<\/span><\/p><p><span style=\"font-weight: 400;\">Aquest tipus de massatge es pot realitzar tant abans com despr\u00e9s de l&#8217;exercici. Abans d&#8217;una competici\u00f3 o entrenament, ajuda a preparar els m\u00fasculs, mentre que despr\u00e9s de l&#8217;activitat f\u00edsica, afavoreix la recuperaci\u00f3 i redueix la fatiga muscular.<\/span><\/p><h3><b>Beneficis dels massatges esportius a Vilafranca del Pened\u00e8s<\/b><\/h3><p><span style=\"font-weight: 400;\">Si practiques esport regularment, un <\/span><b>massatge esportiu a Vilafranca del Pened\u00e8s<\/b><span style=\"font-weight: 400;\"> pot oferir-te diversos beneficis:<\/span><\/p><ol><li style=\"font-weight: 400;\" aria-level=\"1\"><b>Prevenci\u00f3 de lesions<\/b><span style=\"font-weight: 400;\">: Els massatges esportius redueixen la tensi\u00f3 muscular i milloren la flexibilitat, cosa que ajuda a prevenir sobrec\u00e0rregues i lesions.<\/span><\/li><li style=\"font-weight: 400;\" aria-level=\"1\"><b>Millora del rendiment<\/b><span style=\"font-weight: 400;\">: Un bon massatge prepara els m\u00fasculs per a l&#8217;exercici, augmentant la circulaci\u00f3 sangu\u00ednia i millorant l&#8217;oxigenaci\u00f3 dels teixits, fet que es tradueix en un millor rendiment f\u00edsic.<\/span><\/li><li style=\"font-weight: 400;\" aria-level=\"1\"><b>Recuperaci\u00f3 m\u00e9s r\u00e0pida<\/b><span style=\"font-weight: 400;\">: Despr\u00e9s d&#8217;un entrenament intens o una competici\u00f3, el massatge esportiu ajuda a eliminar toxines acumulades, alleujar la fatiga i reduir el temps de recuperaci\u00f3.<\/span><\/li><\/ol><p><b>Reducci\u00f3 de dolors i mol\u00e8sties musculars<\/b><span style=\"font-weight: 400;\">: A trav\u00e9s de t\u00e8cniques espec\u00edfiques, es treballen les \u00e0rees m\u00e9s afectades, reduint les contractures i millorant el benestar general.<\/span><\/p>\t\t\t\t\t\t\t\t<\/div>\n\t\t\t\t<\/div>\n\t\t\t\t<div class=\"elementor-element elementor-element-b145d52 elementor-widget elementor-widget-spacer\" data-id=\"b145d52\" data-element_type=\"widget\" data-e-type=\"widget\" data-widget_type=\"spacer.default\">\n\t\t\t\t<div class=\"elementor-widget-container\">\n\t\t\t\t\t\t\t<div class=\"elementor-spacer\">\n\t\t\t<div class=\"elementor-spacer-inner\"><\/div>\n\t\t<\/div>\n\t\t\t\t\t\t<\/div>\n\t\t\t\t<\/div>\n\t\t\t\t<div class=\"elementor-element elementor-element-f284388 elementor-widget elementor-widget-image\" data-id=\"f284388\" data-element_type=\"widget\" data-e-type=\"widget\" data-widget_type=\"image.default\">\n\t\t\t\t<div class=\"elementor-widget-container\">\n\t\t\t\t\t\t\t\t\t\t\t\t\t\t\t<img fetchpriority=\"high\" decoding=\"async\" width=\"1500\" height=\"800\" src=\"https:\/\/centresens.com\/wp-content\/uploads\/2024\/11\/Massatges-esportius-a-Vilafranca-del-Penedes.png\" class=\"attachment-full size-full wp-image-426\" alt=\"Massatges esportius a Vilafranca del Pened\u00e8s\" srcset=\"https:\/\/centresens.com\/wp-content\/uploads\/2024\/11\/Massatges-esportius-a-Vilafranca-del-Penedes.png 1500w, https:\/\/centresens.com\/wp-content\/uploads\/2024\/11\/Massatges-esportius-a-Vilafranca-del-Penedes-300x160.png 300w, https:\/\/centresens.com\/wp-content\/uploads\/2024\/11\/Massatges-esportius-a-Vilafranca-del-Penedes-1024x546.png 1024w, https:\/\/centresens.com\/wp-content\/uploads\/2024\/11\/Massatges-esportius-a-Vilafranca-del-Penedes-768x410.png 768w\" sizes=\"(max-width: 1500px) 100vw, 1500px\" title=\"\">\t\t\t\t\t\t\t\t\t\t\t\t\t\t\t<\/div>\n\t\t\t\t<\/div>\n\t\t\t\t<div class=\"elementor-element elementor-element-62c4d35 elementor-widget elementor-widget-text-editor\" data-id=\"62c4d35\" data-element_type=\"widget\" data-e-type=\"widget\" data-widget_type=\"text-editor.default\">\n\t\t\t\t<div class=\"elementor-widget-container\">\n\t\t\t\t\t\t\t\t\t<h3><b>Com s\u00f3n les nostres sessions de massatge esportiu?<\/b><\/h3><p><span style=\"font-weight: 400;\">Les sessions de <\/span><b>massatge esportiu a Vilafranca del Pened\u00e8s<\/b><span style=\"font-weight: 400;\"> a <\/span><b>Centre Sens<\/b><span style=\"font-weight: 400;\"> estan totalment adaptades a les necessitats de cada esportista. El tractament comen\u00e7a amb una breu consulta per entendre les teves necessitats espec\u00edfiques, ja sigui que busquis prevenir lesions o accelerar la recuperaci\u00f3 despr\u00e9s d\u2019una competici\u00f3.<\/span><\/p><p><span style=\"font-weight: 400;\">Durant la sessi\u00f3, s\u2019utilitzen t\u00e8cniques de pressi\u00f3 profunda, estiraments musculars i altres m\u00e8todes terap\u00e8utics per treballar les zones m\u00e9s afectades per la pr\u00e0ctica esportiva. Els nostres professionals compten amb experi\u00e8ncia en massatges esportius i s&#8217;asseguraran que cada sessi\u00f3 sigui efectiva i personalitzada.<\/span><\/p><h3><b>Per a qui \u00e9s recomanable el massatge esportiu?<\/b><\/h3><p><span style=\"font-weight: 400;\">El <\/span><b>massatge esportiu<\/b><span style=\"font-weight: 400;\"> \u00e9s especialment recomanat per a:<\/span><\/p><ul><li style=\"font-weight: 400;\" aria-level=\"1\"><span style=\"font-weight: 400;\">Esportistes d&#8217;elit o aficionats que volen millorar el seu rendiment.<\/span><\/li><li style=\"font-weight: 400;\" aria-level=\"1\"><span style=\"font-weight: 400;\">Persones que practiquen exercici regularment i volen prevenir lesions o alleujar mol\u00e8sties.<\/span><\/li><li style=\"font-weight: 400;\" aria-level=\"1\"><span style=\"font-weight: 400;\">Aquells que busquen accelerar la seva recuperaci\u00f3 despr\u00e9s de competicions o entrenaments intensos.<\/span><\/li><\/ul><h3><b>Reserva el teu massatge esportiu a Vilafranca del Pened\u00e8s<\/b><\/h3><p><span style=\"font-weight: 400;\">Si vols millorar el teu rendiment esportiu o accelerar la teva recuperaci\u00f3, a <\/span><b>Centre Sens<\/b><span style=\"font-weight: 400;\"> t&#8217;oferim sessions personalitzades de <\/span><b>massatges esportius a Vilafranca del Pened\u00e8s<\/b><span style=\"font-weight: 400;\">. El nostre equip de professionals est\u00e0 preparat per ajudar-te a aconseguir els teus objectius, ja sigui preparar-te per a una competici\u00f3 o recuperar-te despr\u00e9s de l\u2019esfor\u00e7.<\/span><\/p><p><span style=\"font-weight: 400;\">Posa&#8217;t en contacte amb nosaltres per reservar la teva sessi\u00f3 de massatge esportiu. Pots trucar-nos directament o <\/span><b>reservar la teva cita aqu\u00ed<\/b><span style=\"font-weight: 400;\"> i et proporcionarem l\u2019atenci\u00f3 que necessites.<\/span><\/p>\t\t\t\t\t\t\t\t<\/div>\n\t\t\t\t<\/div>\n\t\t\t\t<div class=\"elementor-element elementor-element-b76d2e4 elementor-align-center elementor-widget elementor-widget-button\" data-id=\"b76d2e4\" data-element_type=\"widget\" data-e-type=\"widget\" data-widget_type=\"button.default\">\n\t\t\t\t<div class=\"elementor-widget-container\">\n\t\t\t\t\t\t\t\t\t<div class=\"elementor-button-wrapper\">\n\t\t\t\t\t<a class=\"elementor-button elementor-button-link elementor-size-sm\" href=\"#reservar\">\n\t\t\t\t\t\t<span class=\"elementor-button-content-wrapper\">\n\t\t\t\t\t\t\t\t\t<span class=\"elementor-button-text\">Vull reservar<\/span>\n\t\t\t\t\t<\/span>\n\t\t\t\t\t<\/a>\n\t\t\t\t<\/div>\n\t\t\t\t\t\t\t\t<\/div>\n\t\t\t\t<\/div>\n\t\t\t\t\t<\/div>\n\t\t<\/div>\n\t\t\t\t\t<\/div>\n\t\t<\/section>\n\t\t\t\t<\/div>","protected":false},"excerpt":{"rendered":"<p>Massatges esportius a Vilafranca del Pened\u00e8s Vull reservar Massatges esportius a Vilafranca del Pened\u00e8s A Centre Sens, oferim massatges esportius a Vilafranca del Pened\u00e8s, especialment dissenyats per a esportistes o persones que realitzen activitat f\u00edsica de manera regular. Els nostres massatges ajuden a prevenir lesions, millorar el rendiment i accelerar la recuperaci\u00f3 muscular despr\u00e9s de [&hellip;]<\/p>","protected":false},"author":2,"featured_media":426,"parent":0,"menu_order":0,"comment_status":"closed","ping_status":"closed","template":"elementor_header_footer","meta":{"footnotes":""},"class_list":["post-425","page","type-page","status-publish","has-post-thumbnail","hentry"],"_links":{"self":[{"href":"https:\/\/centresens.com\/es\/wp-json\/wp\/v2\/pages\/425","targetHints":{"allow":["GET"]}}],"collection":[{"href":"https:\/\/centresens.com\/es\/wp-json\/wp\/v2\/pages"}],"about":[{"href":"https:\/\/centresens.com\/es\/wp-json\/wp\/v2\/types\/page"}],"author":[{"embeddable":true,"href":"https:\/\/centresens.com\/es\/wp-json\/wp\/v2\/users\/2"}],"replies":[{"embeddable":true,"href":"https:\/\/centresens.com\/es\/wp-json\/wp\/v2\/comments?post=425"}],"version-history":[{"count":5,"href":"https:\/\/centresens.com\/es\/wp-json\/wp\/v2\/pages\/425\/revisions"}],"predecessor-version":[{"id":444,"href":"https:\/\/centresens.com\/es\/wp-json\/wp\/v2\/pages\/425\/revisions\/444"}],"wp:featuredmedia":[{"embeddable":true,"href":"https:\/\/centresens.com\/es\/wp-json\/wp\/v2\/media\/426"}],"wp:attachment":[{"href":"https:\/\/centresens.com\/es\/wp-json\/wp\/v2\/media?parent=425"}],"curies":[{"name":"wp","href":"https:\/\/api.w.org\/{rel}","templated":true}]}}