{"id":409,"date":"2024-11-11T09:31:20","date_gmt":"2024-11-11T09:31:20","guid":{"rendered":"https:\/\/centresens.articagency.net\/?page_id=409"},"modified":"2024-11-11T10:15:01","modified_gmt":"2024-11-11T10:15:01","slug":"acupuntura-a-vilafranca-del-penedes","status":"publish","type":"page","link":"https:\/\/centresens.com\/es\/acupuntura-a-vilafranca-del-penedes\/","title":{"rendered":"Acupuntura a Vilafranca del Pened\u00e8s"},"content":{"rendered":"<div data-elementor-type=\"wp-page\" data-elementor-id=\"409\" class=\"elementor elementor-409\" data-elementor-post-type=\"page\">\n\t\t\t\t\t\t<section class=\"elementor-section elementor-top-section elementor-element elementor-element-56ece39 elementor-section-full_width elementor-section-height-default elementor-section-height-default\" data-id=\"56ece39\" data-element_type=\"section\" data-e-type=\"section\">\n\t\t\t\t\t\t\t<div class=\"elementor-background-overlay\"><\/div>\n\t\t\t\t\t\t\t<div class=\"elementor-container elementor-column-gap-default\">\n\t\t\t\t\t<div class=\"elementor-column elementor-col-100 elementor-top-column elementor-element elementor-element-2bdc1ac\" data-id=\"2bdc1ac\" data-element_type=\"column\" data-e-type=\"column\">\n\t\t\t<div class=\"elementor-widget-wrap elementor-element-populated\">\n\t\t\t\t\t\t<div class=\"elementor-element elementor-element-7ad854d elementor-widget-mobile__width-initial elementor-widget elementor-widget-heading\" data-id=\"7ad854d\" data-element_type=\"widget\" data-e-type=\"widget\" data-widget_type=\"heading.default\">\n\t\t\t\t<div class=\"elementor-widget-container\">\n\t\t\t\t\t<h1 class=\"elementor-heading-title elementor-size-default\">Acupuntura a Vilafranca del Pened\u00e8s\n<\/h1>\t\t\t\t<\/div>\n\t\t\t\t<\/div>\n\t\t\t\t<div class=\"elementor-element elementor-element-6cd67ef elementor-widget elementor-widget-spacer\" data-id=\"6cd67ef\" data-element_type=\"widget\" data-e-type=\"widget\" data-widget_type=\"spacer.default\">\n\t\t\t\t<div class=\"elementor-widget-container\">\n\t\t\t\t\t\t\t<div class=\"elementor-spacer\">\n\t\t\t<div class=\"elementor-spacer-inner\"><\/div>\n\t\t<\/div>\n\t\t\t\t\t\t<\/div>\n\t\t\t\t<\/div>\n\t\t\t\t<div class=\"elementor-element elementor-element-96bc0df elementor-align-center elementor-widget elementor-widget-button\" data-id=\"96bc0df\" data-element_type=\"widget\" data-e-type=\"widget\" data-widget_type=\"button.default\">\n\t\t\t\t<div class=\"elementor-widget-container\">\n\t\t\t\t\t\t\t\t\t<div class=\"elementor-button-wrapper\">\n\t\t\t\t\t<a class=\"elementor-button elementor-button-link elementor-size-sm\" href=\"#reservar\">\n\t\t\t\t\t\t<span class=\"elementor-button-content-wrapper\">\n\t\t\t\t\t\t\t\t\t<span class=\"elementor-button-text\">Vull reservar<\/span>\n\t\t\t\t\t<\/span>\n\t\t\t\t\t<\/a>\n\t\t\t\t<\/div>\n\t\t\t\t\t\t\t\t<\/div>\n\t\t\t\t<\/div>\n\t\t\t\t\t<\/div>\n\t\t<\/div>\n\t\t\t\t\t<\/div>\n\t\t<\/section>\n\t\t\t\t<section class=\"elementor-section elementor-top-section elementor-element elementor-element-5063db5 elementor-reverse-tablet elementor-reverse-mobile elementor-section-boxed elementor-section-height-default elementor-section-height-default\" data-id=\"5063db5\" data-element_type=\"section\" data-e-type=\"section\">\n\t\t\t\t\t\t<div class=\"elementor-container elementor-column-gap-default\">\n\t\t\t\t\t<div class=\"elementor-column elementor-col-100 elementor-top-column elementor-element elementor-element-95a1254\" data-id=\"95a1254\" data-element_type=\"column\" data-e-type=\"column\">\n\t\t\t<div class=\"elementor-widget-wrap elementor-element-populated\">\n\t\t\t\t\t\t<div class=\"elementor-element elementor-element-f3dbeda elementor-widget__width-initial elementor-widget elementor-widget-text-editor\" data-id=\"f3dbeda\" data-element_type=\"widget\" data-e-type=\"widget\" data-widget_type=\"text-editor.default\">\n\t\t\t\t<div class=\"elementor-widget-container\">\n\t\t\t\t\t\t\t\t\t<h2><b>Acupuntura a Vilafranca del Pened\u00e8s<\/b><\/h2><p><span style=\"font-weight: 400;\">A <\/span><b>Centre Sens<\/b><span style=\"font-weight: 400;\">, oferim tractaments personalitzats d&#8217;<\/span><b>acupuntura a Vilafranca del Pened\u00e8s<\/b><span style=\"font-weight: 400;\">, una ter\u00e0pia mil\u00b7len\u00e0ria que ajuda a equilibrar el cos i la ment, alleujar dolors i millorar la qualitat de vida. Si est\u00e0s buscant una manera natural de millorar la teva salut, l&#8217;acupuntura \u00e9s una excel\u00b7lent opci\u00f3 per a tu.<\/span><\/p><h3><b>Qu\u00e8 \u00e9s l&#8217;acupuntura i com funciona?<\/b><\/h3><p><span style=\"font-weight: 400;\">L&#8217;acupuntura \u00e9s una t\u00e8cnica que consisteix a inserir agulles fines en punts espec\u00edfics del cos per estimular les seves capacitats naturals d&#8217;autocuraci\u00f3. Segons la medicina tradicional xinesa, aquests punts estan situats en meridians o canals d&#8217;energia, i l&#8217;estimulaci\u00f3 d&#8217;aquests punts ajuda a restablir el flux correcte d&#8217;energia vital (anomenada <\/span><b>Qi<\/b><span style=\"font-weight: 400;\">).<\/span><\/p><p><span style=\"font-weight: 400;\">A m\u00e9s d&#8217;actuar sobre el sistema energ\u00e8tic, l&#8217;acupuntura tamb\u00e9 t\u00e9 un impacte en el sistema nervi\u00f3s, alliberant endorfines i altres subst\u00e0ncies naturals que redueixen el dolor i promouen el benestar.<\/span><\/p><h3><b>Beneficis de l&#8217;acupuntura a Vilafranca del Pened\u00e8s<\/b><\/h3><p><span style=\"font-weight: 400;\">Si est\u00e0s considerant un tractament d&#8217;<\/span><b>acupuntura a Vilafranca del Pened\u00e8s<\/b><span style=\"font-weight: 400;\">, aqu\u00ed tens alguns dels beneficis principals que pots esperar:<\/span><\/p><ol><li style=\"font-weight: 400;\" aria-level=\"1\"><b>Reducci\u00f3 del dolor cr\u00f2nic<\/b><span style=\"font-weight: 400;\">: L&#8217;acupuntura \u00e9s \u00e0mpliament reconeguda per la seva efic\u00e0cia en el tractament de dolors cr\u00f2nics, com ara mal d&#8217;esquena, migranyes, artritis o dolors musculars.<\/span><\/li><li style=\"font-weight: 400;\" aria-level=\"1\"><b>Millora del benestar emocional<\/b><span style=\"font-weight: 400;\">: A trav\u00e9s de la regulaci\u00f3 del sistema nervi\u00f3s, aquesta ter\u00e0pia pot ajudar a reduir l&#8217;estr\u00e8s, l&#8217;ansietat i la depressi\u00f3, promovent una sensaci\u00f3 general de benestar.<\/span><\/li><li style=\"font-weight: 400;\" aria-level=\"1\"><b>Refor\u00e7 del sistema immunitari<\/b><span style=\"font-weight: 400;\">: L&#8217;acupuntura pot contribuir a enfortir el teu sistema immunitari, ajudant a prevenir malalties i a millorar la capacitat del teu cos per combatre infeccions.<\/span><\/li><li style=\"font-weight: 400;\" aria-level=\"1\"><b>Millora del son<\/b><span>: Aquesta t\u00e8cnica \u00e9s ideal per a aquelles persones que pateixen insomni o altres trastorns del son, ajudant a aconseguir un descans profund i reparador.<\/span><\/li><\/ol>\t\t\t\t\t\t\t\t<\/div>\n\t\t\t\t<\/div>\n\t\t\t\t<div class=\"elementor-element elementor-element-b145d52 elementor-widget elementor-widget-spacer\" data-id=\"b145d52\" data-element_type=\"widget\" data-e-type=\"widget\" data-widget_type=\"spacer.default\">\n\t\t\t\t<div class=\"elementor-widget-container\">\n\t\t\t\t\t\t\t<div class=\"elementor-spacer\">\n\t\t\t<div class=\"elementor-spacer-inner\"><\/div>\n\t\t<\/div>\n\t\t\t\t\t\t<\/div>\n\t\t\t\t<\/div>\n\t\t\t\t<div class=\"elementor-element elementor-element-f284388 elementor-widget elementor-widget-image\" data-id=\"f284388\" data-element_type=\"widget\" data-e-type=\"widget\" data-widget_type=\"image.default\">\n\t\t\t\t<div class=\"elementor-widget-container\">\n\t\t\t\t\t\t\t\t\t\t\t\t\t\t\t<img fetchpriority=\"high\" decoding=\"async\" width=\"1500\" height=\"800\" src=\"https:\/\/centresens.com\/wp-content\/uploads\/2024\/11\/Acupuntura-a-Vilafranca-del-Penedes-1.png\" class=\"attachment-full size-full wp-image-415\" alt=\"Acupuntura a Vilafranca del Pened\u00e8s A Centre Sens, oferim tractaments personalitzats d&#039;acupuntura a Vilafranca del Pened\u00e8s, una ter\u00e0pia mil\u00b7len\u00e0ria que ajuda a equilibrar el cos i la ment, alleujar dolors i millorar la qualitat de vida. Si est\u00e0s buscant una manera natural de millorar la teva salut, l&#039;acupuntura \u00e9s una excel\u00b7lent opci\u00f3 per a tu. Qu\u00e8 \u00e9s l&#039;acupuntura i com funciona? L&#039;acupuntura \u00e9s una t\u00e8cnica que consisteix a inserir agulles fines en punts espec\u00edfics del cos per estimular les seves capacitats naturals d&#039;autocuraci\u00f3. Segons la medicina tradicional xinesa, aquests punts estan situats en meridians o canals d&#039;energia, i l&#039;estimulaci\u00f3 d&#039;aquests punts ajuda a restablir el flux correcte d&#039;energia vital (anomenada Qi). A m\u00e9s d&#039;actuar sobre el sistema energ\u00e8tic, l&#039;acupuntura tamb\u00e9 t\u00e9 un impacte en el sistema nervi\u00f3s, alliberant endorfines i altres subst\u00e0ncies naturals que redueixen el dolor i promouen el benestar. Beneficis de l&#039;acupuntura a Vilafranca del Pened\u00e8s Si est\u00e0s considerant un tractament d&#039;acupuntura a Vilafranca del Pened\u00e8s, aqu\u00ed tens alguns dels beneficis principals que pots esperar: Reducci\u00f3 del dolor cr\u00f2nic: L&#039;acupuntura \u00e9s \u00e0mpliament reconeguda per la seva efic\u00e0cia en el tractament de dolors cr\u00f2nics, com ara mal d&#039;esquena, migranyes, artritis o dolors musculars. Millora del benestar emocional: A trav\u00e9s de la regulaci\u00f3 del sistema nervi\u00f3s, aquesta ter\u00e0pia pot ajudar a reduir l&#039;estr\u00e8s, l&#039;ansietat i la depressi\u00f3, promovent una sensaci\u00f3 general de benestar. Refor\u00e7 del sistema immunitari: L&#039;acupuntura pot contribuir a enfortir el teu sistema immunitari, ajudant a prevenir malalties i a millorar la capacitat del teu cos per combatre infeccions. Millora del son: Aquesta t\u00e8cnica \u00e9s ideal per a aquelles persones que pateixen insomni o altres trastorns del son, ajudant a aconseguir un descans profund i reparador.\" srcset=\"https:\/\/centresens.com\/wp-content\/uploads\/2024\/11\/Acupuntura-a-Vilafranca-del-Penedes-1.png 1500w, https:\/\/centresens.com\/wp-content\/uploads\/2024\/11\/Acupuntura-a-Vilafranca-del-Penedes-1-300x160.png 300w, https:\/\/centresens.com\/wp-content\/uploads\/2024\/11\/Acupuntura-a-Vilafranca-del-Penedes-1-1024x546.png 1024w, https:\/\/centresens.com\/wp-content\/uploads\/2024\/11\/Acupuntura-a-Vilafranca-del-Penedes-1-768x410.png 768w\" sizes=\"(max-width: 1500px) 100vw, 1500px\" title=\"\">\t\t\t\t\t\t\t\t\t\t\t\t\t\t\t<\/div>\n\t\t\t\t<\/div>\n\t\t\t\t<div class=\"elementor-element elementor-element-62c4d35 elementor-widget elementor-widget-text-editor\" data-id=\"62c4d35\" data-element_type=\"widget\" data-e-type=\"widget\" data-widget_type=\"text-editor.default\">\n\t\t\t\t<div class=\"elementor-widget-container\">\n\t\t\t\t\t\t\t\t\t<h3><b>L&#8217;acupuntura a Centre Sens<\/b><\/h3><p><span style=\"font-weight: 400;\">A <\/span><b>Centre Sens<\/b><span style=\"font-weight: 400;\">, cada tractament d&#8217;acupuntura est\u00e0 personalitzat per satisfer les necessitats individuals de cada pacient. Abans de comen\u00e7ar la sessi\u00f3, fem una valoraci\u00f3 completa del teu estat de salut i dels teus objectius per al tractament, assegurant-nos que cada punt d&#8217;acupuntura estigui orientat a millorar el teu benestar general.<\/span><\/p><h4><b>Com s\u00f3n les nostres sessions d&#8217;acupuntura?<\/b><\/h4><p><span style=\"font-weight: 400;\">Cada sessi\u00f3 d&#8217;<\/span><b>acupuntura a Vilafranca del Pened\u00e8s<\/b><span style=\"font-weight: 400;\"> t\u00e9 una durada d&#8217;entre 45 i 60 minuts. Durant aquest temps, t&#8217;acomodarem en un ambient relaxant, amb m\u00fasica suau i llum t\u00e8nue, per ajudar-te a desconnectar i deixar que el tractament faci efecte de manera \u00f2ptima.<\/span><\/p><p><span style=\"font-weight: 400;\">Les agulles que utilitzem s\u00f3n extremadament fines, d&#8217;un sol \u00fas i esterilitzades, garantint la teva seguretat i comoditat en tot moment. A m\u00e9s, els nostres professionals tenen anys d&#8217;experi\u00e8ncia i et guiaran durant tot el proc\u00e9s.<\/span><\/p><h3><b>Quan has de considerar l&#8217;acupuntura?<\/b><\/h3><p><span style=\"font-weight: 400;\">L&#8217;acupuntura \u00e9s ideal tant per a persones que busquen alleujament per a afeccions espec\u00edfiques com per a aquelles que simplement volen mantenir un bon estat de salut. Entre les condicions que poden beneficiar-se d&#8217;un tractament d&#8217;acupuntura es troben:<\/span><\/p><ul><li style=\"font-weight: 400;\" aria-level=\"1\"><span style=\"font-weight: 400;\">Dolor cr\u00f2nic (esquena, coll, genolls, etc.)<\/span><\/li><li style=\"font-weight: 400;\" aria-level=\"1\"><span style=\"font-weight: 400;\">Estr\u00e8s i ansietat<\/span><\/li><li style=\"font-weight: 400;\" aria-level=\"1\"><span style=\"font-weight: 400;\">Insomni i problemes de son<\/span><\/li><li style=\"font-weight: 400;\" aria-level=\"1\"><span style=\"font-weight: 400;\">Problemes digestius<\/span><\/li><li style=\"font-weight: 400;\" aria-level=\"1\"><span style=\"font-weight: 400;\">Al\u00b7l\u00e8rgies<\/span><\/li><li style=\"font-weight: 400;\" aria-level=\"1\"><span style=\"font-weight: 400;\">Migranyes i mals de cap<\/span><\/li><\/ul><h3><b>Reserva la teva sessi\u00f3 d&#8217;acupuntura a Vilafranca del Pened\u00e8s<\/b><\/h3><p><span style=\"font-weight: 400;\">No esperis m\u00e9s per descobrir els beneficis de l&#8217;acupuntura per a la teva salut i benestar. A <\/span><b>Centre Sens<\/b><span style=\"font-weight: 400;\">, et proporcionem una experi\u00e8ncia personalitzada i un entorn acollidor per garantir que cada sessi\u00f3 sigui efectiva i agradable.<\/span><\/p><p><span style=\"font-weight: 400;\">Si vols experimentar els beneficis d&#8217;aquesta ter\u00e0pia, posa&#8217;t en contacte amb nosaltres per reservar la teva sessi\u00f3. \u00c9s tan f\u00e0cil com <\/span><b>reservar la teva cita aqu\u00ed<\/b><span style=\"font-weight: 400;\"> o trucar-nos per concertar una primera visita.<\/span><\/p>\t\t\t\t\t\t\t\t<\/div>\n\t\t\t\t<\/div>\n\t\t\t\t<div class=\"elementor-element elementor-element-b76d2e4 elementor-align-center elementor-widget elementor-widget-button\" data-id=\"b76d2e4\" data-element_type=\"widget\" data-e-type=\"widget\" data-widget_type=\"button.default\">\n\t\t\t\t<div class=\"elementor-widget-container\">\n\t\t\t\t\t\t\t\t\t<div class=\"elementor-button-wrapper\">\n\t\t\t\t\t<a class=\"elementor-button elementor-button-link elementor-size-sm\" href=\"#reservar\">\n\t\t\t\t\t\t<span class=\"elementor-button-content-wrapper\">\n\t\t\t\t\t\t\t\t\t<span class=\"elementor-button-text\">Vull reservar<\/span>\n\t\t\t\t\t<\/span>\n\t\t\t\t\t<\/a>\n\t\t\t\t<\/div>\n\t\t\t\t\t\t\t\t<\/div>\n\t\t\t\t<\/div>\n\t\t\t\t\t<\/div>\n\t\t<\/div>\n\t\t\t\t\t<\/div>\n\t\t<\/section>\n\t\t\t\t<\/div>","protected":false},"excerpt":{"rendered":"<p>Acupuntura a Vilafranca del Pened\u00e8s Vull reservar Acupuntura a Vilafranca del Pened\u00e8s A Centre Sens, oferim tractaments personalitzats d&#8217;acupuntura a Vilafranca del Pened\u00e8s, una ter\u00e0pia mil\u00b7len\u00e0ria que ajuda a equilibrar el cos i la ment, alleujar dolors i millorar la qualitat de vida. Si est\u00e0s buscant una manera natural de millorar la teva salut, l&#8217;acupuntura [&hellip;]<\/p>","protected":false},"author":2,"featured_media":415,"parent":0,"menu_order":0,"comment_status":"closed","ping_status":"closed","template":"elementor_header_footer","meta":{"footnotes":""},"class_list":["post-409","page","type-page","status-publish","has-post-thumbnail","hentry"],"_links":{"self":[{"href":"https:\/\/centresens.com\/es\/wp-json\/wp\/v2\/pages\/409","targetHints":{"allow":["GET"]}}],"collection":[{"href":"https:\/\/centresens.com\/es\/wp-json\/wp\/v2\/pages"}],"about":[{"href":"https:\/\/centresens.com\/es\/wp-json\/wp\/v2\/types\/page"}],"author":[{"embeddable":true,"href":"https:\/\/centresens.com\/es\/wp-json\/wp\/v2\/users\/2"}],"replies":[{"embeddable":true,"href":"https:\/\/centresens.com\/es\/wp-json\/wp\/v2\/comments?post=409"}],"version-history":[{"count":5,"href":"https:\/\/centresens.com\/es\/wp-json\/wp\/v2\/pages\/409\/revisions"}],"predecessor-version":[{"id":441,"href":"https:\/\/centresens.com\/es\/wp-json\/wp\/v2\/pages\/409\/revisions\/441"}],"wp:featuredmedia":[{"embeddable":true,"href":"https:\/\/centresens.com\/es\/wp-json\/wp\/v2\/media\/415"}],"wp:attachment":[{"href":"https:\/\/centresens.com\/es\/wp-json\/wp\/v2\/media?parent=409"}],"curies":[{"name":"wp","href":"https:\/\/api.w.org\/{rel}","templated":true}]}}