{"id":315,"date":"2024-11-04T09:50:17","date_gmt":"2024-11-04T09:50:17","guid":{"rendered":"https:\/\/centresens.articagency.net\/?page_id=315"},"modified":"2024-11-11T09:30:27","modified_gmt":"2024-11-11T09:30:27","slug":"massatges-relaxants-a-vilafranca-del-penedes","status":"publish","type":"page","link":"https:\/\/centresens.com\/es\/massatges-relaxants-a-vilafranca-del-penedes\/","title":{"rendered":"Massatges relaxants a Vilafranca del Pened\u00e8s"},"content":{"rendered":"<div data-elementor-type=\"wp-page\" data-elementor-id=\"315\" class=\"elementor elementor-315\" data-elementor-post-type=\"page\">\n\t\t\t\t\t\t<section class=\"elementor-section elementor-top-section elementor-element elementor-element-56ece39 elementor-section-full_width elementor-section-height-default elementor-section-height-default\" data-id=\"56ece39\" data-element_type=\"section\" data-e-type=\"section\">\n\t\t\t\t\t\t\t<div class=\"elementor-background-overlay\"><\/div>\n\t\t\t\t\t\t\t<div class=\"elementor-container elementor-column-gap-default\">\n\t\t\t\t\t<div class=\"elementor-column elementor-col-100 elementor-top-column elementor-element elementor-element-2bdc1ac\" data-id=\"2bdc1ac\" data-element_type=\"column\" data-e-type=\"column\">\n\t\t\t<div class=\"elementor-widget-wrap elementor-element-populated\">\n\t\t\t\t\t\t<div class=\"elementor-element elementor-element-7ad854d elementor-widget-mobile__width-initial elementor-widget elementor-widget-heading\" data-id=\"7ad854d\" data-element_type=\"widget\" data-e-type=\"widget\" data-widget_type=\"heading.default\">\n\t\t\t\t<div class=\"elementor-widget-container\">\n\t\t\t\t\t<h1 class=\"elementor-heading-title elementor-size-default\">Massatges relaxants a Vilafranca del Pened\u00e8s<\/h1>\t\t\t\t<\/div>\n\t\t\t\t<\/div>\n\t\t\t\t<div class=\"elementor-element elementor-element-6cd67ef elementor-widget elementor-widget-spacer\" data-id=\"6cd67ef\" data-element_type=\"widget\" data-e-type=\"widget\" data-widget_type=\"spacer.default\">\n\t\t\t\t<div class=\"elementor-widget-container\">\n\t\t\t\t\t\t\t<div class=\"elementor-spacer\">\n\t\t\t<div class=\"elementor-spacer-inner\"><\/div>\n\t\t<\/div>\n\t\t\t\t\t\t<\/div>\n\t\t\t\t<\/div>\n\t\t\t\t<div class=\"elementor-element elementor-element-96bc0df elementor-align-center elementor-widget elementor-widget-button\" data-id=\"96bc0df\" data-element_type=\"widget\" data-e-type=\"widget\" data-widget_type=\"button.default\">\n\t\t\t\t<div class=\"elementor-widget-container\">\n\t\t\t\t\t\t\t\t\t<div class=\"elementor-button-wrapper\">\n\t\t\t\t\t<a class=\"elementor-button elementor-button-link elementor-size-sm\" href=\"#reservar\">\n\t\t\t\t\t\t<span class=\"elementor-button-content-wrapper\">\n\t\t\t\t\t\t\t\t\t<span class=\"elementor-button-text\">Vull reservar<\/span>\n\t\t\t\t\t<\/span>\n\t\t\t\t\t<\/a>\n\t\t\t\t<\/div>\n\t\t\t\t\t\t\t\t<\/div>\n\t\t\t\t<\/div>\n\t\t\t\t\t<\/div>\n\t\t<\/div>\n\t\t\t\t\t<\/div>\n\t\t<\/section>\n\t\t\t\t<section class=\"elementor-section elementor-top-section elementor-element elementor-element-5063db5 elementor-reverse-tablet elementor-reverse-mobile elementor-section-boxed elementor-section-height-default elementor-section-height-default\" data-id=\"5063db5\" data-element_type=\"section\" data-e-type=\"section\">\n\t\t\t\t\t\t<div class=\"elementor-container elementor-column-gap-default\">\n\t\t\t\t\t<div class=\"elementor-column elementor-col-100 elementor-top-column elementor-element elementor-element-95a1254\" data-id=\"95a1254\" data-element_type=\"column\" data-e-type=\"column\">\n\t\t\t<div class=\"elementor-widget-wrap elementor-element-populated\">\n\t\t\t\t\t\t<div class=\"elementor-element elementor-element-f3dbeda elementor-widget__width-initial elementor-widget elementor-widget-text-editor\" data-id=\"f3dbeda\" data-element_type=\"widget\" data-e-type=\"widget\" data-widget_type=\"text-editor.default\">\n\t\t\t\t<div class=\"elementor-widget-container\">\n\t\t\t\t\t\t\t\t\t<h2>Preparat per un massatge relaxant a Vilafranca del Pened\u00e8s?<\/h2><p><span style=\"font-weight: 400;\">A <\/span><b>Centre Sens<\/b><span style=\"font-weight: 400;\">, ens especialitzem en oferir <\/span><b>massatges relaxants a Vilafranca del Pened\u00e8s<\/b><span style=\"font-weight: 400;\">, dissenyats per ajudar-te a desconnectar de l&#8217;estr\u00e8s diari i revitalitzar tant el teu cos com la teva ment. Si busques un lloc on la calma i la serenitat siguin protagonistes, el nostre centre \u00e9s la destinaci\u00f3 ideal per trobar aquesta sensaci\u00f3 de benestar que tant necessites.<\/span><\/p><h3><b>Per qu\u00e8 escollir un massatge relaxant?<\/b><\/h3><p><span style=\"font-weight: 400;\">El ritme de vida actual pot generar tensions f\u00edsiques i emocionals que, a llarg termini, afecten el nostre benestar. Aqu\u00ed \u00e9s on els massatges relaxants juguen un paper fonamental. Aquests massatges, a m\u00e9s de proporcionar un alleujament f\u00edsic immediat, ajuden a:<\/span><\/p><ul><li style=\"font-weight: 400;\" aria-level=\"1\"><b>Reduir l&#8217;estr\u00e8s<\/b><span style=\"font-weight: 400;\"> acumulat durant el dia.<\/span><\/li><li style=\"font-weight: 400;\" aria-level=\"1\"><b>Millorar la circulaci\u00f3 sangu\u00ednia<\/b><span style=\"font-weight: 400;\">, cosa que contribueix a una millor oxigenaci\u00f3 dels teixits.<\/span><\/li><li style=\"font-weight: 400;\" aria-level=\"1\"><b>Augmentar la flexibilitat<\/b><span style=\"font-weight: 400;\"> muscular i alleujar tensions.<\/span><\/li><li style=\"font-weight: 400;\" aria-level=\"1\"><b>Afavorir el descans<\/b><span style=\"font-weight: 400;\"> i el son reparador.<\/span><\/li><\/ul><p><span style=\"font-weight: 400;\">A <\/span><b>Centre Sens<\/b><span style=\"font-weight: 400;\">, entenem que cada cos \u00e9s diferent, per aix\u00f2 adaptem les nostres t\u00e8cniques a les necessitats espec\u00edfiques de cada client, assegurant-nos que rebis un tractament \u00fanic i personalitzat.<\/span><\/p><p><b style=\"color: inherit; font-family: inherit; font-size: 24px; letter-spacing: 0.02em;\">Beneficis dels massatges relaxants a Vilafranca del Pened\u00e8s<\/b><\/p><p><span style=\"font-weight: 400;\">Si encara et preguntes si necessites un <\/span><b>massatge relaxant a Vilafranca del Pened\u00e8s<\/b><span style=\"font-weight: 400;\">, aqu\u00ed et detallem alguns dels beneficis que pots obtenir optant per aquest tipus de ter\u00e0pia:<\/span><\/p><ol><li style=\"font-weight: 400;\" aria-level=\"1\"><b>Alleujament del dolor muscular i articular<\/b><span style=\"font-weight: 400;\">: Les t\u00e8cniques de massatge que utilitzem estan dissenyades per relaxar els m\u00fasculs tensos, millorar la mobilitat i alleujar les mol\u00e8sties corporals.<\/span><\/li><li style=\"font-weight: 400;\" aria-level=\"1\"><b>Millora del benestar emocional<\/b><span style=\"font-weight: 400;\">: Els massatges relaxants no nom\u00e9s actuen a nivell f\u00edsic, tamb\u00e9 tenen un impacte positiu en el teu estat d\u2019\u00e0nim, ajudant a combatre l\u2019estr\u00e8s i l\u2019ansietat.<\/span><\/li><li style=\"font-weight: 400;\" aria-level=\"1\"><b>Augment de l&#8217;energia<\/b><span style=\"font-weight: 400;\">: En alliberar les tensions acumulades, et sentir\u00e0s amb m\u00e9s vitalitat i energia per enfrontar el teu dia a dia.<\/span><\/li><\/ol><p><span style=\"font-weight: 400;\">A <\/span><b>Centre Sens<\/b><span style=\"font-weight: 400;\">, cuidem cada detall perqu\u00e8 la teva experi\u00e8ncia sigui completa, des de l&#8217;ambient tranquil fins a les mans expertes dels nostres terapeutes, que et guiaran cap a un estat de relaxaci\u00f3 profunda.<\/span><\/p>\t\t\t\t\t\t\t\t<\/div>\n\t\t\t\t<\/div>\n\t\t\t\t<div class=\"elementor-element elementor-element-b145d52 elementor-widget elementor-widget-spacer\" data-id=\"b145d52\" data-element_type=\"widget\" data-e-type=\"widget\" data-widget_type=\"spacer.default\">\n\t\t\t\t<div class=\"elementor-widget-container\">\n\t\t\t\t\t\t\t<div class=\"elementor-spacer\">\n\t\t\t<div class=\"elementor-spacer-inner\"><\/div>\n\t\t<\/div>\n\t\t\t\t\t\t<\/div>\n\t\t\t\t<\/div>\n\t\t\t\t<div class=\"elementor-element elementor-element-f284388 elementor-widget elementor-widget-image\" data-id=\"f284388\" data-element_type=\"widget\" data-e-type=\"widget\" data-widget_type=\"image.default\">\n\t\t\t\t<div class=\"elementor-widget-container\">\n\t\t\t\t\t\t\t\t\t\t\t\t\t\t\t<img fetchpriority=\"high\" decoding=\"async\" width=\"1500\" height=\"800\" src=\"https:\/\/centresens.com\/wp-content\/uploads\/2024\/11\/MASATGE-RELAXANT.png\" class=\"attachment-full size-full wp-image-317\" alt=\"MASATGE RELAXANT\" srcset=\"https:\/\/centresens.com\/wp-content\/uploads\/2024\/11\/MASATGE-RELAXANT.png 1500w, https:\/\/centresens.com\/wp-content\/uploads\/2024\/11\/MASATGE-RELAXANT-300x160.png 300w, https:\/\/centresens.com\/wp-content\/uploads\/2024\/11\/MASATGE-RELAXANT-1024x546.png 1024w, https:\/\/centresens.com\/wp-content\/uploads\/2024\/11\/MASATGE-RELAXANT-768x410.png 768w\" sizes=\"(max-width: 1500px) 100vw, 1500px\" title=\"\">\t\t\t\t\t\t\t\t\t\t\t\t\t\t\t<\/div>\n\t\t\t\t<\/div>\n\t\t\t\t<div class=\"elementor-element elementor-element-62c4d35 elementor-widget elementor-widget-text-editor\" data-id=\"62c4d35\" data-element_type=\"widget\" data-e-type=\"widget\" data-widget_type=\"text-editor.default\">\n\t\t\t\t<div class=\"elementor-widget-container\">\n\t\t\t\t\t\t\t\t\t<h3><b>L\u2019ambient perfecte per al teu benestar<\/b><\/h3><p><span style=\"font-weight: 400;\">El nostre centre a Vilafranca del Pened\u00e8s est\u00e0 dissenyat per ser un refugi de pau. Amb una decoraci\u00f3 c\u00e0lida, m\u00fasica relaxant i aromes suaus, cada massatge relaxant es converteix en una experi\u00e8ncia sensorial que va m\u00e9s enll\u00e0 del simple alleujament f\u00edsic. Sabem que l&#8217;entorn \u00e9s fonamental per gaudir d&#8217;un moment de calma, per aix\u00f2 a <\/span><b>Centre Sens<\/b><span style=\"font-weight: 400;\"> ens esforcem perqu\u00e8 cada detall estigui pensat per oferir-te un benestar integral.<\/span><\/p><h4><b>Com s\u00f3n les nostres sessions de massatge relaxant?<\/b><\/h4><p><span style=\"font-weight: 400;\">Cada sessi\u00f3 de <\/span><b>massatges relaxants a Vilafranca del Pened\u00e8s<\/b><span style=\"font-weight: 400;\"> t\u00e9 una durada aproximada de 60 minuts. Durant aquest temps, et submergir\u00e0s en un espai de tranquil\u00b7litat on tot est\u00e0 preparat perqu\u00e8 t&#8217;oblidis del m\u00f3n exterior.<\/span><\/p><p><span style=\"font-weight: 400;\">El nostre enfocament \u00e9s personalitzat. Abans de comen\u00e7ar, et consultarem sobre les teves necessitats espec\u00edfiques, ja sigui que busquis alleujar tensions en una zona concreta o simplement gaudir d\u2019un moment de desconnexi\u00f3 total. Els nostres professionals ajustaran la pressi\u00f3 i les t\u00e8cniques segons el que millor funcioni per a tu.<\/span><\/p><h3><b style=\"color: inherit; font-family: inherit; font-size: 24px; letter-spacing: 0.02em;\">Reserva el teu massatge relaxant a Vilafranca del Pened\u00e8s<\/b><\/h3><p>No esperis m\u00e9s per donar-te el regal que el teu cos i la teva ment necessiten. Un massatge relaxant no nom\u00e9s t&#8217;ajudar\u00e0 a alleujar tensions, sin\u00f3 que tamb\u00e9 et proporcionar\u00e0 una sensaci\u00f3 de pau i serenitat que es prolongar\u00e0 molt m\u00e9s enll\u00e0 de la sessi\u00f3.<\/p><p>A <b>Centre Sens<\/b>, t&#8217;oferim una atenci\u00f3 personalitzada i un ambient \u00fanic a <b>Vilafranca del Pened\u00e8s<\/b>. Som aqu\u00ed per ajudar-te a recuperar l\u2019equilibri i el benestar que et mereixes.<\/p><h4><b>Com pots reservar?<\/b><\/h4><p>\u00c9s molt senzill, nom\u00e9s has de posar-te en contacte amb nosaltres i escollir el millor moment per a la teva sessi\u00f3. Pots trucar-nos directament o <b>reservar la teva cita aqu\u00ed<\/b> i nosaltres ens encarregarem de la resta<span style=\"color: var( --e-global-color-text ); font-family: var( --e-global-typography-text-font-family ), Sans-serif; font-weight: var( --e-global-typography-text-font-weight ); letter-spacing: 0.02em;\">.<\/span><\/p><p><span style=\"color: var( --e-global-color-text ); font-family: var( --e-global-typography-text-font-family ), Sans-serif; font-weight: var( --e-global-typography-text-font-weight ); letter-spacing: 0.02em;\">\u00a0<\/span><\/p>\t\t\t\t\t\t\t\t<\/div>\n\t\t\t\t<\/div>\n\t\t\t\t<div class=\"elementor-element elementor-element-b76d2e4 elementor-align-center elementor-widget elementor-widget-button\" data-id=\"b76d2e4\" data-element_type=\"widget\" data-e-type=\"widget\" data-widget_type=\"button.default\">\n\t\t\t\t<div class=\"elementor-widget-container\">\n\t\t\t\t\t\t\t\t\t<div class=\"elementor-button-wrapper\">\n\t\t\t\t\t<a class=\"elementor-button elementor-button-link elementor-size-sm\" href=\"#reservar\">\n\t\t\t\t\t\t<span class=\"elementor-button-content-wrapper\">\n\t\t\t\t\t\t\t\t\t<span class=\"elementor-button-text\">Vull reservar<\/span>\n\t\t\t\t\t<\/span>\n\t\t\t\t\t<\/a>\n\t\t\t\t<\/div>\n\t\t\t\t\t\t\t\t<\/div>\n\t\t\t\t<\/div>\n\t\t\t\t\t<\/div>\n\t\t<\/div>\n\t\t\t\t\t<\/div>\n\t\t<\/section>\n\t\t\t\t<\/div>","protected":false},"excerpt":{"rendered":"<p>Massatges relaxants a Vilafranca del Pened\u00e8s Vull reservar Preparat per un massatge relaxant a Vilafranca del Pened\u00e8s? A Centre Sens, ens especialitzem en oferir massatges relaxants a Vilafranca del Pened\u00e8s, dissenyats per ajudar-te a desconnectar de l&#8217;estr\u00e8s diari i revitalitzar tant el teu cos com la teva ment. Si busques un lloc on la calma [&hellip;]<\/p>","protected":false},"author":2,"featured_media":317,"parent":0,"menu_order":0,"comment_status":"closed","ping_status":"closed","template":"elementor_header_footer","meta":{"footnotes":""},"class_list":["post-315","page","type-page","status-publish","has-post-thumbnail","hentry"],"_links":{"self":[{"href":"https:\/\/centresens.com\/es\/wp-json\/wp\/v2\/pages\/315","targetHints":{"allow":["GET"]}}],"collection":[{"href":"https:\/\/centresens.com\/es\/wp-json\/wp\/v2\/pages"}],"about":[{"href":"https:\/\/centresens.com\/es\/wp-json\/wp\/v2\/types\/page"}],"author":[{"embeddable":true,"href":"https:\/\/centresens.com\/es\/wp-json\/wp\/v2\/users\/2"}],"replies":[{"embeddable":true,"href":"https:\/\/centresens.com\/es\/wp-json\/wp\/v2\/comments?post=315"}],"version-history":[{"count":5,"href":"https:\/\/centresens.com\/es\/wp-json\/wp\/v2\/pages\/315\/revisions"}],"predecessor-version":[{"id":408,"href":"https:\/\/centresens.com\/es\/wp-json\/wp\/v2\/pages\/315\/revisions\/408"}],"wp:featuredmedia":[{"embeddable":true,"href":"https:\/\/centresens.com\/es\/wp-json\/wp\/v2\/media\/317"}],"wp:attachment":[{"href":"https:\/\/centresens.com\/es\/wp-json\/wp\/v2\/media?parent=315"}],"curies":[{"name":"wp","href":"https:\/\/api.w.org\/{rel}","templated":true}]}}