{"id":179,"date":"2024-10-30T07:16:57","date_gmt":"2024-10-30T07:16:57","guid":{"rendered":"https:\/\/centresens.articagency.net\/?page_id=179"},"modified":"2024-11-18T10:13:48","modified_gmt":"2024-11-18T10:13:48","slug":"serveis","status":"publish","type":"page","link":"https:\/\/centresens.com\/es\/serveis\/","title":{"rendered":"Serveis"},"content":{"rendered":"<div data-elementor-type=\"wp-page\" data-elementor-id=\"179\" class=\"elementor elementor-179\" data-elementor-post-type=\"page\">\n\t\t\t\t\t\t<section class=\"elementor-section elementor-top-section elementor-element elementor-element-16c3841 elementor-section-boxed elementor-section-height-default elementor-section-height-default\" data-id=\"16c3841\" data-element_type=\"section\" data-e-type=\"section\">\n\t\t\t\t\t\t<div class=\"elementor-container elementor-column-gap-default\">\n\t\t\t\t\t<div class=\"elementor-column elementor-col-100 elementor-top-column elementor-element elementor-element-2f509f1\" data-id=\"2f509f1\" data-element_type=\"column\" data-e-type=\"column\">\n\t\t\t<div class=\"elementor-widget-wrap elementor-element-populated\">\n\t\t\t\t\t\t\t<\/div>\n\t\t<\/div>\n\t\t\t\t\t<\/div>\n\t\t<\/section>\n\t\t\t\t<section class=\"elementor-section elementor-top-section elementor-element elementor-element-a0bec77 elementor-section-boxed elementor-section-height-default elementor-section-height-default\" data-id=\"a0bec77\" data-element_type=\"section\" data-e-type=\"section\">\n\t\t\t\t\t\t<div class=\"elementor-container elementor-column-gap-default\">\n\t\t\t\t\t<div class=\"elementor-column elementor-col-100 elementor-top-column elementor-element elementor-element-63f4b68\" data-id=\"63f4b68\" data-element_type=\"column\" data-e-type=\"column\">\n\t\t\t<div class=\"elementor-widget-wrap elementor-element-populated\">\n\t\t\t\t\t\t<div class=\"elementor-element elementor-element-6e56e64 elementor-widget elementor-widget-text-editor\" data-id=\"6e56e64\" data-element_type=\"widget\" data-e-type=\"widget\" data-widget_type=\"text-editor.default\">\n\t\t\t\t<div class=\"elementor-widget-container\">\n\t\t\t\t\t\t\t\t\t<p>Aqu\u00ed trobar\u00e0s tota la informaci\u00f3 sobre els nostres serveis i com et podem ajudar a sentir-te millor. Cada servei que oferim est\u00e0 pensat per oferir-te una atenci\u00f3 propera i personalitzada, adaptada a les teves necessitats. Nosaltres no creiem en els tractaments generals; ens agrada con\u00e8ixer-te, entendre el que necessites i oferir-te el millor per tu.<\/p><p>Si vols saber en qu\u00e8 consisteix cada tractament, nom\u00e9s has de fer clic al servei que t\u2019interessa. Et convidem a explorar i descobrir com podem ajudar-te a sentir-te millor, ja sigui amb un bon massatge relaxant per desconnectar i revitalitzar-te, amb sessions d\u2019acupuntura per tractar diferents patologies, reflexologia podal per cuidar el teu benestar emocional, o massatges esportius per recuperar-te f\u00edsicament despr\u00e9s de l\u2019activitat i millorar el teu rendiment.<\/p><p>Explora els nostres serveis i deixa\u2019ns cuidar-te!<\/p>\t\t\t\t\t\t\t\t<\/div>\n\t\t\t\t<\/div>\n\t\t\t\t\t<\/div>\n\t\t<\/div>\n\t\t\t\t\t<\/div>\n\t\t<\/section>\n\t\t\t\t<section class=\"elementor-section elementor-top-section elementor-element elementor-element-7e5ffe0 elementor-section-full_width elementor-section-height-default elementor-section-height-default\" data-id=\"7e5ffe0\" data-element_type=\"section\" data-e-type=\"section\">\n\t\t\t\t\t\t<div class=\"elementor-container elementor-column-gap-default\">\n\t\t\t\t\t<div class=\"elementor-column elementor-col-25 elementor-top-column elementor-element elementor-element-5f58218\" data-id=\"5f58218\" data-element_type=\"column\" data-e-type=\"column\">\n\t\t\t<div class=\"elementor-widget-wrap elementor-element-populated\">\n\t\t\t\t\t\t<div class=\"elementor-element elementor-element-09d28a5 elementor-position-top elementor-widget elementor-widget-image-box\" data-id=\"09d28a5\" data-element_type=\"widget\" data-e-type=\"widget\" data-widget_type=\"image-box.default\">\n\t\t\t\t<div class=\"elementor-widget-container\">\n\t\t\t\t\t<div class=\"elementor-image-box-wrapper\"><figure class=\"elementor-image-box-img\"><a href=\"https:\/\/centresens.com\/es\/acupuntura-a-vilafranca-del-penedes\/\" tabindex=\"-1\"><img fetchpriority=\"high\" decoding=\"async\" width=\"1600\" height=\"1067\" src=\"https:\/\/centresens.com\/wp-content\/uploads\/2024\/10\/massatges-terapeutics.jpg\" class=\"attachment-full size-full wp-image-27\" alt=\"\" title=\"\" srcset=\"https:\/\/centresens.com\/wp-content\/uploads\/2024\/10\/massatges-terapeutics.jpg 1600w, https:\/\/centresens.com\/wp-content\/uploads\/2024\/10\/massatges-terapeutics-300x200.jpg 300w, https:\/\/centresens.com\/wp-content\/uploads\/2024\/10\/massatges-terapeutics-1024x683.jpg 1024w, https:\/\/centresens.com\/wp-content\/uploads\/2024\/10\/massatges-terapeutics-768x512.jpg 768w, https:\/\/centresens.com\/wp-content\/uploads\/2024\/10\/massatges-terapeutics-1536x1024.jpg 1536w\" sizes=\"(max-width: 1600px) 100vw, 1600px\" \/><\/a><\/figure><div class=\"elementor-image-box-content\"><h2 class=\"elementor-image-box-title\"><a href=\"https:\/\/centresens.com\/es\/acupuntura-a-vilafranca-del-penedes\/\">MASSATGES RELAXANTS<\/a><\/h2><p class=\"elementor-image-box-description\">Els massatges t'ajuden a recuperar-te i activar-te f\u00edsicament de nou. Un bon \"reset\" permet millorar els malestars i les mol\u00e8sties acomulades.<\/p><\/div><\/div>\t\t\t\t<\/div>\n\t\t\t\t<\/div>\n\t\t\t\t<div class=\"elementor-element elementor-element-c50488f elementor-align-center elementor-mobile-align-center elementor-widget elementor-widget-button\" data-id=\"c50488f\" data-element_type=\"widget\" data-e-type=\"widget\" data-widget_type=\"button.default\">\n\t\t\t\t<div class=\"elementor-widget-container\">\n\t\t\t\t\t\t\t\t\t<div class=\"elementor-button-wrapper\">\n\t\t\t\t\t<a class=\"elementor-button elementor-button-link elementor-size-sm\" href=\"https:\/\/centresens.com\/es\/acupuntura-a-vilafranca-del-penedes\/\">\n\t\t\t\t\t\t<span class=\"elementor-button-content-wrapper\">\n\t\t\t\t\t\t\t\t\t<span class=\"elementor-button-text\">M\u00e9s informaci\u00f3<\/span>\n\t\t\t\t\t<\/span>\n\t\t\t\t\t<\/a>\n\t\t\t\t<\/div>\n\t\t\t\t\t\t\t\t<\/div>\n\t\t\t\t<\/div>\n\t\t\t\t\t<\/div>\n\t\t<\/div>\n\t\t\t\t<div class=\"elementor-column elementor-col-25 elementor-top-column elementor-element elementor-element-fb38155\" data-id=\"fb38155\" data-element_type=\"column\" data-e-type=\"column\">\n\t\t\t<div class=\"elementor-widget-wrap elementor-element-populated\">\n\t\t\t\t\t\t<div class=\"elementor-element elementor-element-e9fca43 elementor-position-top elementor-widget elementor-widget-image-box\" data-id=\"e9fca43\" data-element_type=\"widget\" data-e-type=\"widget\" data-widget_type=\"image-box.default\">\n\t\t\t\t<div class=\"elementor-widget-container\">\n\t\t\t\t\t<div class=\"elementor-image-box-wrapper\"><figure class=\"elementor-image-box-img\"><a href=\"https:\/\/centresens.com\/es\/acupuntura-a-vilafranca-del-penedes\/\" tabindex=\"-1\"><img decoding=\"async\" width=\"1024\" height=\"683\" src=\"https:\/\/centresens.com\/wp-content\/uploads\/2024\/10\/acupuntura-vilafranca-del-penedes.jpg\" class=\"attachment-full size-full wp-image-28\" alt=\"acupuntura vilafranca del penede\u0300s\" title=\"\" srcset=\"https:\/\/centresens.com\/wp-content\/uploads\/2024\/10\/acupuntura-vilafranca-del-penedes.jpg 1024w, https:\/\/centresens.com\/wp-content\/uploads\/2024\/10\/acupuntura-vilafranca-del-penedes-300x200.jpg 300w, https:\/\/centresens.com\/wp-content\/uploads\/2024\/10\/acupuntura-vilafranca-del-penedes-768x512.jpg 768w\" sizes=\"(max-width: 1024px) 100vw, 1024px\" \/><\/a><\/figure><div class=\"elementor-image-box-content\"><h2 class=\"elementor-image-box-title\"><a href=\"https:\/\/centresens.com\/es\/acupuntura-a-vilafranca-del-penedes\/\">ACUPUNTURA<\/a><\/h2><p class=\"elementor-image-box-description\">\u00c9s una pe\u00e7a molt important dins la medicina tradicional oriental, tracta i pot prevenir tot tipus de patologies mitjan\u00e7ant la punci\u00f3 en punts del cos hum\u00e0 amb agulles intrad\u00e8rmiques.<\/p><\/div><\/div>\t\t\t\t<\/div>\n\t\t\t\t<\/div>\n\t\t\t\t<div class=\"elementor-element elementor-element-598e093 elementor-align-center elementor-mobile-align-center elementor-widget elementor-widget-button\" data-id=\"598e093\" data-element_type=\"widget\" data-e-type=\"widget\" data-widget_type=\"button.default\">\n\t\t\t\t<div class=\"elementor-widget-container\">\n\t\t\t\t\t\t\t\t\t<div class=\"elementor-button-wrapper\">\n\t\t\t\t\t<a class=\"elementor-button elementor-button-link elementor-size-sm\" href=\"https:\/\/centresens.com\/es\/acupuntura-a-vilafranca-del-penedes\/\">\n\t\t\t\t\t\t<span class=\"elementor-button-content-wrapper\">\n\t\t\t\t\t\t\t\t\t<span class=\"elementor-button-text\">M\u00e9s informaci\u00f3<\/span>\n\t\t\t\t\t<\/span>\n\t\t\t\t\t<\/a>\n\t\t\t\t<\/div>\n\t\t\t\t\t\t\t\t<\/div>\n\t\t\t\t<\/div>\n\t\t\t\t\t<\/div>\n\t\t<\/div>\n\t\t\t\t<div class=\"elementor-column elementor-col-25 elementor-top-column elementor-element elementor-element-3be5b65\" data-id=\"3be5b65\" data-element_type=\"column\" data-e-type=\"column\">\n\t\t\t<div class=\"elementor-widget-wrap elementor-element-populated\">\n\t\t\t\t\t\t<div class=\"elementor-element elementor-element-c95bd83 elementor-position-top elementor-widget elementor-widget-image-box\" data-id=\"c95bd83\" data-element_type=\"widget\" data-e-type=\"widget\" data-widget_type=\"image-box.default\">\n\t\t\t\t<div class=\"elementor-widget-container\">\n\t\t\t\t\t<div class=\"elementor-image-box-wrapper\"><figure class=\"elementor-image-box-img\"><a href=\"https:\/\/centresens.com\/es\/reflexologia-podal-a-vilafranca-del-penedes\/\" tabindex=\"-1\"><img decoding=\"async\" width=\"1600\" height=\"1067\" src=\"https:\/\/centresens.com\/wp-content\/uploads\/2024\/10\/reflexologia-podal-vilafranca-del-penedes.jpg\" class=\"attachment-full size-full wp-image-29\" alt=\"\" title=\"\" srcset=\"https:\/\/centresens.com\/wp-content\/uploads\/2024\/10\/reflexologia-podal-vilafranca-del-penedes.jpg 1600w, https:\/\/centresens.com\/wp-content\/uploads\/2024\/10\/reflexologia-podal-vilafranca-del-penedes-300x200.jpg 300w, https:\/\/centresens.com\/wp-content\/uploads\/2024\/10\/reflexologia-podal-vilafranca-del-penedes-1024x683.jpg 1024w, https:\/\/centresens.com\/wp-content\/uploads\/2024\/10\/reflexologia-podal-vilafranca-del-penedes-768x512.jpg 768w, https:\/\/centresens.com\/wp-content\/uploads\/2024\/10\/reflexologia-podal-vilafranca-del-penedes-1536x1024.jpg 1536w\" sizes=\"(max-width: 1600px) 100vw, 1600px\" \/><\/a><\/figure><div class=\"elementor-image-box-content\"><h2 class=\"elementor-image-box-title\"><a href=\"https:\/\/centresens.com\/es\/reflexologia-podal-a-vilafranca-del-penedes\/\">REFLEXOLOGIA PODAL<\/a><\/h2><p class=\"elementor-image-box-description\">Durant milers d\u2019anys aquesta ter\u00e0pia relaxant s\u2019ha fet servir per prevenir i curar dolences i per afavorir el benestar emocional.<\/p><\/div><\/div>\t\t\t\t<\/div>\n\t\t\t\t<\/div>\n\t\t\t\t<div class=\"elementor-element elementor-element-b0750aa elementor-align-center elementor-mobile-align-center elementor-widget elementor-widget-button\" data-id=\"b0750aa\" data-element_type=\"widget\" data-e-type=\"widget\" data-widget_type=\"button.default\">\n\t\t\t\t<div class=\"elementor-widget-container\">\n\t\t\t\t\t\t\t\t\t<div class=\"elementor-button-wrapper\">\n\t\t\t\t\t<a class=\"elementor-button elementor-button-link elementor-size-sm\" href=\"https:\/\/centresens.com\/es\/reflexologia-podal-a-vilafranca-del-penedes\/\">\n\t\t\t\t\t\t<span class=\"elementor-button-content-wrapper\">\n\t\t\t\t\t\t\t\t\t<span class=\"elementor-button-text\">M\u00e9s informaci\u00f3<\/span>\n\t\t\t\t\t<\/span>\n\t\t\t\t\t<\/a>\n\t\t\t\t<\/div>\n\t\t\t\t\t\t\t\t<\/div>\n\t\t\t\t<\/div>\n\t\t\t\t\t<\/div>\n\t\t<\/div>\n\t\t\t\t<div class=\"elementor-column elementor-col-25 elementor-top-column elementor-element elementor-element-5d9d835\" data-id=\"5d9d835\" data-element_type=\"column\" data-e-type=\"column\">\n\t\t\t<div class=\"elementor-widget-wrap elementor-element-populated\">\n\t\t\t\t\t\t<div class=\"elementor-element elementor-element-397d915 elementor-position-top elementor-widget elementor-widget-image-box\" data-id=\"397d915\" data-element_type=\"widget\" data-e-type=\"widget\" data-widget_type=\"image-box.default\">\n\t\t\t\t<div class=\"elementor-widget-container\">\n\t\t\t\t\t<div class=\"elementor-image-box-wrapper\"><figure class=\"elementor-image-box-img\"><a href=\"https:\/\/centresens.com\/es\/massatges-esportius-a-vilafranca-del-penedes\/\" tabindex=\"-1\"><img decoding=\"async\" src=\"https:\/\/centresens.com\/wp-content\/uploads\/elementor\/thumbs\/massatge-esportiu-vilafranca-del-penedes-qww9zvjy2uizyudfiegz9mysenjl1angr16bwa5cbc.png\" title=\"massatge esportiu vilafranca del penedes\" alt=\"massatge esportiu vilafranca del penedes\" loading=\"lazy\" \/><\/a><\/figure><div class=\"elementor-image-box-content\"><h2 class=\"elementor-image-box-title\"><a href=\"https:\/\/centresens.com\/es\/massatges-esportius-a-vilafranca-del-penedes\/\">MASSATGES ESPORTIUS<\/a><\/h2><p class=\"elementor-image-box-description\">Els nostres massatges ajuden a prevenir lesions, millorar el rendiment i accelerar la recuperaci\u00f3 muscular despr\u00e9s de l\u2019exercici.<\/p><\/div><\/div>\t\t\t\t<\/div>\n\t\t\t\t<\/div>\n\t\t\t\t<div class=\"elementor-element elementor-element-e7a2f02 elementor-align-center elementor-mobile-align-center elementor-widget elementor-widget-button\" data-id=\"e7a2f02\" data-element_type=\"widget\" data-e-type=\"widget\" data-widget_type=\"button.default\">\n\t\t\t\t<div class=\"elementor-widget-container\">\n\t\t\t\t\t\t\t\t\t<div class=\"elementor-button-wrapper\">\n\t\t\t\t\t<a class=\"elementor-button elementor-button-link elementor-size-sm\" href=\"https:\/\/centresens.com\/es\/massatges-esportius-a-vilafranca-del-penedes\/\">\n\t\t\t\t\t\t<span class=\"elementor-button-content-wrapper\">\n\t\t\t\t\t\t\t\t\t<span class=\"elementor-button-text\">M\u00e9s informaci\u00f3<\/span>\n\t\t\t\t\t<\/span>\n\t\t\t\t\t<\/a>\n\t\t\t\t<\/div>\n\t\t\t\t\t\t\t\t<\/div>\n\t\t\t\t<\/div>\n\t\t\t\t\t<\/div>\n\t\t<\/div>\n\t\t\t\t\t<\/div>\n\t\t<\/section>\n\t\t\t\t<\/div>","protected":false},"excerpt":{"rendered":"<p>Aqu\u00ed trobar\u00e0s tota la informaci\u00f3 sobre els nostres serveis i com et podem ajudar a sentir-te millor. Cada servei que oferim est\u00e0 pensat per oferir-te una atenci\u00f3 propera i personalitzada, adaptada a les teves necessitats. Nosaltres no creiem en els tractaments generals; ens agrada con\u00e8ixer-te, entendre el que necessites i oferir-te el millor per tu. [&hellip;]<\/p>","protected":false},"author":2,"featured_media":0,"parent":0,"menu_order":0,"comment_status":"closed","ping_status":"closed","template":"elementor_header_footer","meta":{"footnotes":""},"class_list":["post-179","page","type-page","status-publish","hentry"],"_links":{"self":[{"href":"https:\/\/centresens.com\/es\/wp-json\/wp\/v2\/pages\/179","targetHints":{"allow":["GET"]}}],"collection":[{"href":"https:\/\/centresens.com\/es\/wp-json\/wp\/v2\/pages"}],"about":[{"href":"https:\/\/centresens.com\/es\/wp-json\/wp\/v2\/types\/page"}],"author":[{"embeddable":true,"href":"https:\/\/centresens.com\/es\/wp-json\/wp\/v2\/users\/2"}],"replies":[{"embeddable":true,"href":"https:\/\/centresens.com\/es\/wp-json\/wp\/v2\/comments?post=179"}],"version-history":[{"count":5,"href":"https:\/\/centresens.com\/es\/wp-json\/wp\/v2\/pages\/179\/revisions"}],"predecessor-version":[{"id":552,"href":"https:\/\/centresens.com\/es\/wp-json\/wp\/v2\/pages\/179\/revisions\/552"}],"wp:attachment":[{"href":"https:\/\/centresens.com\/es\/wp-json\/wp\/v2\/media?parent=179"}],"curies":[{"name":"wp","href":"https:\/\/api.w.org\/{rel}","templated":true}]}}