{"id":118,"date":"2024-10-24T13:59:26","date_gmt":"2024-10-24T13:59:26","guid":{"rendered":"https:\/\/centresens.articagency.net\/?page_id=118"},"modified":"2024-10-24T13:59:26","modified_gmt":"2024-10-24T13:59:26","slug":"politica-de-cookies","status":"publish","type":"page","link":"https:\/\/centresens.com\/es\/politica-de-cookies\/","title":{"rendered":"Pol\u00edtica de Cookies"},"content":{"rendered":"<h5 class=\"wp-block-heading\">Qu\u00e8 s\u00f3n les cookies?<\/h5>\n\n\n\n<p>Aquesta Pol\u00edtica de Cookies explica qu\u00e8 s\u00f3n les cookies i com les utilitzem, els tipus de cookies que utilitzem, \u00e9s a dir, la informaci\u00f3 que recollim mitjan\u00e7ant les cookies i com es fa servir aquesta informaci\u00f3, i com gestionar la configuraci\u00f3 de les cookies.<\/p>\n\n\n\n<p>Les cookies s\u00f3n petits fitxers de text que s\u2019utilitzen per emmagatzemar petites quantitats d\u2019informaci\u00f3. S\u2019emmagatzemen al teu dispositiu quan el lloc web es carrega al teu navegador. Aquestes cookies ens ajuden a fer que el lloc web funcioni correctament, que sigui m\u00e9s segur, que ofereixi una millor experi\u00e8ncia d\u2019usuari, i a comprendre com funciona el lloc web i a analitzar qu\u00e8 funciona i on cal millorar.<\/p>\n\n\n\n<h5 class=\"wp-block-heading\">Com utilitzem les cookies?<\/h5>\n\n\n\n<p>Com la majoria dels serveis en l\u00ednia, el nostre lloc web utilitza cookies de primera i de tercers per diverses finalitats. Les cookies de primera part s\u00f3n principalment necess\u00e0ries perqu\u00e8 el lloc web funcioni correctament, i no recullen cap dada identificable personalment.<\/p>\n\n\n\n<p>Les cookies de tercers que s\u2019utilitzen al nostre lloc web s\u00f3n principalment per entendre com funciona el lloc web, com interactues amb ell, mantenir els nostres serveis segurs, oferir anuncis que siguin rellevants per a tu, i en general, proporcionar-te una millor i millorada experi\u00e8ncia d\u2019usuari, i ajudar a accelerar les teves futures interaccions amb el lloc web.<\/p>\n\n\n\n<h5 class=\"wp-block-heading\">Pol\u00edtica de cookies<\/h5>\n\n\n\n<style>\n    a.cky-banner-element {\n        padding: 8px 30px;\n        background: #F8F9FA;\n        color: #858A8F;\n        border: 1px solid #DEE2E6;\n        box-sizing: border-box;\n        border-radius: 2px;\n        cursor: pointer;\n}\n<\/style>\n\n\n&nbsp;\n    <h5>Pol\u00edtica de cookies<\/h5>\n\n    <div class=\"cky-audit-table-element\"><\/div>\n\n&nbsp;\n    <h5 style=\"margin-bottom:20px;\">Gestionar les prefer\u00e8ncies de cookies<\/h5>\n\n    <a class=\"cky-banner-element\">Configuraci\u00f3 de Cookies<\/a> <br\/>\n\n    <div><p>Pots canviar les teves prefer\u00e8ncies de cookies en qualsevol moment fent clic al bot\u00f3 anterior. Aix\u00f2 et permetr\u00e0 tornar a veure el banner de consentiment de cookies i canviar les teves prefer\u00e8ncies o retirar el teu consentiment immediatament.<\/p> <p>A m\u00e9s d&#8217;aix\u00f2, diferents navegadors ofereixen diferents m\u00e8todes per bloquejar i eliminar les cookies utilitzades pels llocs web. Pots canviar la configuraci\u00f3 del teu navegador per bloquejar\/eliminar les cookies. A continuaci\u00f3 s&#8217;enllacen els documents de suport sobre com gestionar i eliminar cookies dels navegadors principals.<\/p> <p>Chrome: <a target=\"_blank\" href=\"https:\/\/support.google.com\/accounts\/answer\/32050\" rel=\"noopener\">https:\/\/support.google.com\/accounts\/answer\/32050<\/a><\/p><p>Safari: <a target=\"_blank\" href=\"https:\/\/support.apple.com\/en-in\/guide\/safari\/sfri11471\/mac\" rel=\"noopener\">https:\/\/support.apple.com\/en-in\/guide\/safari\/sfri11471\/mac<\/a><\/p><p>Firefox: <a target=\"_blank\" href=\"https:\/\/support.mozilla.org\/en-US\/kb\/clear-cookies-and-site-data-firefox?redirectslug=delete-cookies-remove-info-websites-stored&amp;redirectlocale=en-US\" rel=\"noopener\">https:\/\/support.mozilla.org\/en-US\/kb\/clear-cookies-and-site-data-firefox?redirectslug=delete-cookies-remove-info-websites-stored&amp;redirectlocale=en-US<\/a><\/p><p>Internet Explorer: <a target=\"_blank\" href=\"https:\/\/support.microsoft.com\/en-us\/topic\/how-to-delete-cookie-files-in-internet-explorer-bca9446f-d873-78de-77ba-d42645fa52fc\" rel=\"noopener\">https:\/\/support.microsoft.com\/en-us\/topic\/how-to-delete-cookie-files-in-internet-explorer-bca9446f-d873-78de-77ba-d42645fa52fc<\/a><\/p><p>Si est\u00e0s utilitzant qualsevol altre navegador, consulta la documentaci\u00f3 oficial del teu navegador.<\/p><\/div>\n\n&nbsp;","protected":false},"excerpt":{"rendered":"<p>Qu\u00e8 s\u00f3n les cookies? Aquesta Pol\u00edtica de Cookies explica qu\u00e8 s\u00f3n les cookies i com les utilitzem, els tipus de cookies que utilitzem, \u00e9s a dir, la informaci\u00f3 que recollim mitjan\u00e7ant les cookies i com es fa servir aquesta informaci\u00f3, i com gestionar la configuraci\u00f3 de les cookies. Les cookies s\u00f3n petits fitxers de text [&hellip;]<\/p>","protected":false},"author":2,"featured_media":0,"parent":0,"menu_order":0,"comment_status":"closed","ping_status":"closed","template":"","meta":{"footnotes":""},"class_list":["post-118","page","type-page","status-publish","hentry"],"_links":{"self":[{"href":"https:\/\/centresens.com\/es\/wp-json\/wp\/v2\/pages\/118","targetHints":{"allow":["GET"]}}],"collection":[{"href":"https:\/\/centresens.com\/es\/wp-json\/wp\/v2\/pages"}],"about":[{"href":"https:\/\/centresens.com\/es\/wp-json\/wp\/v2\/types\/page"}],"author":[{"embeddable":true,"href":"https:\/\/centresens.com\/es\/wp-json\/wp\/v2\/users\/2"}],"replies":[{"embeddable":true,"href":"https:\/\/centresens.com\/es\/wp-json\/wp\/v2\/comments?post=118"}],"version-history":[{"count":1,"href":"https:\/\/centresens.com\/es\/wp-json\/wp\/v2\/pages\/118\/revisions"}],"predecessor-version":[{"id":119,"href":"https:\/\/centresens.com\/es\/wp-json\/wp\/v2\/pages\/118\/revisions\/119"}],"wp:attachment":[{"href":"https:\/\/centresens.com\/es\/wp-json\/wp\/v2\/media?parent=118"}],"curies":[{"name":"wp","href":"https:\/\/api.w.org\/{rel}","templated":true}]}}