{"id":115,"date":"2024-10-24T13:52:31","date_gmt":"2024-10-24T13:52:31","guid":{"rendered":"https:\/\/centresens.articagency.net\/?page_id=115"},"modified":"2024-10-24T13:52:31","modified_gmt":"2024-10-24T13:52:31","slug":"politica-de-privacitat","status":"publish","type":"page","link":"https:\/\/centresens.com\/es\/politica-de-privacitat\/","title":{"rendered":"Pol\u00edtica de Privacitat"},"content":{"rendered":"<p>La present Pol\u00edtica de Privacitat constitueix juntament amb les Normes de participaci\u00f3 i l\u2019av\u00eds legal el marc jur\u00eddic que regula l\u2019\u00fas del lloc web\u00a0<strong>www.centresens.com<\/strong>. La present Pol\u00edtica de Privacitat en concret regula l\u2019\u00fas i tractament que L\u2019EMPRESA d\u00f3na a les vostres dades de car\u00e0cter personal com a usuari del Lloc web, ja que en accedir a aquesta p\u00e0gina web passeu a tenir la condici\u00f3 d\u2019usuari d\u2019aquest web (en endavant, l\u2019\u201cUsuari\u201d).<\/p>\n\n\n\n<p><strong>El present lloc web \u00e9s titularitat de:<\/strong><\/p>\n\n\n\n<p>JORDI OLLER RECASENS, amb domicili social a C\/Eugeni D&#8217;Ors, 33 baixos A<br>08720 Vilafranca del Pened\u00e8s (Barcelona) i DNI: 46632742N, d\u2019ara en endavant l\u2019EMPRESA.<\/p>\n\n\n\n<p>Al Lloc Web trobareu a la vostra disposici\u00f3 la present Pol\u00edtica de Privacitat en catal\u00e0 perqu\u00e8 la pugueu consultar, arxivar o imprimir en qualsevol moment. \u00c9s possible que vari\u00ef amb el temps com a conseq\u00fc\u00e8ncia de canvis al Lloc Web, novetats legislatives o jurisprudencials o perqu\u00e8 sorgeixin criteris nous de l\u2019Ag\u00e8ncia Espanyola de Protecci\u00f3 de Dades o la nova normativa europea ens obligui a fer futures modificacions. Per aix\u00f2, l\u2019EMPRESA es reserva el dret a modificar la present Pol\u00edtica de Privacitat i recomana llegir detingudament la Pol\u00edtica de Privacitat sempre que s\u2019accedeixi al Lloc Web.<\/p>\n\n\n\n<p><strong>Confidencialitat<\/strong><br>L\u2019EMPRESA es compromet a complir la seva obligaci\u00f3 de secret de les dades de car\u00e0cter personal i el deure de guardar-les de forma confidencial i adopta les mesures necess\u00e0ries per evitar-ne l\u2019alteraci\u00f3, p\u00e8rdua, tractament o acc\u00e9s no autoritzat, tenint en compte en tot moment l\u2019estat de la tecnologia.<\/p>\n\n\n\n<p><strong>Seguretat de les dades<br><\/strong>L\u2019EMPRESA&nbsp;garanteix l\u2019adopci\u00f3 de les mesures oportunes per assegurar el tractament confidencial d\u2019aquestes dades. Per aix\u00f2, ha implantat totes les mesures de seguretat t\u00e8cniques i organitzatives necess\u00e0ries que garanteixin la integritat, confidencialitat i disponibilitat de les dades personals facilitades per l\u2019usuari, en particular les estipulades en el RGDP (Reglament General de la Protecci\u00f3 de Dades \u2013 UE 2016\/679, del 27 d\u2019abril), que ha ampliat l\u2019abast de la Llei Org\u00e0nica 15\/1999, de 13 de desembre, de Protecci\u00f3 de Dades de Car\u00e0cter Personal (LOPD) i el seu Reglament de Desplegament RD 1720\/2007.<\/p>\n\n\n\n<p><strong>Protecci\u00f3 de dades de car\u00e0cter personal<br><\/strong>Les dades personals facilitades volunt\u00e0riament seran tractades de manera confidencial, sota la protecci\u00f3 i les especificacions contingudes en el reglament vigent, i es recolliran en fitxer degudament inscrit a l\u2019Ag\u00e8ncia de Protecci\u00f3 de Dades, el responsable del qual \u00e9s L\u2019EMPRESA, i la finalitat del qual \u00e9s la gesti\u00f3 dels usuaris i subscriptors, aix\u00ed com la venda en l\u00ednia de productes i la resoluci\u00f3 de consultes.<\/p>\n\n\n\n<p>La base legal per al tractament de dades \u00e9s el consentiment del subscriptor. Tractem les dades personals dels inscrits al butllet\u00ed amb la finalitat exclusiva d\u2019enviar-los la nostra newsletter. Tractem les dades personals dels usuaris registrats i els subscriptors de pagament amb l\u2019\u00fanica finalitat de gestionar la seva vinculaci\u00f3 amb L\u2019EMPRESA&nbsp;el cobrament de les quotes (si s\u2019escau), l\u2019organitzaci\u00f3 d\u2019activitats i campanyes i l\u2019enviament de comunicacions informatives i comercials (tamb\u00e9 per via electr\u00f2nica).<\/p>\n\n\n\n<p>Les dades personals no se cediran a tercers (a excepci\u00f3 d\u2019obligaci\u00f3 legal) i es conservaran durant el termini de sis (6) anys de conformitat amb la normativa comptable vigent i, si s\u2019escau, durant deu (10) segons la normativa de prevenci\u00f3 de blanqueig de capitals.<\/p>\n\n\n\n<p>L\u2019usuari pot accedir a les dades personals, aix\u00ed com sol\u00b7licitar la rectificaci\u00f3 de les dades inexactes o, si escau, sol\u00b7licitar la cancel\u00b7laci\u00f3 o supressi\u00f3 quan les dades ja no siguin necess\u00e0ries per a les finalitats que van ser recollides. Tamb\u00e9 podr\u00e0 sol\u00b7licitar la limitaci\u00f3, portabilitat i oposici\u00f3 del tractament de les seves dades, en determinades circumst\u00e0ncies i per motius relacionats amb la seva situaci\u00f3 particular.<\/p>\n\n\n\n<p>Podr\u00e0 revocar el consentiment a l\u2019enviament de comunicacions comercials i exercir els drets referits anteriorment, mitjan\u00e7ant l\u2019enviament d\u2019un correu electr\u00f2nic a\u00a0<strong>info@centresens.com<\/strong>\u00a0o adre\u00e7ant-se per correu ordinari al responsable del fitxer ubicat a l\u2019adre\u00e7a social de\u00a0L\u2019EMPRESA,\u00a0en tots dos casos amb la refer\u00e8ncia: \u201cProtecci\u00f3 de Dades\u201d, a trav\u00e9s d\u2019un escrit signat a l\u2019efecte i adjuntant c\u00f2pia del seu DNI.<\/p>\n\n\n\n<p><strong>Informaci\u00f3 sobre cookies<br><\/strong>La web utilitza galetes (\u2018cookies\u2019) en la navegaci\u00f3 de l\u2019usuari pels seus llocs web per facilitar la personalitzaci\u00f3 i la comoditat de la navegaci\u00f3.<\/p>\n\n\n\n<p>Una galeta \u00e9s un fragment d\u2019informaci\u00f3 enviat des d\u2019un servidor de p\u00e0gines web a un navegador que pot \u00e9sser retornada pel navegador en posteriors accessos a aquest servidor. Les \u2018cookies\u2019 s\u2019associen a l\u2019usuari an\u00f2nim i al seu ordinador i no proporcionen per si mateixes ni el nom ni els cognoms de l\u2019usuari.<\/p>\n\n\n\n<p>En aquest web s\u2019utilitzen cookies de Google per mostrar anuncis publicitaris basats en anteriors visites al web o a d\u2019altres webs que tamb\u00e9 mostren anuncis de Google. Els usuaris poden optar per no admetre el seguiment mitjan\u00e7ant cookies de publicitat accedint a: https:\/\/www.google.com\/settings\/ads<\/p>\n\n\n\n<p><strong>Tipus de cookies<br><\/strong>Cookies de Registre: Per a identificar l\u2019usuari que ha iniciat sessi\u00f3.<br>Cookies de Publicitat: Per a poder oferir continguts publicitaris relacionats amb els interessos de l\u2019usuari, ja sigui directament o a trav\u00e9s de tercers anomentats Adservers<br>Cookies Anal\u00edtiques: Per obtenir informaci\u00f3 relacionada amb el mesurament de l\u2019audi\u00e8ncia.<br>Cookies sobre Geo-localitzaci\u00f3: Donen informaci\u00f3 sobre la ubicaci\u00f3 geogr\u00e0fica de l\u2019usuari.<br>L\u2019usuari t\u00e9 la possibilitat de configurar el seu navegador de manera que sigui informat de la recepci\u00f3 de \u2018cookies\u2019, amb la possibilitat, si ho desitja, d\u2019impedir que s\u2019instal\u00b7lin al seu disc dur. No obstant aix\u00f2, per a accedir a la web no \u00e9s preceptiva la instal\u00b7laci\u00f3 de \u2018cookies\u2019.<\/p>\n\n\n\n<p>Segons el tipus de navegador que utilitzi l\u2019usuari pot deshabilitar l\u2019\u00fas de les cookies a :<\/p>\n\n\n\n<p>Chrome: Configuraci\u00f3 &gt; Configuraci\u00f3 avan\u00e7ada &gt; Privadesa i seguretat &gt; Configuraci\u00f3 del contingut<br>Firefox: Opcions &gt; Privadesa i seguretat<br>Edge: Configuraci\u00f3 &gt; Configuraci\u00f3 avan\u00e7ada &gt; Privadesa i serveis<br>Safari: Prefer\u00e8ncies &gt; Privadesa<\/p>\n\n\n\n<p><strong>LSSICE<\/strong><br>Aix\u00ed mateix, informem que no fem servir aquestes dades per enviar comunicacions comercials per correu electr\u00f2nic no sol\u00b7licitades o no autoritzades expressament i pr\u00e8viament per l\u2019interessat, segons el que estipula la LSSICE.<\/p>\n\n\n\n<p><strong>Comunicacions<\/strong><br>Per efectuar qualsevol notificaci\u00f3 en relaci\u00f3 amb el present contracte, l\u2019EMPRESA designa expressament com a domicili el que figura en el present text i l\u2019usuari designa expressament com a domicili el que figuri en el formulari de sol\u00b7licitud. Per portar a terme la contractaci\u00f3, s\u2019obliga a mantenir operativa, activa i actualitzada l\u2019adre\u00e7a de correu electr\u00f2nic (e-mail) proporcionada per a les comunicacions amb l\u2019EMPRESA, ja que constitueix el mitj\u00e0 de comunicaci\u00f3 preferent (encara que no l\u2019\u00fanic). En general l\u2019usuari es compromet i obliga a tenir actualitzats de manera permanent les seves dades personals i de contacte; i ha de comunicar, de forma fefaent, qualsevol canvi. La falta de la dita comunicaci\u00f3 implica que es consideraran v\u00e0lides les notificacions efectuades en l\u2019adre\u00e7a que constava en el formulari.<\/p>\n\n\n\n<p><strong>Nul\u00b7litat i inefic\u00e0cia de les cl\u00e0usules<br><\/strong>Si qualsevol cl\u00e0usula de la present Pol\u00edtica de Privacitat juntament amb la Pol\u00edtica de Privacitat i la Pol\u00edtica de Cookies fos declarada totalment o parcialment nul\u00b7la o inefica\u00e7, afectar\u00e0 tan sols a la dita disposici\u00f3 o part de la mateixa que resulti nul\u00b7la o inefica\u00e7, subsistint en tota la resta la resta de condicions generals i tenint-se tal disposici\u00f3 o la part de la mateixa que resulti afectada per no posada, tret que, si result\u00e9s essencial a les presents condicions generals, hagu\u00e9s d\u2019afectar-les de forma integral.<\/p>\n\n\n\n<p><strong>Llei aplicable i jurisdicci\u00f3<br><\/strong>Per a la resoluci\u00f3 de totes les controv\u00e8rsies o q\u00fcestions relacionades amb el present lloc web o de les activitats que s\u2019hi desenvolupen, s\u2019aplica la legislaci\u00f3 espanyola en tots els casos, a la qual se sotmeten expressament les parts. El mer fet de la utilitzaci\u00f3 dels serveis aquest lloc web pressuposa l\u2019acceptaci\u00f3 expressa de la dita acceptaci\u00f3 de la jurisdicci\u00f3 espanyola.<\/p>\n\n\n\n<p>Aix\u00ed mateix, i amb l\u2019excepci\u00f3 del que s\u2019expressa en el par\u00e0graf seg\u00fcent, les parts que hi intervenen acorden que tot litigi, discrep\u00e0ncia, q\u00fcesti\u00f3 o reclamaci\u00f3 resultant de l\u2019execuci\u00f3 o interpretaci\u00f3 de les presents condicions o relacionat, o d\u2019altres textos que pogu\u00e9s haver-hi al lloc web, es resoldran definitivament mitjan\u00e7ant sotmetiment als Jutjats i Tribunals de Barcelona amb ren\u00fancia expressa a qualsevol altre fur o demarcaci\u00f3 jurisdiccional que pogu\u00e9s resultar competent.<\/p>\n\n\n\n<p>El par\u00e0graf anterior no s\u2019aplica en el cas que una de les parts sigui un consumidor o usuari segons la definici\u00f3 de la normativa de protecci\u00f3 dels Consumidors i Usuaris (Reial Decret Legislatiu 1\/2007, de 16 de novembre, pel qual s\u2019aprova el text ref\u00f3s de la Llei General per a la Defensa dels Consumidors i Usuaris i altres lleis complement\u00e0ries), en aquest cas, (i per a un conflicte relacionat i emparat per la Llei) s\u2019aplicaria preferent el lloc designat en la dita legislaci\u00f3.<\/p>","protected":false},"excerpt":{"rendered":"<p>La present Pol\u00edtica de Privacitat constitueix juntament amb les Normes de participaci\u00f3 i l\u2019av\u00eds legal el marc jur\u00eddic que regula l\u2019\u00fas del lloc web\u00a0www.centresens.com. La present Pol\u00edtica de Privacitat en concret regula l\u2019\u00fas i tractament que L\u2019EMPRESA d\u00f3na a les vostres dades de car\u00e0cter personal com a usuari del Lloc web, ja que en accedir [&hellip;]<\/p>","protected":false},"author":2,"featured_media":0,"parent":0,"menu_order":0,"comment_status":"closed","ping_status":"closed","template":"","meta":{"footnotes":""},"class_list":["post-115","page","type-page","status-publish","hentry"],"_links":{"self":[{"href":"https:\/\/centresens.com\/es\/wp-json\/wp\/v2\/pages\/115","targetHints":{"allow":["GET"]}}],"collection":[{"href":"https:\/\/centresens.com\/es\/wp-json\/wp\/v2\/pages"}],"about":[{"href":"https:\/\/centresens.com\/es\/wp-json\/wp\/v2\/types\/page"}],"author":[{"embeddable":true,"href":"https:\/\/centresens.com\/es\/wp-json\/wp\/v2\/users\/2"}],"replies":[{"embeddable":true,"href":"https:\/\/centresens.com\/es\/wp-json\/wp\/v2\/comments?post=115"}],"version-history":[{"count":1,"href":"https:\/\/centresens.com\/es\/wp-json\/wp\/v2\/pages\/115\/revisions"}],"predecessor-version":[{"id":116,"href":"https:\/\/centresens.com\/es\/wp-json\/wp\/v2\/pages\/115\/revisions\/116"}],"wp:attachment":[{"href":"https:\/\/centresens.com\/es\/wp-json\/wp\/v2\/media?parent=115"}],"curies":[{"name":"wp","href":"https:\/\/api.w.org\/{rel}","templated":true}]}}